{"id":17744,"date":"2024-03-08T12:29:23","date_gmt":"2024-03-08T11:29:23","guid":{"rendered":"https:\/\/www.lyntia.com\/?page_id=17744"},"modified":"2024-04-08T14:19:48","modified_gmt":"2024-04-08T13:19:48","slug":"faq","status":"publish","type":"page","link":"https:\/\/www.lyntia.com\/pt-pt\/faq\/","title":{"rendered":"FAQ"},"content":{"rendered":"<div class=\"wpb-content-wrapper\"><p>[vc_row css_animation=&#8221;&#8221; row_type=&#8221;row&#8221; use_row_as_full_screen_section=&#8221;no&#8221; type=&#8221;full_width&#8221; angled_section=&#8221;no&#8221; text_align=&#8221;left&#8221; background_image_as_pattern=&#8221;without_pattern&#8221; css=&#8221;.vc_custom_1560153587281{padding-top: 50px !important;padding-right: 30px !important;padding-bottom: 50px !important;padding-left: 30px !important;}&#8221; z_index=&#8221;&#8221;][vc_column][vc_column_text css=&#8221;.vc_custom_1561032026694{padding-right: 50px !important;}&#8221;]<\/p>\n<h4><span style=\"color: #3b0249;\"><strong>Quem \u00e9 a Lyntia? <\/strong><\/span><\/h4>\n<p><span style=\"color: #3b0249;\">A Lyntia \u00e9 o operador neutro de refer\u00eancia no mercado grossista de telecomunica\u00e7\u00f5es em Espanha, que torna as comunica\u00e7\u00f5es poss\u00edveis, simples e seguras, atrav\u00e9s das suas solu\u00e7\u00f5es de fibra \u00f3tica.<\/span><\/p>\n<p>&nbsp;<\/p>\n<h4><span style=\"color: #3b0249;\"><strong>O que \u00e9 a fibra \u00f3tica?<\/strong><\/span><\/h4>\n<p><span style=\"color: #3b0249;\">A <strong>fibra \u00f3ptica<\/strong> \u00e9 um sistema de transmiss\u00e3o de informa\u00e7\u00e3o. Normalmente, \u00e9 constitu\u00edda por um conjunto de filamentos de vidro. E transporta as mensagens sob a forma de feixes de luz que atravessam os filamentos sem interrup\u00e7\u00e3o.<\/span><\/p>\n<p><span style=\"color: #3b0249;\"><strong>\u00a0<\/strong><\/span><\/p>\n<h4><span style=\"color: #3b0249;\"><strong>Porqu\u00ea a fibra \u00f3tica nas telecomunica\u00e7\u00f5es?<\/strong><\/span><\/h4>\n<p><span style=\"color: #3b0249;\">A fibra \u00f3tica \u00e9 perfeita para as telecomunica\u00e7\u00f5es e as redes inform\u00e1ticas, porque \u00e9 flex\u00edvel e pode ser agrupada em cabos. Tem muitas vantagens em rela\u00e7\u00e3o aos cabos met\u00e1licos, porque os sinais viajam ao longo da mesma com muito menos perdas. \u00a0<\/span><\/p>\n<p><span style=\"color: #3b0249;\">Uma \u00fanica fibra \u00f3tica pode transportar mais de 3 000 000 de chamadas de voz <em>full-duplex<\/em> ou 90 000 canais de televis\u00e3o.<\/span><\/p>\n<p>&nbsp;<\/p>\n<h4><span style=\"color: #3b0249;\"><strong>Quantos quil\u00f3metros de fibra \u00f3tica tem a Lyntia? <\/strong><\/span><\/h4>\n<p><span style=\"color: #3b0249;\">A Lyntia oferece servi\u00e7os de conectividade por fibra \u00f3tica, com uma ampla cobertura de rede e uma enorme capilaridade: mais de 18 350 km de fibra \u00f3tica implantada.<\/span><\/p>\n<p><span style=\"color: #3b0249;\">Tamb\u00e9m dispomos de interliga\u00e7\u00f5es a Fran\u00e7a, Portugal, Frankfurt, NI, etc., bem como aos principais pontos de amarra\u00e7\u00e3o de cabos submarinos na Pen\u00ednsula Ib\u00e9rica.<\/span><\/p>\n<p>&nbsp;<\/p>\n<h4><span style=\"color: #3b0249;\"><strong>Somos uma empresa demasiado pequena para a Lyntia? <\/strong><\/span><\/h4>\n<p><span style=\"color: #3b0249;\">De modo algum. A Lyntia oferece os seus servi\u00e7os para se adaptar a qualquer empresa.<\/span><\/p>\n<p><span style=\"color: #3b0249;\"><strong>\u00a0<\/strong><\/span><\/p>\n<h4><span style=\"color: #3b0249;\"><strong>A Lyntia tem cobertura fora de Espanha?<\/strong><\/span><\/h4>\n<p><span style=\"color: #3b0249;\">A Lyntia tem a capacidade para ligar cidades e pa\u00edses de todo o mundo, atrav\u00e9s de circuitos de fibra \u00f3tica pr\u00f3prios ou externos.<\/span><\/p>\n<p><span style=\"color: #3b0249;\"><strong>\u00a0<\/strong><\/span><\/p>\n<h4><span style=\"color: #3b0249;\"><strong>Como iniciar uma rela\u00e7\u00e3o comercial com a Lyntia?\u00a0 <\/strong><\/span><\/h4>\n<p><span style=\"color: #3b0249;\">Pode contactar-nos por <em>e-mail<\/em> ou atrav\u00e9s de um dos nossos formul\u00e1rios de contacto neste <em>site<\/em>. A partir da\u00ed, marcamos uma reuni\u00e3o para conhecer em profundidade as necessidades da sua empresa e oferecer-lhe as melhores solu\u00e7\u00f5es. \u00a0<\/span>[\/vc_column_text][\/vc_column][\/vc_row]<\/p>\n<\/div>","protected":false},"excerpt":{"rendered":"<p>[vc_row css_animation=&#8221;&#8221; row_type=&#8221;row&#8221; use_row_as_full_screen_section=&#8221;no&#8221; type=&#8221;full_width&#8221; angled_section=&#8221;no&#8221; text_align=&#8221;left&#8221; background_image_as_pattern=&#8221;without_pattern&#8221; css=&#8221;.vc_custom_1560153587281{padding-top: 50px !important;padding-right: 30px !important;padding-bottom: 50px !important;padding-left: 30px !important;}&#8221; z_index=&#8221;&#8221;][vc_column][vc_column_text css=&#8221;.vc_custom_1561032026694{padding-right: 50px !important;}&#8221;] Quem \u00e9 a Lyntia? A Lyntia \u00e9 o operador neutro de refer\u00eancia no mercado grossista de telecomunica\u00e7\u00f5es em Espanha, que torna as comunica\u00e7\u00f5es poss\u00edveis, simples e seguras, atrav\u00e9s das suas solu\u00e7\u00f5es de fibra \u00f3tica&#8230;.<\/p>\n","protected":false},"author":6,"featured_media":0,"parent":0,"menu_order":0,"comment_status":"closed","ping_status":"closed","template":"","meta":{"content-type":"","footnotes":""},"class_list":["post-17744","page","type-page","status-publish","hentry"],"yoast_head":"<!-- This site is optimized with the Yoast SEO plugin v27.3 - https:\/\/yoast.com\/product\/yoast-seo-wordpress\/ -->\n<title>FAQ - lyntia<\/title>\n<meta name=\"robots\" content=\"index, follow, max-snippet:-1, max-image-preview:large, max-video-preview:-1\" \/>\n<link rel=\"canonical\" href=\"https:\/\/www.lyntia.com\/pt-pt\/faq\/\" \/>\n<meta property=\"og:locale\" content=\"pt_PT\" \/>\n<meta property=\"og:type\" content=\"article\" \/>\n<meta property=\"og:title\" content=\"FAQ - lyntia\" \/>\n<meta property=\"og:description\" content=\"[vc_row css_animation=&#8221;&#8221; row_type=&#8221;row&#8221; use_row_as_full_screen_section=&#8221;no&#8221; type=&#8221;full_width&#8221; angled_section=&#8221;no&#8221; text_align=&#8221;left&#8221; background_image_as_pattern=&#8221;without_pattern&#8221; css=&#8221;.vc_custom_1560153587281{padding-top: 50px !important;padding-right: 30px !important;padding-bottom: 50px !important;padding-left: 30px !important;}&#8221; z_index=&#8221;&#8221;][vc_column][vc_column_text css=&#8221;.vc_custom_1561032026694{padding-right: 50px !important;}&#8221;] Quem \u00e9 a Lyntia? A Lyntia \u00e9 o operador neutro de refer\u00eancia no mercado grossista de telecomunica\u00e7\u00f5es em Espanha, que torna as comunica\u00e7\u00f5es poss\u00edveis, simples e seguras, atrav\u00e9s das suas solu\u00e7\u00f5es de fibra \u00f3tica....\" \/>\n<meta property=\"og:url\" content=\"https:\/\/www.lyntia.com\/pt-pt\/faq\/\" \/>\n<meta property=\"og:site_name\" content=\"lyntia\" \/>\n<meta property=\"article:modified_time\" content=\"2024-04-08T13:19:48+00:00\" \/>\n<meta name=\"twitter:card\" content=\"summary_large_image\" \/>\n<meta name=\"twitter:label1\" content=\"Tempo estimado de leitura\" \/>\n\t<meta name=\"twitter:data1\" content=\"2 minutos\" \/>\n<script type=\"application\/ld+json\" class=\"yoast-schema-graph\">{\"@context\":\"https:\\\/\\\/schema.org\",\"@graph\":[{\"@type\":\"WebPage\",\"@id\":\"https:\\\/\\\/www.lyntia.com\\\/pt-pt\\\/faq\\\/\",\"url\":\"https:\\\/\\\/www.lyntia.com\\\/pt-pt\\\/faq\\\/\",\"name\":\"FAQ - lyntia\",\"isPartOf\":{\"@id\":\"https:\\\/\\\/www.lyntia.com\\\/#website\"},\"datePublished\":\"2024-03-08T11:29:23+00:00\",\"dateModified\":\"2024-04-08T13:19:48+00:00\",\"breadcrumb\":{\"@id\":\"https:\\\/\\\/www.lyntia.com\\\/pt-pt\\\/faq\\\/#breadcrumb\"},\"inLanguage\":\"pt-PT\",\"potentialAction\":[{\"@type\":\"ReadAction\",\"target\":[\"https:\\\/\\\/www.lyntia.com\\\/pt-pt\\\/faq\\\/\"]}]},{\"@type\":\"BreadcrumbList\",\"@id\":\"https:\\\/\\\/www.lyntia.com\\\/pt-pt\\\/faq\\\/#breadcrumb\",\"itemListElement\":[{\"@type\":\"ListItem\",\"position\":1,\"name\":\"Home\",\"item\":\"https:\\\/\\\/www.lyntia.com\\\/pt-pt\\\/\"},{\"@type\":\"ListItem\",\"position\":2,\"name\":\"FAQ\"}]},{\"@type\":\"WebSite\",\"@id\":\"https:\\\/\\\/www.lyntia.com\\\/#website\",\"url\":\"https:\\\/\\\/www.lyntia.com\\\/\",\"name\":\"lyntia\",\"description\":\"A Digital Company\",\"potentialAction\":[{\"@type\":\"SearchAction\",\"target\":{\"@type\":\"EntryPoint\",\"urlTemplate\":\"https:\\\/\\\/www.lyntia.com\\\/?s={search_term_string}\"},\"query-input\":{\"@type\":\"PropertyValueSpecification\",\"valueRequired\":true,\"valueName\":\"search_term_string\"}}],\"inLanguage\":\"pt-PT\"}]}<\/script>\n<!-- \/ Yoast SEO plugin. -->","yoast_head_json":{"title":"FAQ - lyntia","robots":{"index":"index","follow":"follow","max-snippet":"max-snippet:-1","max-image-preview":"max-image-preview:large","max-video-preview":"max-video-preview:-1"},"canonical":"https:\/\/www.lyntia.com\/pt-pt\/faq\/","og_locale":"pt_PT","og_type":"article","og_title":"FAQ - lyntia","og_description":"[vc_row css_animation=&#8221;&#8221; row_type=&#8221;row&#8221; use_row_as_full_screen_section=&#8221;no&#8221; type=&#8221;full_width&#8221; angled_section=&#8221;no&#8221; text_align=&#8221;left&#8221; background_image_as_pattern=&#8221;without_pattern&#8221; css=&#8221;.vc_custom_1560153587281{padding-top: 50px !important;padding-right: 30px !important;padding-bottom: 50px !important;padding-left: 30px !important;}&#8221; z_index=&#8221;&#8221;][vc_column][vc_column_text css=&#8221;.vc_custom_1561032026694{padding-right: 50px !important;}&#8221;] Quem \u00e9 a Lyntia? A Lyntia \u00e9 o operador neutro de refer\u00eancia no mercado grossista de telecomunica\u00e7\u00f5es em Espanha, que torna as comunica\u00e7\u00f5es poss\u00edveis, simples e seguras, atrav\u00e9s das suas solu\u00e7\u00f5es de fibra \u00f3tica....","og_url":"https:\/\/www.lyntia.com\/pt-pt\/faq\/","og_site_name":"lyntia","article_modified_time":"2024-04-08T13:19:48+00:00","twitter_card":"summary_large_image","twitter_misc":{"Tempo estimado de leitura":"2 minutos"},"schema":{"@context":"https:\/\/schema.org","@graph":[{"@type":"WebPage","@id":"https:\/\/www.lyntia.com\/pt-pt\/faq\/","url":"https:\/\/www.lyntia.com\/pt-pt\/faq\/","name":"FAQ - lyntia","isPartOf":{"@id":"https:\/\/www.lyntia.com\/#website"},"datePublished":"2024-03-08T11:29:23+00:00","dateModified":"2024-04-08T13:19:48+00:00","breadcrumb":{"@id":"https:\/\/www.lyntia.com\/pt-pt\/faq\/#breadcrumb"},"inLanguage":"pt-PT","potentialAction":[{"@type":"ReadAction","target":["https:\/\/www.lyntia.com\/pt-pt\/faq\/"]}]},{"@type":"BreadcrumbList","@id":"https:\/\/www.lyntia.com\/pt-pt\/faq\/#breadcrumb","itemListElement":[{"@type":"ListItem","position":1,"name":"Home","item":"https:\/\/www.lyntia.com\/pt-pt\/"},{"@type":"ListItem","position":2,"name":"FAQ"}]},{"@type":"WebSite","@id":"https:\/\/www.lyntia.com\/#website","url":"https:\/\/www.lyntia.com\/","name":"lyntia","description":"A Digital Company","potentialAction":[{"@type":"SearchAction","target":{"@type":"EntryPoint","urlTemplate":"https:\/\/www.lyntia.com\/?s={search_term_string}"},"query-input":{"@type":"PropertyValueSpecification","valueRequired":true,"valueName":"search_term_string"}}],"inLanguage":"pt-PT"}]}},"rttpg_featured_image_url":null,"rttpg_author":{"display_name":"spane","author_link":"https:\/\/www.lyntia.com\/pt-pt\/author\/spane\/"},"rttpg_comment":0,"rttpg_category":false,"rttpg_excerpt":"[vc_row css_animation=&#8221;&#8221; row_type=&#8221;row&#8221; use_row_as_full_screen_section=&#8221;no&#8221; type=&#8221;full_width&#8221; angled_section=&#8221;no&#8221; text_align=&#8221;left&#8221; background_image_as_pattern=&#8221;without_pattern&#8221; css=&#8221;.vc_custom_1560153587281{padding-top: 50px !important;padding-right: 30px !important;padding-bottom: 50px !important;padding-left: 30px !important;}&#8221; z_index=&#8221;&#8221;][vc_column][vc_column_text css=&#8221;.vc_custom_1561032026694{padding-right: 50px !important;}&#8221;] Quem \u00e9 a Lyntia? A Lyntia \u00e9 o operador neutro de refer\u00eancia no mercado grossista de telecomunica\u00e7\u00f5es em Espanha, que torna as comunica\u00e7\u00f5es poss\u00edveis, simples e seguras, atrav\u00e9s das suas solu\u00e7\u00f5es de fibra \u00f3tica....","_links":{"self":[{"href":"https:\/\/www.lyntia.com\/pt-pt\/wp-json\/wp\/v2\/pages\/17744","targetHints":{"allow":["GET"]}}],"collection":[{"href":"https:\/\/www.lyntia.com\/pt-pt\/wp-json\/wp\/v2\/pages"}],"about":[{"href":"https:\/\/www.lyntia.com\/pt-pt\/wp-json\/wp\/v2\/types\/page"}],"author":[{"embeddable":true,"href":"https:\/\/www.lyntia.com\/pt-pt\/wp-json\/wp\/v2\/users\/6"}],"replies":[{"embeddable":true,"href":"https:\/\/www.lyntia.com\/pt-pt\/wp-json\/wp\/v2\/comments?post=17744"}],"version-history":[{"count":0,"href":"https:\/\/www.lyntia.com\/pt-pt\/wp-json\/wp\/v2\/pages\/17744\/revisions"}],"wp:attachment":[{"href":"https:\/\/www.lyntia.com\/pt-pt\/wp-json\/wp\/v2\/media?parent=17744"}],"curies":[{"name":"wp","href":"https:\/\/api.w.org\/{rel}","templated":true}]}}