{"id":17740,"date":"2024-04-08T14:20:41","date_gmt":"2024-04-08T13:20:41","guid":{"rendered":"https:\/\/www.lyntia.com\/?page_id=17740"},"modified":"2026-02-23T16:32:25","modified_gmt":"2026-02-23T15:32:25","slug":"politica-de-seguranca-da-informacao","status":"publish","type":"page","link":"https:\/\/www.lyntia.com\/pt-pt\/politica-de-seguranca-da-informacao\/","title":{"rendered":"Pol\u00edtica de seguran\u00e7a da informa\u00e7ao"},"content":{"rendered":"<div class=\"wpb-content-wrapper\"><p>[vc_row css_animation=&#8221;&#8221; row_type=&#8221;row&#8221; use_row_as_full_screen_section=&#8221;no&#8221; type=&#8221;full_width&#8221; angled_section=&#8221;no&#8221; text_align=&#8221;left&#8221; background_image_as_pattern=&#8221;without_pattern&#8221;][vc_column][vc_empty_space][vc_column_text css=&#8221;&#8221;]<\/p>\n<h2><span style=\"color: #3b0249;\">POL\u00cdTICA DE SEGURAN\u00c7A DA INFORMA\u00c7\u00c3O<\/span><\/h2>\n<p style=\"text-align: right; font-size: .8em;\">\u00daltima atualiza\u00e7\u00e3o: Fevereiro de 2026<\/p>\n<p>A Administra\u00e7\u00e3o do Grupo lyntia (\u201ca Empresa\u201d), formado pelas empresas Lyntia Networks, S.A.U. e Global Fontibre S.L., est\u00e1 consciente da import\u00e2ncia que tem para a Empresa a seguran\u00e7a da sua informa\u00e7\u00e3o e dos seus servi\u00e7os, de forma que as perdas ou danos de alguns destes incidam na realiza\u00e7\u00e3o das suas opera\u00e7\u00f5es e possam colocar em risco a continuidade da Empresa.<\/p>\n<p>&nbsp;<\/p>\n<p>\u00c9 por isso que a Empresa se compromete a trabalhar para garantir:<\/p>\n<ul style=\"margin-left: 15px; margin-inline-start: 35px;\">\n<li style=\"list-style: disc;\">A confidencialidade e a prote\u00e7\u00e3o da informa\u00e7\u00e3o valiosa ou sens\u00edvel.<\/li>\n<li style=\"list-style: disc;\">A integridade e a precis\u00e3o da informa\u00e7\u00e3o.<\/li>\n<li style=\"list-style: disc;\">A disponibilidade da informa\u00e7\u00e3o, para satisfazer as necessidades do neg\u00f3cio.<\/li>\n<li style=\"list-style: disc;\">A autenticidade da informa\u00e7\u00e3o, mesmo que seja fonte dos servi\u00e7oss.<\/li>\n<li style=\"list-style: disc;\">A rastreabilidade das a\u00e7\u00f5es realizadas pela entidade.<\/li>\n<li style=\"list-style: disc;\">O cumprimento dos requisitos legais e regulamentares.<\/li>\n<li style=\"list-style: disc;\">A atualiza\u00e7\u00e3o e manuten\u00e7\u00e3o adequada da documenta\u00e7\u00e3o em mat\u00e9ria de seguran\u00e7a e, mais concretamente, os planos de continuidade.<\/li>\n<li style=\"list-style: disc;\">A forma\u00e7\u00e3o e consciencializa\u00e7\u00e3o em mat\u00e9ria de seguran\u00e7a da informa\u00e7\u00e3o para todos os colaboradores.<\/li>\n<li style=\"list-style: disc;\">Que todos os incidentes de seguran\u00e7a da informa\u00e7\u00e3o com elevado impacto sejam reportados \u00e0 Administra\u00e7\u00e3o da Empresa, e investigados pelo respons\u00e1vel de Seguran\u00e7a da Informa\u00e7\u00e3o.<\/li>\n<li style=\"list-style: disc;\">Que os riscos tecnol\u00f3gicos sejam mitigados para um n\u00edvel aceit\u00e1vel, atrav\u00e9s de um quadro de gest\u00e3o de riscos.<\/li>\n<\/ul>\n<p>&nbsp;<\/p>\n<p>Para dar cumprimento a este compromisso, a Empresa desenvolveu a presente Pol\u00edtica de Seguran\u00e7a da Informa\u00e7\u00e3o e as correspondentes Pol\u00edticas e Procedimentos de Seguran\u00e7a que abordam aspetos espec\u00edficos, refor\u00e7ando ainda mais a aplica\u00e7\u00e3o dos controlos de seguran\u00e7a da informa\u00e7\u00e3o (Anexo A da norma ISO 27001, Diretiva NIS2 (incluindo o Anexo I) e Anexo II do Esquema Nacional de Seguran\u00e7a (ENS) \u2013 categoria ALTA), bem como tratando as necessidades internas da Empresa.<\/p>\n<p>&nbsp;<\/p>\n<p>A Administra\u00e7\u00e3o definiu os objetivos de seguran\u00e7a mais adequados para que a Empresa empreenda um processo de melhoria do Sistema de Gest\u00e3o de Seguran\u00e7a da Informa\u00e7\u00e3o, no pressuposto de que redundar\u00e1 na melhoria de processos e servi\u00e7os oferecidos a clientes, respeitando escrupulosamente os seus direitos legalmente estabelecidos.<\/p>\n<p>&nbsp;<\/p>\n<p>Para que tudo isto seja poss\u00edvel, a Administra\u00e7\u00e3o declara o seu compromisso formal em atribuir os recursos necess\u00e1rios e suficientes para o bom desenvolvimento do aqui exposto, tanto no in\u00edcio do projeto, como na sua futura manuten\u00e7\u00e3o.<\/p>\n<p>&nbsp;<\/p>\n<p>Todas as Pol\u00edticas de seguran\u00e7a em vigor permanecer\u00e3o dispon\u00edveis na intranet da Empresa e ser\u00e3o atualizadas regularmente, adequando-se \u00e0s novas exig\u00eancias organizativas, do cen\u00e1rio e do mercado em que possam surgir.<\/p>\n<p>&nbsp;<\/p>\n<p>A Pol\u00edtica de Seguran\u00e7a da Informa\u00e7\u00e3o, aprovada pelo Administrador conjunto da Empresa, ser\u00e1 aplic\u00e1vel a partir do dia seguinte ao da sua publica\u00e7\u00e3o.<\/p>\n<p>[\/vc_column_text][\/vc_column][\/vc_row]<\/p>\n<\/div>","protected":false},"excerpt":{"rendered":"<p>[vc_row css_animation=&#8221;&#8221; row_type=&#8221;row&#8221; use_row_as_full_screen_section=&#8221;no&#8221; type=&#8221;full_width&#8221; angled_section=&#8221;no&#8221; text_align=&#8221;left&#8221; background_image_as_pattern=&#8221;without_pattern&#8221;][vc_column][vc_empty_space][vc_column_text css=&#8221;&#8221;] POL\u00cdTICA DE SEGURAN\u00c7A DA INFORMA\u00c7\u00c3O \u00daltima atualiza\u00e7\u00e3o: Fevereiro de 2026 A Administra\u00e7\u00e3o do Grupo lyntia (\u201ca Empresa\u201d), formado pelas empresas Lyntia Networks, S.A.U. e Global Fontibre S.L., est\u00e1 consciente da import\u00e2ncia que tem para a Empresa a seguran\u00e7a da sua informa\u00e7\u00e3o e dos seus servi\u00e7os, de&#8230;<\/p>\n","protected":false},"author":6,"featured_media":0,"parent":0,"menu_order":0,"comment_status":"closed","ping_status":"closed","template":"","meta":{"content-type":"","footnotes":""},"class_list":["post-17740","page","type-page","status-publish","hentry"],"yoast_head":"<!-- This site is optimized with the Yoast SEO plugin v27.4 - https:\/\/yoast.com\/product\/yoast-seo-wordpress\/ -->\n<title>Pol\u00edtica de seguran\u00e7a da informa\u00e7ao - lyntia<\/title>\n<meta name=\"robots\" content=\"index, follow, max-snippet:-1, max-image-preview:large, max-video-preview:-1\" \/>\n<link rel=\"canonical\" href=\"https:\/\/www.lyntia.com\/pt-pt\/politica-de-seguranca-da-informacao\/\" \/>\n<meta property=\"og:locale\" content=\"pt_PT\" \/>\n<meta property=\"og:type\" content=\"article\" \/>\n<meta property=\"og:title\" content=\"Pol\u00edtica de seguran\u00e7a da informa\u00e7ao - lyntia\" \/>\n<meta property=\"og:description\" content=\"[vc_row css_animation=&#8221;&#8221; row_type=&#8221;row&#8221; use_row_as_full_screen_section=&#8221;no&#8221; type=&#8221;full_width&#8221; angled_section=&#8221;no&#8221; text_align=&#8221;left&#8221; background_image_as_pattern=&#8221;without_pattern&#8221;][vc_column][vc_empty_space][vc_column_text css=&#8221;&#8221;] POL\u00cdTICA DE SEGURAN\u00c7A DA INFORMA\u00c7\u00c3O \u00daltima atualiza\u00e7\u00e3o: Fevereiro de 2026 A Administra\u00e7\u00e3o do Grupo lyntia (\u201ca Empresa\u201d), formado pelas empresas Lyntia Networks, S.A.U. e Global Fontibre S.L., est\u00e1 consciente da import\u00e2ncia que tem para a Empresa a seguran\u00e7a da sua informa\u00e7\u00e3o e dos seus servi\u00e7os, de...\" \/>\n<meta property=\"og:url\" content=\"https:\/\/www.lyntia.com\/pt-pt\/politica-de-seguranca-da-informacao\/\" \/>\n<meta property=\"og:site_name\" content=\"lyntia\" \/>\n<meta property=\"article:modified_time\" content=\"2026-02-23T15:32:25+00:00\" \/>\n<meta name=\"twitter:card\" content=\"summary_large_image\" \/>\n<meta name=\"twitter:label1\" content=\"Tempo estimado de leitura\" \/>\n\t<meta name=\"twitter:data1\" content=\"2 minutos\" \/>\n<script type=\"application\/ld+json\" class=\"yoast-schema-graph\">{\"@context\":\"https:\\\/\\\/schema.org\",\"@graph\":[{\"@type\":\"WebPage\",\"@id\":\"https:\\\/\\\/www.lyntia.com\\\/pt-pt\\\/politica-de-seguranca-da-informacao\\\/\",\"url\":\"https:\\\/\\\/www.lyntia.com\\\/pt-pt\\\/politica-de-seguranca-da-informacao\\\/\",\"name\":\"Pol\u00edtica de seguran\u00e7a da informa\u00e7ao - lyntia\",\"isPartOf\":{\"@id\":\"https:\\\/\\\/www.lyntia.com\\\/#website\"},\"datePublished\":\"2024-04-08T13:20:41+00:00\",\"dateModified\":\"2026-02-23T15:32:25+00:00\",\"breadcrumb\":{\"@id\":\"https:\\\/\\\/www.lyntia.com\\\/pt-pt\\\/politica-de-seguranca-da-informacao\\\/#breadcrumb\"},\"inLanguage\":\"pt-PT\",\"potentialAction\":[{\"@type\":\"ReadAction\",\"target\":[\"https:\\\/\\\/www.lyntia.com\\\/pt-pt\\\/politica-de-seguranca-da-informacao\\\/\"]}]},{\"@type\":\"BreadcrumbList\",\"@id\":\"https:\\\/\\\/www.lyntia.com\\\/pt-pt\\\/politica-de-seguranca-da-informacao\\\/#breadcrumb\",\"itemListElement\":[{\"@type\":\"ListItem\",\"position\":1,\"name\":\"Home\",\"item\":\"https:\\\/\\\/www.lyntia.com\\\/pt-pt\\\/\"},{\"@type\":\"ListItem\",\"position\":2,\"name\":\"Pol\u00edtica de seguran\u00e7a da informa\u00e7ao\"}]},{\"@type\":\"WebSite\",\"@id\":\"https:\\\/\\\/www.lyntia.com\\\/#website\",\"url\":\"https:\\\/\\\/www.lyntia.com\\\/\",\"name\":\"lyntia\",\"description\":\"A Digital Company\",\"potentialAction\":[{\"@type\":\"SearchAction\",\"target\":{\"@type\":\"EntryPoint\",\"urlTemplate\":\"https:\\\/\\\/www.lyntia.com\\\/?s={search_term_string}\"},\"query-input\":{\"@type\":\"PropertyValueSpecification\",\"valueRequired\":true,\"valueName\":\"search_term_string\"}}],\"inLanguage\":\"pt-PT\"}]}<\/script>\n<!-- \/ Yoast SEO plugin. -->","yoast_head_json":{"title":"Pol\u00edtica de seguran\u00e7a da informa\u00e7ao - lyntia","robots":{"index":"index","follow":"follow","max-snippet":"max-snippet:-1","max-image-preview":"max-image-preview:large","max-video-preview":"max-video-preview:-1"},"canonical":"https:\/\/www.lyntia.com\/pt-pt\/politica-de-seguranca-da-informacao\/","og_locale":"pt_PT","og_type":"article","og_title":"Pol\u00edtica de seguran\u00e7a da informa\u00e7ao - lyntia","og_description":"[vc_row css_animation=&#8221;&#8221; row_type=&#8221;row&#8221; use_row_as_full_screen_section=&#8221;no&#8221; type=&#8221;full_width&#8221; angled_section=&#8221;no&#8221; text_align=&#8221;left&#8221; background_image_as_pattern=&#8221;without_pattern&#8221;][vc_column][vc_empty_space][vc_column_text css=&#8221;&#8221;] POL\u00cdTICA DE SEGURAN\u00c7A DA INFORMA\u00c7\u00c3O \u00daltima atualiza\u00e7\u00e3o: Fevereiro de 2026 A Administra\u00e7\u00e3o do Grupo lyntia (\u201ca Empresa\u201d), formado pelas empresas Lyntia Networks, S.A.U. e Global Fontibre S.L., est\u00e1 consciente da import\u00e2ncia que tem para a Empresa a seguran\u00e7a da sua informa\u00e7\u00e3o e dos seus servi\u00e7os, de...","og_url":"https:\/\/www.lyntia.com\/pt-pt\/politica-de-seguranca-da-informacao\/","og_site_name":"lyntia","article_modified_time":"2026-02-23T15:32:25+00:00","twitter_card":"summary_large_image","twitter_misc":{"Tempo estimado de leitura":"2 minutos"},"schema":{"@context":"https:\/\/schema.org","@graph":[{"@type":"WebPage","@id":"https:\/\/www.lyntia.com\/pt-pt\/politica-de-seguranca-da-informacao\/","url":"https:\/\/www.lyntia.com\/pt-pt\/politica-de-seguranca-da-informacao\/","name":"Pol\u00edtica de seguran\u00e7a da informa\u00e7ao - lyntia","isPartOf":{"@id":"https:\/\/www.lyntia.com\/#website"},"datePublished":"2024-04-08T13:20:41+00:00","dateModified":"2026-02-23T15:32:25+00:00","breadcrumb":{"@id":"https:\/\/www.lyntia.com\/pt-pt\/politica-de-seguranca-da-informacao\/#breadcrumb"},"inLanguage":"pt-PT","potentialAction":[{"@type":"ReadAction","target":["https:\/\/www.lyntia.com\/pt-pt\/politica-de-seguranca-da-informacao\/"]}]},{"@type":"BreadcrumbList","@id":"https:\/\/www.lyntia.com\/pt-pt\/politica-de-seguranca-da-informacao\/#breadcrumb","itemListElement":[{"@type":"ListItem","position":1,"name":"Home","item":"https:\/\/www.lyntia.com\/pt-pt\/"},{"@type":"ListItem","position":2,"name":"Pol\u00edtica de seguran\u00e7a da informa\u00e7ao"}]},{"@type":"WebSite","@id":"https:\/\/www.lyntia.com\/#website","url":"https:\/\/www.lyntia.com\/","name":"lyntia","description":"A Digital Company","potentialAction":[{"@type":"SearchAction","target":{"@type":"EntryPoint","urlTemplate":"https:\/\/www.lyntia.com\/?s={search_term_string}"},"query-input":{"@type":"PropertyValueSpecification","valueRequired":true,"valueName":"search_term_string"}}],"inLanguage":"pt-PT"}]}},"rttpg_featured_image_url":null,"rttpg_author":{"display_name":"spane","author_link":"https:\/\/www.lyntia.com\/pt-pt\/author\/spane\/"},"rttpg_comment":0,"rttpg_category":" <a href=\"https:\/\/www.lyntia.com\/pt-pt\/?taxonomy=translation_priority&#038;term=opcional-pt-pt\" rel=\"tag\">Opcional<\/a>","rttpg_excerpt":"[vc_row css_animation=&#8221;&#8221; row_type=&#8221;row&#8221; use_row_as_full_screen_section=&#8221;no&#8221; type=&#8221;full_width&#8221; angled_section=&#8221;no&#8221; text_align=&#8221;left&#8221; background_image_as_pattern=&#8221;without_pattern&#8221;][vc_column][vc_empty_space][vc_column_text css=&#8221;&#8221;] POL\u00cdTICA DE SEGURAN\u00c7A DA INFORMA\u00c7\u00c3O \u00daltima atualiza\u00e7\u00e3o: Fevereiro de 2026 A Administra\u00e7\u00e3o do Grupo lyntia (\u201ca Empresa\u201d), formado pelas empresas Lyntia Networks, S.A.U. e Global Fontibre S.L., est\u00e1 consciente da import\u00e2ncia que tem para a Empresa a seguran\u00e7a da sua informa\u00e7\u00e3o e dos seus servi\u00e7os, de...","_links":{"self":[{"href":"https:\/\/www.lyntia.com\/pt-pt\/wp-json\/wp\/v2\/pages\/17740","targetHints":{"allow":["GET"]}}],"collection":[{"href":"https:\/\/www.lyntia.com\/pt-pt\/wp-json\/wp\/v2\/pages"}],"about":[{"href":"https:\/\/www.lyntia.com\/pt-pt\/wp-json\/wp\/v2\/types\/page"}],"author":[{"embeddable":true,"href":"https:\/\/www.lyntia.com\/pt-pt\/wp-json\/wp\/v2\/users\/6"}],"replies":[{"embeddable":true,"href":"https:\/\/www.lyntia.com\/pt-pt\/wp-json\/wp\/v2\/comments?post=17740"}],"version-history":[{"count":1,"href":"https:\/\/www.lyntia.com\/pt-pt\/wp-json\/wp\/v2\/pages\/17740\/revisions"}],"predecessor-version":[{"id":21590,"href":"https:\/\/www.lyntia.com\/pt-pt\/wp-json\/wp\/v2\/pages\/17740\/revisions\/21590"}],"wp:attachment":[{"href":"https:\/\/www.lyntia.com\/pt-pt\/wp-json\/wp\/v2\/media?parent=17740"}],"curies":[{"name":"wp","href":"https:\/\/api.w.org\/{rel}","templated":true}]}}