{"id":17518,"date":"2024-03-06T17:00:47","date_gmt":"2024-03-06T16:00:47","guid":{"rendered":"https:\/\/www.lyntia.com\/?page_id=17518"},"modified":"2024-04-08T14:18:03","modified_gmt":"2024-04-08T13:18:03","slug":"canal-de-informacao-interno-speak-up","status":"publish","type":"page","link":"https:\/\/www.lyntia.com\/pt-pt\/canal-de-informacao-interno-speak-up\/","title":{"rendered":"Canal de informa\u00e7\u00e3o interno &#8211; Speak Up"},"content":{"rendered":"<div class=\"wpb-content-wrapper\"><p>[vc_row css_animation=&#8221;&#8221; row_type=&#8221;row&#8221; use_row_as_full_screen_section=&#8221;no&#8221; type=&#8221;grid&#8221; angled_section=&#8221;no&#8221; text_align=&#8221;left&#8221; background_image_as_pattern=&#8221;without_pattern&#8221; z_index=&#8221;&#8221; el_class=&#8221;contact-us-row-1&#8243;][vc_column][vc_empty_space height=&#8221;240px&#8221; el_class=&#8221;contact-top-empty-space&#8221;][vc_column_text]<\/p>\n<h2 class=\"site-color\">Canal de informa\u00e7\u00e3o interno &#8211; Speak Up<\/h2>\n<p>[\/vc_column_text][vc_empty_space height=&#8221;22px&#8221;][vc_column_text]<\/p>\n<p class=\"site-color\">A lyntia disponibiliza um canal de informa\u00e7\u00e3o interno, seguro e acess\u00edvel, que funciona como um instrumento para efetuar consultas, colocar d\u00favidas e\/ou comunicar condutas que possam implicar uma poss\u00edvel irregularidade ou incumprimento ou que possam constituir infra\u00e7\u00f5es legais, bem como condutas que possam ser contr\u00e1rias ao nosso c\u00f3digo de \u00e9tica.<\/p>\n<p>[\/vc_column_text][vc_empty_space height=&#8221;22px&#8221;][vc_column_text]<\/p>\n<p class=\"site-color\">O sistema interno de informa\u00e7\u00e3o da Lyntia, Speak Up, assegura uma prote\u00e7\u00e3o adequada a quem denuncie qualquer das a\u00e7\u00f5es ou omiss\u00f5es referidas acima, no estrito respeito pela confidencialidade e prote\u00e7\u00e3o do informador, garantindo o seu bom funcionamento segundo o disposto na Lei n.\u00ba 2\/2023, de 20 de fevereiro, e restante regulamenta\u00e7\u00e3o aplic\u00e1vel.<\/p>\n<p>[\/vc_column_text][vc_empty_space height=&#8221;22px&#8221;][vc_column_text]<\/p>\n<p class=\"site-color\">Para mais informa\u00e7\u00f5es, consulte a e a <a href=\"https:\/\/www.lyntia.com\/wp-content\/uploads\/2019\/04\/Politica-del-Sistema-Interno-de-Informacion_LYNTIA-diciembre-2023-vf-limpio.pdf\" target=\"_blank\" rel=\"noopener\"><strong>pol\u00edtica geral do sistema interno<\/strong><\/a>.<\/p>\n<p>[\/vc_column_text][\/vc_column][\/vc_row][vc_row css_animation=&#8221;&#8221; row_type=&#8221;row&#8221; use_row_as_full_screen_section=&#8221;no&#8221; type=&#8221;grid&#8221; angled_section=&#8221;no&#8221; text_align=&#8221;center&#8221; background_image_as_pattern=&#8221;without_pattern&#8221; z_index=&#8221;&#8221; css=&#8221;.vc_custom_1705483444368{padding-top: 0px !important;padding-bottom: 0px !important;}&#8221;][vc_column][vc_row_inner row_type=&#8221;row&#8221; type=&#8221;full_width&#8221; text_align=&#8221;left&#8221; css_animation=&#8221;&#8221; el_class=&#8221;contact-row-2&#8243; css=&#8221;.vc_custom_1705484278200{padding-bottom: 20px !important;}&#8221;][vc_column_inner el_class=&#8221;contact-row2-col2&#8243; width=&#8221;1\/2&#8243;][vc_column_text]\n<div class=\"wpcf7 no-js\" id=\"wpcf7-f17523-o1\" lang=\"en-US\" dir=\"ltr\" data-wpcf7-id=\"17523\">\n<div class=\"screen-reader-response\"><p role=\"status\" aria-live=\"polite\" aria-atomic=\"true\"><\/p> <ul><\/ul><\/div>\n<form action=\"\/pt-pt\/wp-json\/wp\/v2\/pages\/17518#wpcf7-f17523-o1\" method=\"post\" class=\"wpcf7-form init\" aria-label=\"Contact form\" enctype=\"multipart\/form-data\" novalidate=\"novalidate\" data-status=\"init\">\n<fieldset class=\"hidden-fields-container\"><input type=\"hidden\" name=\"_wpcf7\" value=\"17523\" \/><input type=\"hidden\" name=\"_wpcf7_version\" value=\"6.1.5\" \/><input type=\"hidden\" name=\"_wpcf7_locale\" value=\"en_US\" \/><input type=\"hidden\" name=\"_wpcf7_unit_tag\" value=\"wpcf7-f17523-o1\" \/><input type=\"hidden\" name=\"_wpcf7_container_post\" value=\"0\" \/><input type=\"hidden\" name=\"_wpcf7_posted_data_hash\" value=\"\" \/><input type=\"hidden\" name=\"_wpcf7_recaptcha_response\" value=\"\" \/>\n<\/fieldset>\n<div class=\"form-box1\">\n  <div class=\"form-text\">\n    <br>\n  <\/div>\n    \n  <div id=\"descripcionComunicado\" class=\"w-100\" style=\"margin-bottom:20px;\">\n      <label> Fazer uma comunica\u00e7\u00e3o:*<svg xmlns=\"http:\/\/www.w3.org\/2000\/svg\" height=\"16\" width=\"16\" viewBox=\"0 0 512 512\" onclick=\"myFunction()\" style=\"float:right;cursor:pointer;\"><path fill=\"#530267\" d=\"M256 512A256 256 0 1 0 256 0a256 256 0 1 0 0 512zM216 336h24V272H216c-13.3 0-24-10.7-24-24s10.7-24 24-24h48c13.3 0 24 10.7 24 24v88h8c13.3 0 24 10.7 24 24s-10.7 24-24 24H216c-13.3 0-24-10.7-24-24s10.7-24 24-24zm40-208a32 32 0 1 1 0 64 32 32 0 1 1 0-64z\"\/><\/svg>\n<p><span  id=\"infoComunicacion\" style=\"display:none;font-size:0.9rem;line-height: 1;color: #530267;margin-bottom: 10px;\"><strong>\u00c9 importante que proporcione o maior n\u00famero de detalhes poss\u00edvel sobre a alegada viola\u00e7\u00e3o ou consulta, bem como qualquer outra informa\u00e7\u00e3o que possa ser importante em caso de investiga\u00e7\u00e3o, como a identifica\u00e7\u00e3o de poss\u00edveis testemunhas.<\/span><\/p>\n<span class=\"wpcf7-form-control-wrap\" data-name=\"descripcion-comunicado\"><textarea cols=\"40\" rows=\"10\" maxlength=\"2000\" class=\"wpcf7-form-control wpcf7-textarea wpcf7-validates-as-required\" id=\"descripcion-comunicado\" aria-required=\"true\" aria-invalid=\"false\" name=\"descripcion-comunicado\"><\/textarea><\/span>\n     <\/label>\n    <\/div>\n\n\n<div id=\"evidenciaContainer\" class=\"w-100\" style=\"margin-bottom:25px;\">\n\n        <label> Prova (se dispon\u00edvel): <svg xmlns=\"http:\/\/www.w3.org\/2000\/svg\" viewBox=\"0 0 448 512\" id=\"aaa\" onclick=\"myFunction3()\" width=\"16\" height=\"16\"  style=\"cursor: pointer;\"><path fill=\"#530267\" d=\"M32 464a48 48 0 0 0 48 48h288a48 48 0 0 0 48-48V128H32zm272-256a16 16 0 0 1 32 0v224a16 16 0 0 1 -32 0zm-96 0a16 16 0 0 1 32 0v224a16 16 0 0 1 -32 0zm-96 0a16 16 0 0 1 32 0v224a16 16 0 0 1 -32 0zM432 32H312l-9.4-18.7A24 24 0 0 0 281.1 0H166.8a23.7 23.7 0 0 0 -21.4 13.3L136 32H16A16 16 0 0 0 0 48v32a16 16 0 0 0 16 16h416a16 16 0 0 0 16-16V48a16 16 0 0 0 -16-16z\"\/><\/svg><svg xmlns=\"http:\/\/www.w3.org\/2000\/svg\" height=\"16\" width=\"16\" viewBox=\"0 0 512 512\" onclick=\"myFunction2()\" style=\"float:right;cursor:pointer;\"><path fill=\"#530267\" d=\"M256 512A256 256 0 1 0 256 0a256 256 0 1 0 0 512zM216 336h24V272H216c-13.3 0-24-10.7-24-24s10.7-24 24-24h48c13.3 0 24 10.7 24 24v88h8c13.3 0 24 10.7 24 24s-10.7 24-24 24H216c-13.3 0-24-10.7-24-24s10.7-24 24-24zm40-208a32 32 0 1 1 0 64 32 32 0 1 1 0-64z\"\/><\/svg>\n<p><span  id=\"infoEvidencia\" style=\"display:none;font-size:0.9rem;line-height: 1;color: #530267;margin-bottom: 10px;\">Se tiver documentos, fotografias, v\u00eddeos ou outras provas relacionadas, deve proporcionar os detalhes ou anex\u00e1-los aqui.<\/span><\/p>\n<span class=\"wpcf7-form-control-wrap\" data-name=\"evidencia\"><input size=\"40\" class=\"wpcf7-form-control wpcf7-file\" id=\"evidencia\" accept=\".mp4,.jpeg,.jpg,.png,.gif,.pdf\" aria-invalid=\"false\" type=\"file\" name=\"evidencia\" \/><\/span>\n     <\/label>\n    <\/div>\n\n<div class=\"form-text\" style=\"margin-bottom:25px;margin-top:10px;\">\n    <p style=\"font-size:0.9rem; line-height: 1.2;\"><strong>Pode optar por proporcionar a informa\u00e7\u00e3o atrav\u00e9s da qual possamos entrar em contacto consigo ou ent\u00e3o enviar a sua comunica\u00e7\u00e3o anonimamente. Neste caso, s\u00f3 tem de nos proporcionar uma conta de correio eletr\u00f3nico para enviarmos a confirma\u00e7\u00e3o da rece\u00e7\u00e3o da sua comunica\u00e7\u00e3o.<\/strong><\/p><br>\n   <\/div>\n\n<div class=\"w-100\">\n        <label> Nome do informador:\n         <span class=\"wpcf7-form-control-wrap\" data-name=\"nombre-informante\"><input size=\"40\" maxlength=\"400\" class=\"wpcf7-form-control wpcf7-text\" id=\"nombreInformante\" aria-invalid=\"false\" value=\"\" type=\"text\" name=\"nombre-informante\" \/><\/span>\n     <\/label>\n<\/div>\n\n<div class=\"w-100\">\n        <label> N\u00famero de telefone:\n        <span class=\"wpcf7-form-control-wrap\" data-name=\"telefono\"><input size=\"40\" maxlength=\"400\" class=\"wpcf7-form-control wpcf7-text\" id=\"telefono\" aria-invalid=\"false\" value=\"\" type=\"text\" name=\"telefono\" \/><\/span>\n     <\/label>\n<\/div>\n\n<div class=\"w-100\">\n        <label> Correio eletr\u00f3nico*: <svg xmlns=\"http:\/\/www.w3.org\/2000\/svg\" height=\"16\" width=\"16\" viewBox=\"0 0 512 512\" onclick=\"myFunctionEmail()\" style=\"float:right;cursor:pointer;\"><path fill=\"#530267\" d=\"M256 512A256 256 0 1 0 256 0a256 256 0 1 0 0 512zM216 336h24V272H216c-13.3 0-24-10.7-24-24s10.7-24 24-24h48c13.3 0 24 10.7 24 24v88h8c13.3 0 24 10.7 24 24s-10.7 24-24 24H216c-13.3 0-24-10.7-24-24s10.7-24 24-24zm40-208a32 32 0 1 1 0 64 32 32 0 1 1 0-64z\"\/><\/svg>\n<p><span  id=\"infoEmail\" style=\"display:none;font-size:0.9rem;line-height: 1;color: #530267;margin-bottom: 10px;\">Se considerar conveniente, pode ser uma conta criada para o efeito ou uma conta que n\u00e3o revele a sua identidade.<\/span><\/p>\n         <span class=\"wpcf7-form-control-wrap\" data-name=\"email-speak-up\"><input size=\"40\" maxlength=\"400\" class=\"wpcf7-form-control wpcf7-email wpcf7-validates-as-required wpcf7-text wpcf7-validates-as-email\" id=\"emailSpeakUp\" aria-required=\"true\" aria-invalid=\"false\" value=\"\" type=\"email\" name=\"email-speak-up\" \/><\/span>\n     <\/label>\n<\/div>\n\n<div class=\"w-100\">\n        <label> Rela\u00e7\u00e3o com o objeto da comunica\u00e7\u00e3o:\n         <span class=\"wpcf7-form-control-wrap\" data-name=\"relacion-asunto-informado\"><input size=\"40\" maxlength=\"400\" class=\"wpcf7-form-control wpcf7-text\" id=\"relacionAsuntoInformado\" aria-invalid=\"false\" value=\"\" type=\"text\" name=\"relacion-asunto-informado\" \/><\/span>\n     <\/label>\n<\/div>\n\n<div class=\"w-100\">\n         Deseja ser contactado pelos meios indicados para obter mais informa\u00e7\u00e3o?\n         <span class=\"wpcf7-form-control-wrap\" data-name=\"deseo-informacion\"><span class=\"wpcf7-form-control wpcf7-radio\" id=\"deseoInformacion\"><span class=\"wpcf7-list-item first\"><label><input type=\"radio\" name=\"deseo-informacion\" value=\"Sim\" checked=\"checked\" \/><span class=\"wpcf7-list-item-label\">Sim<\/span><\/label><\/span><span class=\"wpcf7-list-item last\"><label><input type=\"radio\" name=\"deseo-informacion\" value=\"N\u00e3o\" \/><span class=\"wpcf7-list-item-label\">N\u00e3o<\/span><\/label><\/span><\/span><\/span>\n<\/div>\n\n    \n   <div class=\"form-text\">\n    <p>Prote\u00e7\u00e3o de Dados: De acordo com o Regulamento (UE) 2016\/679 do Parlamento Europeu e do Conselho, de 27 de abril de 2016, e a Lei Org\u00e2nica 3\/2018, de 5 de dezembro, sobre Prote\u00e7\u00e3o de Dados Pessoais e Garantia dos Direitos Digitais, informamos que a Lyntia Networks S.A., como respons\u00e1vel pelo tratamento, tratar\u00e1 os seus dados para gerir as den\u00fancias recebidas atrav\u00e9s do Canal Interno, incluindo, quando aplic\u00e1vel, o seu processamento, investiga\u00e7\u00e3o e ado\u00e7\u00e3o das medidas oportunas.\nInformamos que poder\u00e1 retirar o seu consentimento a qualquer momento, mas os tratamentos de dados realizados anteriormente at\u00e9 \u00e0 data da revoga\u00e7\u00e3o do seu consentimento continuar\u00e3o a ser v\u00e1lidos.\nPoder\u00e1 exercer os direitos de acesso, retifica\u00e7\u00e3o, exclus\u00e3o dos seus dados e reclamar junto da Autoridade de Controlo, tal como indicado nas informa\u00e7\u00f5es adicionais que est\u00e3o \u00e0 sua disposi\u00e7\u00e3o na <a style=\"color: currentColor !important;\" class=\"link-policy-contact\" href=\"https:\/\/www.lyntia.com\/pt-pt\/politica-de-privacidade\/\">Pol\u00edtica de Privacidade<\/a><\/p><br>\n   <\/div>\n\n     \n \n    <div class=\"w-100 pos-left\" style=\"margin-top: 20px;\">\n        <input class=\"wpcf7-form-control wpcf7-submit has-spinner\" type=\"submit\" value=\"Enviar &gt;&gt;\" \/>\n    <\/div>\n<\/div>\n\n<script>\n\nfunction myFunction() {\n\n  var x = document.getElementById(\"infoComunicacion\");\n  if (x.style.display === \"none\") {\n    x.style.display = \"block\";\n  } else {\n    x.style.display = \"none\";\n  }\n} \n\n\nfunction myFunction2() {\n\n  var y = document.getElementById(\"infoEvidencia\");\n  if (y.style.display === \"none\") {\n    y.style.display = \"block\";\n  } else {\n    y.style.display = \"none\";\n  }\n} \n\nfunction myFunctionEmail() {\n\n  var y = document.getElementById(\"infoEmail\");\n  if (y.style.display === \"none\") {\n    y.style.display = \"block\";\n  } else {\n    y.style.display = \"none\";\n  }\n} \n\nfunction myFunction3() {\n   const file = document.getElementById('evidencia');\n   file.value = '';\n} \n\nconst input = document.getElementById('evidencia');\nconst a= document.getElementById('aaa');\ninput.after(a);\n\n<\/script><input type='hidden' class='wpcf7-pum' value='{\"closepopup\":false,\"closedelay\":0,\"openpopup\":false,\"openpopup_id\":0}' \/><div class=\"wpcf7-response-output\" aria-hidden=\"true\"><\/div>\n<\/form>\n<\/div>\n[\/vc_column_text][\/vc_column_inner][\/vc_row_inner][\/vc_column][\/vc_row]<\/p>\n<\/div>","protected":false},"excerpt":{"rendered":"<p>[vc_row css_animation=&#8221;&#8221; row_type=&#8221;row&#8221; use_row_as_full_screen_section=&#8221;no&#8221; type=&#8221;grid&#8221; angled_section=&#8221;no&#8221; text_align=&#8221;left&#8221; background_image_as_pattern=&#8221;without_pattern&#8221; z_index=&#8221;&#8221; el_class=&#8221;contact-us-row-1&#8243;][vc_column][vc_empty_space height=&#8221;240px&#8221; el_class=&#8221;contact-top-empty-space&#8221;][vc_column_text] Canal de informa\u00e7\u00e3o interno &#8211; Speak Up [\/vc_column_text][vc_empty_space height=&#8221;22px&#8221;][vc_column_text] A lyntia disponibiliza um canal de informa\u00e7\u00e3o interno, seguro e acess\u00edvel, que funciona como um instrumento para efetuar consultas, colocar d\u00favidas e\/ou comunicar condutas que possam implicar uma poss\u00edvel irregularidade ou incumprimento ou que&#8230;<\/p>\n","protected":false},"author":6,"featured_media":0,"parent":0,"menu_order":0,"comment_status":"closed","ping_status":"closed","template":"","meta":{"content-type":"","footnotes":""},"class_list":["post-17518","page","type-page","status-publish","hentry"],"yoast_head":"<!-- This site is optimized with the Yoast SEO plugin v27.3 - https:\/\/yoast.com\/product\/yoast-seo-wordpress\/ -->\n<title>Canal de informa\u00e7\u00e3o interno - Speak Up - lyntia<\/title>\n<meta name=\"robots\" content=\"index, follow, max-snippet:-1, max-image-preview:large, max-video-preview:-1\" \/>\n<link rel=\"canonical\" href=\"https:\/\/www.lyntia.com\/pt-pt\/canal-de-informacao-interno-speak-up\/\" \/>\n<meta property=\"og:locale\" content=\"pt_PT\" \/>\n<meta property=\"og:type\" content=\"article\" \/>\n<meta property=\"og:title\" content=\"Canal de informa\u00e7\u00e3o interno - Speak Up - lyntia\" \/>\n<meta property=\"og:description\" content=\"[vc_row css_animation=&#8221;&#8221; row_type=&#8221;row&#8221; use_row_as_full_screen_section=&#8221;no&#8221; type=&#8221;grid&#8221; angled_section=&#8221;no&#8221; text_align=&#8221;left&#8221; background_image_as_pattern=&#8221;without_pattern&#8221; z_index=&#8221;&#8221; el_class=&#8221;contact-us-row-1&#8243;][vc_column][vc_empty_space height=&#8221;240px&#8221; el_class=&#8221;contact-top-empty-space&#8221;][vc_column_text] Canal de informa\u00e7\u00e3o interno &#8211; Speak Up [\/vc_column_text][vc_empty_space height=&#8221;22px&#8221;][vc_column_text] A lyntia disponibiliza um canal de informa\u00e7\u00e3o interno, seguro e acess\u00edvel, que funciona como um instrumento para efetuar consultas, colocar d\u00favidas e\/ou comunicar condutas que possam implicar uma poss\u00edvel irregularidade ou incumprimento ou que...\" \/>\n<meta property=\"og:url\" content=\"https:\/\/www.lyntia.com\/pt-pt\/canal-de-informacao-interno-speak-up\/\" \/>\n<meta property=\"og:site_name\" content=\"lyntia\" \/>\n<meta property=\"article:modified_time\" content=\"2024-04-08T13:18:03+00:00\" \/>\n<meta name=\"twitter:card\" content=\"summary_large_image\" \/>\n<meta name=\"twitter:label1\" content=\"Tempo estimado de leitura\" \/>\n\t<meta name=\"twitter:data1\" content=\"1 minuto\" \/>\n<script type=\"application\/ld+json\" class=\"yoast-schema-graph\">{\"@context\":\"https:\\\/\\\/schema.org\",\"@graph\":[{\"@type\":\"WebPage\",\"@id\":\"https:\\\/\\\/www.lyntia.com\\\/pt-pt\\\/canal-de-informacao-interno-speak-up\\\/\",\"url\":\"https:\\\/\\\/www.lyntia.com\\\/pt-pt\\\/canal-de-informacao-interno-speak-up\\\/\",\"name\":\"Canal de informa\u00e7\u00e3o interno - Speak Up - lyntia\",\"isPartOf\":{\"@id\":\"https:\\\/\\\/www.lyntia.com\\\/#website\"},\"datePublished\":\"2024-03-06T16:00:47+00:00\",\"dateModified\":\"2024-04-08T13:18:03+00:00\",\"breadcrumb\":{\"@id\":\"https:\\\/\\\/www.lyntia.com\\\/pt-pt\\\/canal-de-informacao-interno-speak-up\\\/#breadcrumb\"},\"inLanguage\":\"pt-PT\",\"potentialAction\":[{\"@type\":\"ReadAction\",\"target\":[\"https:\\\/\\\/www.lyntia.com\\\/pt-pt\\\/canal-de-informacao-interno-speak-up\\\/\"]}]},{\"@type\":\"BreadcrumbList\",\"@id\":\"https:\\\/\\\/www.lyntia.com\\\/pt-pt\\\/canal-de-informacao-interno-speak-up\\\/#breadcrumb\",\"itemListElement\":[{\"@type\":\"ListItem\",\"position\":1,\"name\":\"Home\",\"item\":\"https:\\\/\\\/www.lyntia.com\\\/pt-pt\\\/\"},{\"@type\":\"ListItem\",\"position\":2,\"name\":\"Canal de informa\u00e7\u00e3o interno &#8211; Speak Up\"}]},{\"@type\":\"WebSite\",\"@id\":\"https:\\\/\\\/www.lyntia.com\\\/#website\",\"url\":\"https:\\\/\\\/www.lyntia.com\\\/\",\"name\":\"lyntia\",\"description\":\"A Digital Company\",\"potentialAction\":[{\"@type\":\"SearchAction\",\"target\":{\"@type\":\"EntryPoint\",\"urlTemplate\":\"https:\\\/\\\/www.lyntia.com\\\/?s={search_term_string}\"},\"query-input\":{\"@type\":\"PropertyValueSpecification\",\"valueRequired\":true,\"valueName\":\"search_term_string\"}}],\"inLanguage\":\"pt-PT\"}]}<\/script>\n<!-- \/ Yoast SEO plugin. -->","yoast_head_json":{"title":"Canal de informa\u00e7\u00e3o interno - Speak Up - lyntia","robots":{"index":"index","follow":"follow","max-snippet":"max-snippet:-1","max-image-preview":"max-image-preview:large","max-video-preview":"max-video-preview:-1"},"canonical":"https:\/\/www.lyntia.com\/pt-pt\/canal-de-informacao-interno-speak-up\/","og_locale":"pt_PT","og_type":"article","og_title":"Canal de informa\u00e7\u00e3o interno - Speak Up - lyntia","og_description":"[vc_row css_animation=&#8221;&#8221; row_type=&#8221;row&#8221; use_row_as_full_screen_section=&#8221;no&#8221; type=&#8221;grid&#8221; angled_section=&#8221;no&#8221; text_align=&#8221;left&#8221; background_image_as_pattern=&#8221;without_pattern&#8221; z_index=&#8221;&#8221; el_class=&#8221;contact-us-row-1&#8243;][vc_column][vc_empty_space height=&#8221;240px&#8221; el_class=&#8221;contact-top-empty-space&#8221;][vc_column_text] Canal de informa\u00e7\u00e3o interno &#8211; Speak Up [\/vc_column_text][vc_empty_space height=&#8221;22px&#8221;][vc_column_text] A lyntia disponibiliza um canal de informa\u00e7\u00e3o interno, seguro e acess\u00edvel, que funciona como um instrumento para efetuar consultas, colocar d\u00favidas e\/ou comunicar condutas que possam implicar uma poss\u00edvel irregularidade ou incumprimento ou que...","og_url":"https:\/\/www.lyntia.com\/pt-pt\/canal-de-informacao-interno-speak-up\/","og_site_name":"lyntia","article_modified_time":"2024-04-08T13:18:03+00:00","twitter_card":"summary_large_image","twitter_misc":{"Tempo estimado de leitura":"1 minuto"},"schema":{"@context":"https:\/\/schema.org","@graph":[{"@type":"WebPage","@id":"https:\/\/www.lyntia.com\/pt-pt\/canal-de-informacao-interno-speak-up\/","url":"https:\/\/www.lyntia.com\/pt-pt\/canal-de-informacao-interno-speak-up\/","name":"Canal de informa\u00e7\u00e3o interno - Speak Up - lyntia","isPartOf":{"@id":"https:\/\/www.lyntia.com\/#website"},"datePublished":"2024-03-06T16:00:47+00:00","dateModified":"2024-04-08T13:18:03+00:00","breadcrumb":{"@id":"https:\/\/www.lyntia.com\/pt-pt\/canal-de-informacao-interno-speak-up\/#breadcrumb"},"inLanguage":"pt-PT","potentialAction":[{"@type":"ReadAction","target":["https:\/\/www.lyntia.com\/pt-pt\/canal-de-informacao-interno-speak-up\/"]}]},{"@type":"BreadcrumbList","@id":"https:\/\/www.lyntia.com\/pt-pt\/canal-de-informacao-interno-speak-up\/#breadcrumb","itemListElement":[{"@type":"ListItem","position":1,"name":"Home","item":"https:\/\/www.lyntia.com\/pt-pt\/"},{"@type":"ListItem","position":2,"name":"Canal de informa\u00e7\u00e3o interno &#8211; Speak Up"}]},{"@type":"WebSite","@id":"https:\/\/www.lyntia.com\/#website","url":"https:\/\/www.lyntia.com\/","name":"lyntia","description":"A Digital Company","potentialAction":[{"@type":"SearchAction","target":{"@type":"EntryPoint","urlTemplate":"https:\/\/www.lyntia.com\/?s={search_term_string}"},"query-input":{"@type":"PropertyValueSpecification","valueRequired":true,"valueName":"search_term_string"}}],"inLanguage":"pt-PT"}]}},"rttpg_featured_image_url":null,"rttpg_author":{"display_name":"spane","author_link":"https:\/\/www.lyntia.com\/pt-pt\/author\/spane\/"},"rttpg_comment":0,"rttpg_category":false,"rttpg_excerpt":"[vc_row css_animation=&#8221;&#8221; row_type=&#8221;row&#8221; use_row_as_full_screen_section=&#8221;no&#8221; type=&#8221;grid&#8221; angled_section=&#8221;no&#8221; text_align=&#8221;left&#8221; background_image_as_pattern=&#8221;without_pattern&#8221; z_index=&#8221;&#8221; el_class=&#8221;contact-us-row-1&#8243;][vc_column][vc_empty_space height=&#8221;240px&#8221; el_class=&#8221;contact-top-empty-space&#8221;][vc_column_text] Canal de informa\u00e7\u00e3o interno &#8211; Speak Up [\/vc_column_text][vc_empty_space height=&#8221;22px&#8221;][vc_column_text] A lyntia disponibiliza um canal de informa\u00e7\u00e3o interno, seguro e acess\u00edvel, que funciona como um instrumento para efetuar consultas, colocar d\u00favidas e\/ou comunicar condutas que possam implicar uma poss\u00edvel irregularidade ou incumprimento ou que...","_links":{"self":[{"href":"https:\/\/www.lyntia.com\/pt-pt\/wp-json\/wp\/v2\/pages\/17518","targetHints":{"allow":["GET"]}}],"collection":[{"href":"https:\/\/www.lyntia.com\/pt-pt\/wp-json\/wp\/v2\/pages"}],"about":[{"href":"https:\/\/www.lyntia.com\/pt-pt\/wp-json\/wp\/v2\/types\/page"}],"author":[{"embeddable":true,"href":"https:\/\/www.lyntia.com\/pt-pt\/wp-json\/wp\/v2\/users\/6"}],"replies":[{"embeddable":true,"href":"https:\/\/www.lyntia.com\/pt-pt\/wp-json\/wp\/v2\/comments?post=17518"}],"version-history":[{"count":0,"href":"https:\/\/www.lyntia.com\/pt-pt\/wp-json\/wp\/v2\/pages\/17518\/revisions"}],"wp:attachment":[{"href":"https:\/\/www.lyntia.com\/pt-pt\/wp-json\/wp\/v2\/media?parent=17518"}],"curies":[{"name":"wp","href":"https:\/\/api.w.org\/{rel}","templated":true}]}}