{"id":17508,"date":"2024-04-08T14:20:41","date_gmt":"2024-04-08T13:20:41","guid":{"rendered":"https:\/\/www.lyntia.com\/?page_id=17508"},"modified":"2024-04-12T11:18:40","modified_gmt":"2024-04-12T10:18:40","slug":"politica-de-privacidade","status":"publish","type":"page","link":"https:\/\/www.lyntia.com\/pt-pt\/politica-de-privacidade\/","title":{"rendered":"POL\u00cdTICA DE PRIVACIDADE"},"content":{"rendered":"<div class=\"wpb-content-wrapper\"><p>[vc_row css_animation=&#8221;&#8221; row_type=&#8221;row&#8221; use_row_as_full_screen_section=&#8221;no&#8221; type=&#8221;full_width&#8221; angled_section=&#8221;no&#8221; text_align=&#8221;left&#8221; background_image_as_pattern=&#8221;without_pattern&#8221; css=&#8221;.vc_custom_1558612872172{padding-top: 30px !important;padding-bottom: 50px !important;}&#8221; z_index=&#8221;&#8221;][vc_column][vc_column_text]POL\u00cdTICA DE PRIVACIDADE<br \/>\n\u00daltima atualiza\u00e7\u00e3o: dezembro de 2018<\/p>\n<p>&nbsp;<\/p>\n<p>&nbsp;<\/p>\n<h3><span style=\"color: #3b0249;\">POL\u00cdTICA DE PRIVACIDADE<\/span><\/h3>\n<p>Informamos, de acordo com a regulamenta\u00e7\u00e3o em vigor em mat\u00e9ria de prote\u00e7\u00e3o de dados, que a Lyntia Networks, S.A.U. (doravante &#8220;Lyntia&#8221;) tratar\u00e1 os seus dados para gerir as den\u00fancias recebidas no Canal Interno, em conformidade com a Lei 2\/2023, de 20 de fevereiro, que regula a prote\u00e7\u00e3o das pessoas que denunciam infra\u00e7\u00f5es regulamentares e a luta contra a corrup\u00e7\u00e3o.<\/p>\n<p>&nbsp;<\/p>\n<p><strong>1. Quem \u00e9 respons\u00e1vel pelo tratamento dos seus dados? <\/strong><\/p>\n<p>O respons\u00e1vel pelo tratamento dos dados pessoais inclu\u00eddos na informa\u00e7\u00e3o recebida atrav\u00e9s do Canal Interno ser\u00e1 a Lyntia Networks, S.A.U., com sede na Avenida de Bruselas 24, Planta 1, 28108 Alcobendas (Espanha).<\/p>\n<p>&nbsp;<\/p>\n<p>Dados de contacto do respons\u00e1vel de prote\u00e7\u00e3o de dados: <a href=\"mailto:protecciondedatos@lyntia.com\"><strong>protecciondedatos@lyntia.com<\/strong><\/a>.<\/p>\n<p>&nbsp;<\/p>\n<p><strong>2. Com que finalidade tratamos os seus dados? <\/strong><\/p>\n<p>Tratamos os seus dados para processar as den\u00fancias recebidas relacionadas com o \u00e2mbito material do Canal Interno, investigando os factos denunciados e tomando as medidas adequadas no quadro da legisla\u00e7\u00e3o em vigor nesta mat\u00e9ria.<\/p>\n<p>&nbsp;<\/p>\n<p>Informamos tamb\u00e9m que obteremos os dados proporcionados pelo utilizador atrav\u00e9s do Canal ou de terceiros em caso de divulga\u00e7\u00e3o p\u00fablica e, se for caso disso, iremos tratar as informa\u00e7\u00f5es contidas nessa divulga\u00e7\u00e3o.<\/p>\n<p>&nbsp;<\/p>\n<p>A categoria de dados objeto de tratamento para a gest\u00e3o do Canal Interno inclui os dados de identifica\u00e7\u00e3o e de contacto, voz, bem como os diferentes dados fornecidos por quem contacta atrav\u00e9s deste meio.<\/p>\n<p>&nbsp;<\/p>\n<p><strong>3. Durante quanto tempo conservamos os dados? <\/strong><\/p>\n<p>Conservamos os seus dados durante um per\u00edodo m\u00e1ximo de tr\u00eas meses desde a introdu\u00e7\u00e3o dos dados s\u00e3o introduzidos no Canal Interno. Al\u00e9m disso, os dados podem ser conservados por mais tr\u00eas meses em casos de especial complexidade. Os dados n\u00e3o podem, em caso algum, ser conservados por um per\u00edodo superior a dez anos no respetivo livro de registo. No entanto, a t\u00edtulo extraordin\u00e1rio, a empresa reserva-se a possibilidade, para poder exercer os seus direitos de defesa com todas as garantias, de bloquear devidamente os processos de den\u00fancia durante um per\u00edodo m\u00e1ximo equivalente ao prazo de prescri\u00e7\u00e3o aplic\u00e1vel em cada caso \u00e0 infra\u00e7\u00e3o penal ou administrativa denunciada.<\/p>\n<p>&nbsp;<\/p>\n<p><strong>4. Base de legitimidade para o tratamento dos dados <\/strong><\/p>\n<p>A base de legitimidade para o tratamento dos dados inclu\u00eddos nas comunica\u00e7\u00f5es internas \u00e9 uma obriga\u00e7\u00e3o legal nos termos do artigo 6.\u00ba\/1.c do RGPD, em virtude da Lei 2\/2023 de 20 de fevereiro, que regula a prote\u00e7\u00e3o das pessoas que denunciam infra\u00e7\u00f5es regulamentares e a luta contra a corrup\u00e7\u00e3o.<\/p>\n<p>&nbsp;<\/p>\n<p>Em caso de revela\u00e7\u00e3o p\u00fablica, o tratamento tem como base de legitimidade o cumprimento de uma miss\u00e3o realizada em interesse p\u00fablico, em conformidade com o artigo 6.\u00ba\/1.e do RGPD. Solicitaremos o seu consentimento, sempre que for necess\u00e1rio, para cumprir os requisitos da Lei 2\/2023, de 20 de fevereiro, relativa \u00e0 prote\u00e7\u00e3o das pessoas que denunciam infra\u00e7\u00f5es regulamentares e \u00e0 luta contra a corrup\u00e7\u00e3o.<\/p>\n<p>&nbsp;<\/p>\n<p>A informa\u00e7\u00e3o recebida que inclua dados considerados de categoria especial ir\u00e1 ser eliminada de forma imediata, sem que seja registada e se proceda ao seu tratamento, desde que os referidos dados n\u00e3o sejam necess\u00e1rios para levar a cabo a investiga\u00e7\u00e3o e exceto se o tratamento for realizado por raz\u00f5es de interesse p\u00fablico essencial, em virtude do artigo 9.\u00ba\/2.g) do RGPD.<\/p>\n<p>&nbsp;<\/p>\n<p><strong>5. A quem comunicamos os seus dados? <\/strong><\/p>\n<p>Os dados pessoais contidos no Canal Interno n\u00e3o s\u00e3o transferidos para terceiros, exceto por obriga\u00e7\u00e3o legal. Os dados ser\u00e3o tratados confidencialmente, exceto os de forma an\u00f3nima, em cujo caso n\u00e3o ser\u00e3o processados quaisquer dados pessoais.<\/p>\n<p>&nbsp;<\/p>\n<p>No entanto, para a gest\u00e3o adequada do Canal Interno, ser\u00e1 l\u00edcito o tratamento de dados por outras pessoas, incluindo a sua comunica\u00e7\u00e3o a terceiros quando tal for necess\u00e1rio para tomar medidas corretivas ou, se aplic\u00e1vel, no tratamento de processos sancionat\u00f3rios ou penais.<\/p>\n<p>&nbsp;<\/p>\n<p>Para al\u00e9m das comunica\u00e7\u00f5es de dados supramencionadas, informamos que a Lyntia conta com a colabora\u00e7\u00e3o de terceiros prestadores de servi\u00e7os que t\u00eam acesso aos seus dados pessoais e que tratam os referidos dados em nome e por conta do respons\u00e1vel pelo tratamento de dados, em resultado da sua presta\u00e7\u00e3o de servi\u00e7os para o Canal Interno. Para isso, s\u00e3o estabelecidos crit\u00e9rios rigorosos de sele\u00e7\u00e3o de fornecedores de servi\u00e7os para o cumprimento das suas obriga\u00e7\u00f5es em mat\u00e9ria de prote\u00e7\u00e3o de dados e compromete-se a subscrever com eles o correspondente acordo de tratamento de dados em conformidade com o artigo 28.\u00ba do RGPD.<\/p>\n<p>&nbsp;<\/p>\n<p><strong>6. Informa\u00e7\u00f5es de interesse para o denunciante<br \/>\n<\/strong><\/p>\n<ul>\n<li style=\"list-style-type: none;\">\n<ul>\n<li><strong>\u2022<\/strong> A Lyntia assegura o respeito pelo direito \u00e0 honra e o cumprimento do compromisso de n\u00e3o-retalia\u00e7\u00e3o por uma comunica\u00e7\u00e3o efetuada de boa-f\u00e9.<\/li>\n<li><strong>\u2022<\/strong> Informamos que a confidencialidade da sua comunica\u00e7\u00e3o ser\u00e1 sempre garantida de acordo com as boas pr\u00e1ticas e a regulamenta\u00e7\u00e3o em vigor.<\/li>\n<li><strong>\u2022<\/strong> Os dados relativos ao registo de irregularidades \/ infra\u00e7\u00f5es ser\u00e3o tratados confidencialmente e conservados no Canal Interno durante o tempo estritamente necess\u00e1rio para a tramita\u00e7\u00e3o das a\u00e7\u00f5es de investiga\u00e7\u00e3o necess\u00e1rias.<\/li>\n<li><strong>\u2022<\/strong> Os dados pessoais ser\u00e3o inclu\u00eddos no Canal Interno apenas para efeitos de investiga\u00e7\u00e3o da den\u00fancia. Os dados ser\u00e3o apagados do Canal uma vez conclu\u00edda a investiga\u00e7\u00e3o e sempre no prazo previsto na regulamenta\u00e7\u00e3o. Decorrido este prazo, os seus dados ser\u00e3o apagados do Canal ou anonimizados se a den\u00fancia for utilizada para garantir o funcionamento do modelo de preven\u00e7\u00e3o da criminalidade.<\/li>\n<\/ul>\n<\/li>\n<\/ul>\n<p>&nbsp;<\/p>\n<p>Pode exercer os seus direitos de acesso, retifica\u00e7\u00e3o, apagamento, oposi\u00e7\u00e3o, limita\u00e7\u00e3o da finalidade, portabilidade, retirar o seu consentimento e n\u00e3o ficar sujeito a decis\u00f5es automatizadas sobre os dados pessoais que forneceu, escrevendo uma mensagem de correio eletr\u00f3nico para <a href=\"mailto:protecciondedatos@lyntia.com\"><strong>protecciondedatos@lyntia.com.<\/strong><\/a><\/p>\n<p>&nbsp;<\/p>\n<p>Informamos tamb\u00e9m que, se considerar que os seus direitos de privacidade foram infringidos, pode apresentar uma reclama\u00e7\u00e3o junto da Ag\u00eancia Espanhola de Prote\u00e7\u00e3o de Dados (<a href=\"http:\/\/www.aepd.es\/\">www.aepd.es<\/a>).<\/p>\n<p>&nbsp;<\/p>\n<p>&nbsp;<\/p>\n<p>[\/vc_column_text][\/vc_column][\/vc_row]<\/p>\n<\/div>","protected":false},"excerpt":{"rendered":"<p>[vc_row css_animation=&#8221;&#8221; row_type=&#8221;row&#8221; use_row_as_full_screen_section=&#8221;no&#8221; type=&#8221;full_width&#8221; angled_section=&#8221;no&#8221; text_align=&#8221;left&#8221; background_image_as_pattern=&#8221;without_pattern&#8221; css=&#8221;.vc_custom_1558612872172{padding-top: 30px !important;padding-bottom: 50px !important;}&#8221; z_index=&#8221;&#8221;][vc_column][vc_column_text]POL\u00cdTICA DE PRIVACIDADE \u00daltima atualiza\u00e7\u00e3o: dezembro de 2018 &nbsp; &nbsp; POL\u00cdTICA DE PRIVACIDADE Informamos, de acordo com a regulamenta\u00e7\u00e3o em vigor em mat\u00e9ria de prote\u00e7\u00e3o de dados, que a Lyntia Networks, S.A.U. (doravante &#8220;Lyntia&#8221;) tratar\u00e1 os seus dados para gerir as den\u00fancias&#8230;<\/p>\n","protected":false},"author":6,"featured_media":0,"parent":0,"menu_order":0,"comment_status":"closed","ping_status":"closed","template":"","meta":{"content-type":"","footnotes":""},"class_list":["post-17508","page","type-page","status-publish","hentry"],"yoast_head":"<!-- This site is optimized with the Yoast SEO plugin v27.3 - https:\/\/yoast.com\/product\/yoast-seo-wordpress\/ -->\n<title>POL\u00cdTICA DE PRIVACIDADE - lyntia<\/title>\n<meta name=\"robots\" content=\"index, follow, max-snippet:-1, max-image-preview:large, max-video-preview:-1\" \/>\n<link rel=\"canonical\" href=\"https:\/\/www.lyntia.com\/pt-pt\/politica-de-privacidade\/\" \/>\n<meta property=\"og:locale\" content=\"pt_PT\" \/>\n<meta property=\"og:type\" content=\"article\" \/>\n<meta property=\"og:title\" content=\"POL\u00cdTICA DE PRIVACIDADE - lyntia\" \/>\n<meta property=\"og:description\" content=\"[vc_row css_animation=&#8221;&#8221; row_type=&#8221;row&#8221; use_row_as_full_screen_section=&#8221;no&#8221; type=&#8221;full_width&#8221; angled_section=&#8221;no&#8221; text_align=&#8221;left&#8221; background_image_as_pattern=&#8221;without_pattern&#8221; css=&#8221;.vc_custom_1558612872172{padding-top: 30px !important;padding-bottom: 50px !important;}&#8221; z_index=&#8221;&#8221;][vc_column][vc_column_text]POL\u00cdTICA DE PRIVACIDADE \u00daltima atualiza\u00e7\u00e3o: dezembro de 2018 &nbsp; &nbsp; POL\u00cdTICA DE PRIVACIDADE Informamos, de acordo com a regulamenta\u00e7\u00e3o em vigor em mat\u00e9ria de prote\u00e7\u00e3o de dados, que a Lyntia Networks, S.A.U. (doravante &#8220;Lyntia&#8221;) tratar\u00e1 os seus dados para gerir as den\u00fancias...\" \/>\n<meta property=\"og:url\" content=\"https:\/\/www.lyntia.com\/pt-pt\/politica-de-privacidade\/\" \/>\n<meta property=\"og:site_name\" content=\"lyntia\" \/>\n<meta property=\"article:modified_time\" content=\"2024-04-12T10:18:40+00:00\" \/>\n<meta name=\"twitter:card\" content=\"summary_large_image\" \/>\n<meta name=\"twitter:label1\" content=\"Tempo estimado de leitura\" \/>\n\t<meta name=\"twitter:data1\" content=\"5 minutos\" \/>\n<script type=\"application\/ld+json\" class=\"yoast-schema-graph\">{\"@context\":\"https:\\\/\\\/schema.org\",\"@graph\":[{\"@type\":\"WebPage\",\"@id\":\"https:\\\/\\\/www.lyntia.com\\\/pt-pt\\\/politica-de-privacidade\\\/\",\"url\":\"https:\\\/\\\/www.lyntia.com\\\/pt-pt\\\/politica-de-privacidade\\\/\",\"name\":\"POL\u00cdTICA DE PRIVACIDADE - lyntia\",\"isPartOf\":{\"@id\":\"https:\\\/\\\/www.lyntia.com\\\/#website\"},\"datePublished\":\"2024-04-08T13:20:41+00:00\",\"dateModified\":\"2024-04-12T10:18:40+00:00\",\"breadcrumb\":{\"@id\":\"https:\\\/\\\/www.lyntia.com\\\/pt-pt\\\/politica-de-privacidade\\\/#breadcrumb\"},\"inLanguage\":\"pt-PT\",\"potentialAction\":[{\"@type\":\"ReadAction\",\"target\":[\"https:\\\/\\\/www.lyntia.com\\\/pt-pt\\\/politica-de-privacidade\\\/\"]}]},{\"@type\":\"BreadcrumbList\",\"@id\":\"https:\\\/\\\/www.lyntia.com\\\/pt-pt\\\/politica-de-privacidade\\\/#breadcrumb\",\"itemListElement\":[{\"@type\":\"ListItem\",\"position\":1,\"name\":\"Home\",\"item\":\"https:\\\/\\\/www.lyntia.com\\\/pt-pt\\\/\"},{\"@type\":\"ListItem\",\"position\":2,\"name\":\"POL\u00cdTICA DE PRIVACIDADE\"}]},{\"@type\":\"WebSite\",\"@id\":\"https:\\\/\\\/www.lyntia.com\\\/#website\",\"url\":\"https:\\\/\\\/www.lyntia.com\\\/\",\"name\":\"lyntia\",\"description\":\"A Digital Company\",\"potentialAction\":[{\"@type\":\"SearchAction\",\"target\":{\"@type\":\"EntryPoint\",\"urlTemplate\":\"https:\\\/\\\/www.lyntia.com\\\/?s={search_term_string}\"},\"query-input\":{\"@type\":\"PropertyValueSpecification\",\"valueRequired\":true,\"valueName\":\"search_term_string\"}}],\"inLanguage\":\"pt-PT\"}]}<\/script>\n<!-- \/ Yoast SEO plugin. -->","yoast_head_json":{"title":"POL\u00cdTICA DE PRIVACIDADE - lyntia","robots":{"index":"index","follow":"follow","max-snippet":"max-snippet:-1","max-image-preview":"max-image-preview:large","max-video-preview":"max-video-preview:-1"},"canonical":"https:\/\/www.lyntia.com\/pt-pt\/politica-de-privacidade\/","og_locale":"pt_PT","og_type":"article","og_title":"POL\u00cdTICA DE PRIVACIDADE - lyntia","og_description":"[vc_row css_animation=&#8221;&#8221; row_type=&#8221;row&#8221; use_row_as_full_screen_section=&#8221;no&#8221; type=&#8221;full_width&#8221; angled_section=&#8221;no&#8221; text_align=&#8221;left&#8221; background_image_as_pattern=&#8221;without_pattern&#8221; css=&#8221;.vc_custom_1558612872172{padding-top: 30px !important;padding-bottom: 50px !important;}&#8221; z_index=&#8221;&#8221;][vc_column][vc_column_text]POL\u00cdTICA DE PRIVACIDADE \u00daltima atualiza\u00e7\u00e3o: dezembro de 2018 &nbsp; &nbsp; POL\u00cdTICA DE PRIVACIDADE Informamos, de acordo com a regulamenta\u00e7\u00e3o em vigor em mat\u00e9ria de prote\u00e7\u00e3o de dados, que a Lyntia Networks, S.A.U. (doravante &#8220;Lyntia&#8221;) tratar\u00e1 os seus dados para gerir as den\u00fancias...","og_url":"https:\/\/www.lyntia.com\/pt-pt\/politica-de-privacidade\/","og_site_name":"lyntia","article_modified_time":"2024-04-12T10:18:40+00:00","twitter_card":"summary_large_image","twitter_misc":{"Tempo estimado de leitura":"5 minutos"},"schema":{"@context":"https:\/\/schema.org","@graph":[{"@type":"WebPage","@id":"https:\/\/www.lyntia.com\/pt-pt\/politica-de-privacidade\/","url":"https:\/\/www.lyntia.com\/pt-pt\/politica-de-privacidade\/","name":"POL\u00cdTICA DE PRIVACIDADE - lyntia","isPartOf":{"@id":"https:\/\/www.lyntia.com\/#website"},"datePublished":"2024-04-08T13:20:41+00:00","dateModified":"2024-04-12T10:18:40+00:00","breadcrumb":{"@id":"https:\/\/www.lyntia.com\/pt-pt\/politica-de-privacidade\/#breadcrumb"},"inLanguage":"pt-PT","potentialAction":[{"@type":"ReadAction","target":["https:\/\/www.lyntia.com\/pt-pt\/politica-de-privacidade\/"]}]},{"@type":"BreadcrumbList","@id":"https:\/\/www.lyntia.com\/pt-pt\/politica-de-privacidade\/#breadcrumb","itemListElement":[{"@type":"ListItem","position":1,"name":"Home","item":"https:\/\/www.lyntia.com\/pt-pt\/"},{"@type":"ListItem","position":2,"name":"POL\u00cdTICA DE PRIVACIDADE"}]},{"@type":"WebSite","@id":"https:\/\/www.lyntia.com\/#website","url":"https:\/\/www.lyntia.com\/","name":"lyntia","description":"A Digital Company","potentialAction":[{"@type":"SearchAction","target":{"@type":"EntryPoint","urlTemplate":"https:\/\/www.lyntia.com\/?s={search_term_string}"},"query-input":{"@type":"PropertyValueSpecification","valueRequired":true,"valueName":"search_term_string"}}],"inLanguage":"pt-PT"}]}},"rttpg_featured_image_url":null,"rttpg_author":{"display_name":"spane","author_link":"https:\/\/www.lyntia.com\/pt-pt\/author\/spane\/"},"rttpg_comment":0,"rttpg_category":" <a href=\"https:\/\/www.lyntia.com\/pt-pt\/?taxonomy=translation_priority&#038;term=opcional-pt-pt\" rel=\"tag\">Opcional<\/a>","rttpg_excerpt":"[vc_row css_animation=&#8221;&#8221; row_type=&#8221;row&#8221; use_row_as_full_screen_section=&#8221;no&#8221; type=&#8221;full_width&#8221; angled_section=&#8221;no&#8221; text_align=&#8221;left&#8221; background_image_as_pattern=&#8221;without_pattern&#8221; css=&#8221;.vc_custom_1558612872172{padding-top: 30px !important;padding-bottom: 50px !important;}&#8221; z_index=&#8221;&#8221;][vc_column][vc_column_text]POL\u00cdTICA DE PRIVACIDADE \u00daltima atualiza\u00e7\u00e3o: dezembro de 2018 &nbsp; &nbsp; POL\u00cdTICA DE PRIVACIDADE Informamos, de acordo com a regulamenta\u00e7\u00e3o em vigor em mat\u00e9ria de prote\u00e7\u00e3o de dados, que a Lyntia Networks, S.A.U. (doravante &#8220;Lyntia&#8221;) tratar\u00e1 os seus dados para gerir as den\u00fancias...","_links":{"self":[{"href":"https:\/\/www.lyntia.com\/pt-pt\/wp-json\/wp\/v2\/pages\/17508","targetHints":{"allow":["GET"]}}],"collection":[{"href":"https:\/\/www.lyntia.com\/pt-pt\/wp-json\/wp\/v2\/pages"}],"about":[{"href":"https:\/\/www.lyntia.com\/pt-pt\/wp-json\/wp\/v2\/types\/page"}],"author":[{"embeddable":true,"href":"https:\/\/www.lyntia.com\/pt-pt\/wp-json\/wp\/v2\/users\/6"}],"replies":[{"embeddable":true,"href":"https:\/\/www.lyntia.com\/pt-pt\/wp-json\/wp\/v2\/comments?post=17508"}],"version-history":[{"count":0,"href":"https:\/\/www.lyntia.com\/pt-pt\/wp-json\/wp\/v2\/pages\/17508\/revisions"}],"wp:attachment":[{"href":"https:\/\/www.lyntia.com\/pt-pt\/wp-json\/wp\/v2\/media?parent=17508"}],"curies":[{"name":"wp","href":"https:\/\/api.w.org\/{rel}","templated":true}]}}