{"id":17499,"date":"2024-04-08T14:20:41","date_gmt":"2024-04-08T13:20:41","guid":{"rendered":"https:\/\/www.lyntia.com\/?page_id=17499"},"modified":"2026-02-19T15:04:23","modified_gmt":"2026-02-19T14:04:23","slug":"politica-de-qualidade","status":"publish","type":"page","link":"https:\/\/www.lyntia.com\/pt-pt\/politica-de-qualidade\/","title":{"rendered":"Pol\u00edtica de qualidade"},"content":{"rendered":"<div class=\"wpb-content-wrapper\"><p>[vc_row css_animation=&#8221;&#8221; row_type=&#8221;row&#8221; use_row_as_full_screen_section=&#8221;no&#8221; type=&#8221;full_width&#8221; angled_section=&#8221;no&#8221; text_align=&#8221;left&#8221; background_image_as_pattern=&#8221;without_pattern&#8221;][vc_column][vc_column_text css=&#8221;&#8221;]<\/p>\n<h3 style=\"text-align: center;\">Pol\u00edtica de Qualidade, Gest\u00e3o Ambiental e Energ\u00e9tica e Gest\u00e3o da Seguran\u00e7a e Sa\u00fade no Trabalho<\/h3>\n<p>&nbsp;<\/p>\n<p>A <strong>Dire\u00e7\u00e3o da Lyntia Networks S.A.<\/strong>, consciente do compromisso assumido com os seus clientes, da import\u00e2ncia da prote\u00e7\u00e3o do meio ambiente que nos rodeia e da seguran\u00e7a e sa\u00fade no trabalho, estabeleceu na sua organiza\u00e7\u00e3o um Sistema de Gest\u00e3o Integrado baseado nas normas ISO 9001, ISO 14001, ISO 50001 e ISO 45001, para as atividades de conce\u00e7\u00e3o, desenvolvimento, implementa\u00e7\u00e3o e comercializa\u00e7\u00e3o de redes de telecomunica\u00e7\u00f5es, sempre orientado para a obten\u00e7\u00e3o dos seguintes objetivos:<\/p>\n<p>&nbsp;<\/p>\n<p>\u2022 Assegurar que os servi\u00e7os prestados s\u00e3o seguros e fi\u00e1veis, cumprem os cadernos de encargos, normas e instru\u00e7\u00f5es aplic\u00e1veis, se adaptam aos requisitos e expectativas dos clientes e melhoram continuamente.<br \/>\n\u2022 Cumprir os requisitos legais e regulamentares em mat\u00e9ria de qualidade, gest\u00e3o ambiental e seguran\u00e7a e sa\u00fade no trabalho, bem como aqueles que subscrevemos voluntariamente ou que sejam impostos por partes interessadas.<br \/>\n\u2022 Promover a redu\u00e7\u00e3o\/elimina\u00e7ao do impacto que a atividade causa no meio ambiente e a preven\u00e7\u00e3o da polui\u00e7\u00e3o.<br \/>\n\u2022 Compromisso de proporcionar condi\u00e7\u00f5es de trabalho seguras e saud\u00e1veis para a preven\u00e7\u00e3o de danos e deteriora\u00e7\u00e3o da sa\u00fade, em fun\u00e7\u00e3o dos riscos laborais identificados.<br \/>\n\u2022 Oferecer servi\u00e7os de qualidade que cumpram os requisitos dos cadernos t\u00e9cnicos, contratos e outros compromissos assumidos pela organiza\u00e7\u00e3o.<br \/>\n\u2022 Compromisso de disponibilizar ferramentas e meios necess\u00e1rios para a consulta e participa\u00e7\u00e3o dos trabalhadores e dos seus representantes.<br \/>\n\u2022 Promover a melhoria cont\u00ednua.<br \/>\n\u2022 Promover a redu\u00e7\u00e3o das emiss\u00f5es de gases com efeito de estufa atrav\u00e9s da compra e utiliza\u00e7\u00e3o de energia proveniente de fontes com menor emiss\u00e3o, da aquisi\u00e7\u00e3o de equipamentos e servi\u00e7os energeticamente eficientes e de um comportamento adequado no uso e consumo de energia.<br \/>\n\u2022 Fornecer um enquadramento de refer\u00eancia para o estabelecimento de objetivos de qualidade, gest\u00e3o ambiental, gest\u00e3o energ\u00e9tica e seguran\u00e7a e sa\u00fade no trabalho.<\/p>\n<p>&nbsp;<\/p>\n<p>O Comit\u00e9 de Dire\u00e7\u00e3o Geral da <strong>Lyntia Networks S.A.<\/strong> estabelece que esta Pol\u00edtica seja conhecida por todo o pessoal da organiza\u00e7\u00e3o, bem como por fornecedores e colaboradores, podendo ser consultada por qualquer pessoa externa que assim o considere oportuno.<\/p>\n<p>&nbsp;<\/p>\n<p><strong>Aprovado por:<\/strong><\/p>\n<p>Administradores Mancomunados.<\/p>\n<p>&nbsp;<\/p>\n<p><strong>Data:<\/strong><\/p>\n<p>17\/02\/2026[\/vc_column_text][\/vc_column][\/vc_row]<\/p>\n<\/div>","protected":false},"excerpt":{"rendered":"<p>[vc_row css_animation=&#8221;&#8221; row_type=&#8221;row&#8221; use_row_as_full_screen_section=&#8221;no&#8221; type=&#8221;full_width&#8221; angled_section=&#8221;no&#8221; text_align=&#8221;left&#8221; background_image_as_pattern=&#8221;without_pattern&#8221;][vc_column][vc_column_text css=&#8221;&#8221;] Pol\u00edtica de Qualidade, Gest\u00e3o Ambiental e Energ\u00e9tica e Gest\u00e3o da Seguran\u00e7a e Sa\u00fade no Trabalho &nbsp; A Dire\u00e7\u00e3o da Lyntia Networks S.A., consciente do compromisso assumido com os seus clientes, da import\u00e2ncia da prote\u00e7\u00e3o do meio ambiente que nos rodeia e da seguran\u00e7a e sa\u00fade no&#8230;<\/p>\n","protected":false},"author":6,"featured_media":0,"parent":0,"menu_order":0,"comment_status":"closed","ping_status":"closed","template":"","meta":{"content-type":"","footnotes":""},"class_list":["post-17499","page","type-page","status-publish","hentry"],"yoast_head":"<!-- This site is optimized with the Yoast SEO plugin v27.4 - https:\/\/yoast.com\/product\/yoast-seo-wordpress\/ -->\n<title>Pol\u00edtica de qualidade - lyntia<\/title>\n<meta name=\"robots\" content=\"index, follow, max-snippet:-1, max-image-preview:large, max-video-preview:-1\" \/>\n<link rel=\"canonical\" href=\"https:\/\/www.lyntia.com\/pt-pt\/politica-de-qualidade\/\" \/>\n<meta property=\"og:locale\" content=\"pt_PT\" \/>\n<meta property=\"og:type\" content=\"article\" \/>\n<meta property=\"og:title\" content=\"Pol\u00edtica de qualidade - lyntia\" \/>\n<meta property=\"og:description\" content=\"[vc_row css_animation=&#8221;&#8221; row_type=&#8221;row&#8221; use_row_as_full_screen_section=&#8221;no&#8221; type=&#8221;full_width&#8221; angled_section=&#8221;no&#8221; text_align=&#8221;left&#8221; background_image_as_pattern=&#8221;without_pattern&#8221;][vc_column][vc_column_text css=&#8221;&#8221;] Pol\u00edtica de Qualidade, Gest\u00e3o Ambiental e Energ\u00e9tica e Gest\u00e3o da Seguran\u00e7a e Sa\u00fade no Trabalho &nbsp; A Dire\u00e7\u00e3o da Lyntia Networks S.A., consciente do compromisso assumido com os seus clientes, da import\u00e2ncia da prote\u00e7\u00e3o do meio ambiente que nos rodeia e da seguran\u00e7a e sa\u00fade no...\" \/>\n<meta property=\"og:url\" content=\"https:\/\/www.lyntia.com\/pt-pt\/politica-de-qualidade\/\" \/>\n<meta property=\"og:site_name\" content=\"lyntia\" \/>\n<meta property=\"article:modified_time\" content=\"2026-02-19T14:04:23+00:00\" \/>\n<meta name=\"twitter:card\" content=\"summary_large_image\" \/>\n<meta name=\"twitter:label1\" content=\"Tempo estimado de leitura\" \/>\n\t<meta name=\"twitter:data1\" content=\"2 minutos\" \/>\n<script type=\"application\/ld+json\" class=\"yoast-schema-graph\">{\"@context\":\"https:\\\/\\\/schema.org\",\"@graph\":[{\"@type\":\"WebPage\",\"@id\":\"https:\\\/\\\/www.lyntia.com\\\/pt-pt\\\/politica-de-qualidade\\\/\",\"url\":\"https:\\\/\\\/www.lyntia.com\\\/pt-pt\\\/politica-de-qualidade\\\/\",\"name\":\"Pol\u00edtica de qualidade - lyntia\",\"isPartOf\":{\"@id\":\"https:\\\/\\\/www.lyntia.com\\\/#website\"},\"datePublished\":\"2024-04-08T13:20:41+00:00\",\"dateModified\":\"2026-02-19T14:04:23+00:00\",\"breadcrumb\":{\"@id\":\"https:\\\/\\\/www.lyntia.com\\\/pt-pt\\\/politica-de-qualidade\\\/#breadcrumb\"},\"inLanguage\":\"pt-PT\",\"potentialAction\":[{\"@type\":\"ReadAction\",\"target\":[\"https:\\\/\\\/www.lyntia.com\\\/pt-pt\\\/politica-de-qualidade\\\/\"]}]},{\"@type\":\"BreadcrumbList\",\"@id\":\"https:\\\/\\\/www.lyntia.com\\\/pt-pt\\\/politica-de-qualidade\\\/#breadcrumb\",\"itemListElement\":[{\"@type\":\"ListItem\",\"position\":1,\"name\":\"Home\",\"item\":\"https:\\\/\\\/www.lyntia.com\\\/pt-pt\\\/\"},{\"@type\":\"ListItem\",\"position\":2,\"name\":\"Pol\u00edtica de qualidade\"}]},{\"@type\":\"WebSite\",\"@id\":\"https:\\\/\\\/www.lyntia.com\\\/#website\",\"url\":\"https:\\\/\\\/www.lyntia.com\\\/\",\"name\":\"lyntia\",\"description\":\"A Digital Company\",\"potentialAction\":[{\"@type\":\"SearchAction\",\"target\":{\"@type\":\"EntryPoint\",\"urlTemplate\":\"https:\\\/\\\/www.lyntia.com\\\/?s={search_term_string}\"},\"query-input\":{\"@type\":\"PropertyValueSpecification\",\"valueRequired\":true,\"valueName\":\"search_term_string\"}}],\"inLanguage\":\"pt-PT\"}]}<\/script>\n<!-- \/ Yoast SEO plugin. -->","yoast_head_json":{"title":"Pol\u00edtica de qualidade - lyntia","robots":{"index":"index","follow":"follow","max-snippet":"max-snippet:-1","max-image-preview":"max-image-preview:large","max-video-preview":"max-video-preview:-1"},"canonical":"https:\/\/www.lyntia.com\/pt-pt\/politica-de-qualidade\/","og_locale":"pt_PT","og_type":"article","og_title":"Pol\u00edtica de qualidade - lyntia","og_description":"[vc_row css_animation=&#8221;&#8221; row_type=&#8221;row&#8221; use_row_as_full_screen_section=&#8221;no&#8221; type=&#8221;full_width&#8221; angled_section=&#8221;no&#8221; text_align=&#8221;left&#8221; background_image_as_pattern=&#8221;without_pattern&#8221;][vc_column][vc_column_text css=&#8221;&#8221;] Pol\u00edtica de Qualidade, Gest\u00e3o Ambiental e Energ\u00e9tica e Gest\u00e3o da Seguran\u00e7a e Sa\u00fade no Trabalho &nbsp; A Dire\u00e7\u00e3o da Lyntia Networks S.A., consciente do compromisso assumido com os seus clientes, da import\u00e2ncia da prote\u00e7\u00e3o do meio ambiente que nos rodeia e da seguran\u00e7a e sa\u00fade no...","og_url":"https:\/\/www.lyntia.com\/pt-pt\/politica-de-qualidade\/","og_site_name":"lyntia","article_modified_time":"2026-02-19T14:04:23+00:00","twitter_card":"summary_large_image","twitter_misc":{"Tempo estimado de leitura":"2 minutos"},"schema":{"@context":"https:\/\/schema.org","@graph":[{"@type":"WebPage","@id":"https:\/\/www.lyntia.com\/pt-pt\/politica-de-qualidade\/","url":"https:\/\/www.lyntia.com\/pt-pt\/politica-de-qualidade\/","name":"Pol\u00edtica de qualidade - lyntia","isPartOf":{"@id":"https:\/\/www.lyntia.com\/#website"},"datePublished":"2024-04-08T13:20:41+00:00","dateModified":"2026-02-19T14:04:23+00:00","breadcrumb":{"@id":"https:\/\/www.lyntia.com\/pt-pt\/politica-de-qualidade\/#breadcrumb"},"inLanguage":"pt-PT","potentialAction":[{"@type":"ReadAction","target":["https:\/\/www.lyntia.com\/pt-pt\/politica-de-qualidade\/"]}]},{"@type":"BreadcrumbList","@id":"https:\/\/www.lyntia.com\/pt-pt\/politica-de-qualidade\/#breadcrumb","itemListElement":[{"@type":"ListItem","position":1,"name":"Home","item":"https:\/\/www.lyntia.com\/pt-pt\/"},{"@type":"ListItem","position":2,"name":"Pol\u00edtica de qualidade"}]},{"@type":"WebSite","@id":"https:\/\/www.lyntia.com\/#website","url":"https:\/\/www.lyntia.com\/","name":"lyntia","description":"A Digital Company","potentialAction":[{"@type":"SearchAction","target":{"@type":"EntryPoint","urlTemplate":"https:\/\/www.lyntia.com\/?s={search_term_string}"},"query-input":{"@type":"PropertyValueSpecification","valueRequired":true,"valueName":"search_term_string"}}],"inLanguage":"pt-PT"}]}},"rttpg_featured_image_url":null,"rttpg_author":{"display_name":"spane","author_link":"https:\/\/www.lyntia.com\/pt-pt\/author\/spane\/"},"rttpg_comment":0,"rttpg_category":" <a href=\"https:\/\/www.lyntia.com\/pt-pt\/?taxonomy=translation_priority&#038;term=opcional-pt-pt\" rel=\"tag\">Opcional<\/a>","rttpg_excerpt":"[vc_row css_animation=&#8221;&#8221; row_type=&#8221;row&#8221; use_row_as_full_screen_section=&#8221;no&#8221; type=&#8221;full_width&#8221; angled_section=&#8221;no&#8221; text_align=&#8221;left&#8221; background_image_as_pattern=&#8221;without_pattern&#8221;][vc_column][vc_column_text css=&#8221;&#8221;] Pol\u00edtica de Qualidade, Gest\u00e3o Ambiental e Energ\u00e9tica e Gest\u00e3o da Seguran\u00e7a e Sa\u00fade no Trabalho &nbsp; A Dire\u00e7\u00e3o da Lyntia Networks S.A., consciente do compromisso assumido com os seus clientes, da import\u00e2ncia da prote\u00e7\u00e3o do meio ambiente que nos rodeia e da seguran\u00e7a e sa\u00fade no...","_links":{"self":[{"href":"https:\/\/www.lyntia.com\/pt-pt\/wp-json\/wp\/v2\/pages\/17499","targetHints":{"allow":["GET"]}}],"collection":[{"href":"https:\/\/www.lyntia.com\/pt-pt\/wp-json\/wp\/v2\/pages"}],"about":[{"href":"https:\/\/www.lyntia.com\/pt-pt\/wp-json\/wp\/v2\/types\/page"}],"author":[{"embeddable":true,"href":"https:\/\/www.lyntia.com\/pt-pt\/wp-json\/wp\/v2\/users\/6"}],"replies":[{"embeddable":true,"href":"https:\/\/www.lyntia.com\/pt-pt\/wp-json\/wp\/v2\/comments?post=17499"}],"version-history":[{"count":4,"href":"https:\/\/www.lyntia.com\/pt-pt\/wp-json\/wp\/v2\/pages\/17499\/revisions"}],"predecessor-version":[{"id":21578,"href":"https:\/\/www.lyntia.com\/pt-pt\/wp-json\/wp\/v2\/pages\/17499\/revisions\/21578"}],"wp:attachment":[{"href":"https:\/\/www.lyntia.com\/pt-pt\/wp-json\/wp\/v2\/media?parent=17499"}],"curies":[{"name":"wp","href":"https:\/\/api.w.org\/{rel}","templated":true}]}}