{"id":17488,"date":"2024-04-08T14:20:11","date_gmt":"2024-04-08T13:20:11","guid":{"rendered":"https:\/\/www.lyntia.com\/?page_id=17488"},"modified":"2025-07-30T11:23:40","modified_gmt":"2025-07-30T10:23:40","slug":"noticias-e-eventos","status":"publish","type":"page","link":"https:\/\/www.lyntia.com\/pt-pt\/noticias-e-eventos\/","title":{"rendered":"Not\u00edcias e eventos"},"content":{"rendered":"<div class=\"wpb-content-wrapper\"><p>[vc_row css_animation=&#8221;&#8221; row_type=&#8221;row&#8221; use_row_as_full_screen_section=&#8221;no&#8221; type=&#8221;full_width&#8221; angled_section=&#8221;no&#8221; text_align=&#8221;left&#8221; background_image_as_pattern=&#8221;without_pattern&#8221; el_class=&#8221;news-events-rpw-1&#8243; z_index=&#8221;&#8221;][vc_column][vc_column_text css=&#8221;&#8221;]<\/p>\n<div class=\"tabs-links\"><span style=\"margin-right: 20px;\"><a href=\"https:\/\/www.lyntia.com\/pt-pt\/casos-de-uso\">Caso de uso<\/a><\/span><span class=\"link-news\"><a href=\"https:\/\/www.lyntia.com\/pt-pt\/noticias-e-eventos\/\">Noticias<\/a><\/span><a href=\"https:\/\/www.lyntia.com\/pt-pt\/comunicados-de-imprensa\/\"><span class=\"link-press\">Imprensa<\/span><\/a><\/div>\n<p>[\/vc_column_text][vc_column_text css=&#8221;&#8221; el_class=&#8221;download-press-kit-button&#8221;]<\/p>\n<p style=\"text-align: right;\"><a href=\"https:\/\/www.lyntia.com\/wp-content\/uploads\/2019\/04\/PressDossier_2025.pdf\" target=\"_blank\" rel=\"noopener\">Descarregar o kit de imprensa<\/a><\/p>\n<p>[\/vc_column_text][\/vc_column][\/vc_row][vc_row css_animation=&#8221;&#8221; row_type=&#8221;row&#8221; use_row_as_full_screen_section=&#8221;no&#8221; type=&#8221;full_width&#8221; angled_section=&#8221;no&#8221; text_align=&#8221;left&#8221; background_image_as_pattern=&#8221;without_pattern&#8221; el_class=&#8221;news-events-row-2&#8243; z_index=&#8221;&#8221;][vc_column][vc_column_text]<style>.postgrid-style-3 .dash-lined > a {\n            color:#3D1D94;\n            font-size: 24px;\n            box-shadow: none;\n        }\n        .postgrid-style-3 .dash-lined > a:hover{\n            color:#7A4432;\n        }\n        .postgrid-style-3 .authorinfo > a {\n            color:#345332; \n            font-size:12px;   \n        } \n        .postgrid-style-3 .authorinfo .catinfo > a {\n            color:#345332; \n            font-size:12px; \n            box-shadow:none;  \n        }                 \n        .postgrid-style-3 .authorinfo > a:hover {\n            color:#345666; \n        } \n        .postgrid-style-3 .authorinfo .catinfo > a:hover {\n             color:#345666;  \n        } \n\n        .postgrid-style-3 .info p {\n            color: #666666;\n            font-size:12px;\n        }\n        .postgrid-style-3 a.read-more {\n            color:#DBEAF7; \n            box-shadow: none; \n            font-size:12px;       \n        }\n        .postgrid-style-3 a.read-more:hover {\n            color:#DBEAAA; \n        }\n        .grids-post-pagination .page-numbers{\n            border-color:#349345;\n            color:#345673;\n            font-size:12px;            \n        }\n        .grids-post-pagination .page-numbers:hover {\n            color:#345000;\n            background: #006D95 none repeat scroll 0 0;\n        }        \n        .grids-post-pagination .next.page-numbers{\n            border-color:#349345;\n            background:#C4E0FF;\n            color:#345673;\n            font-size:12px;\n        }       \n        .grids-post-pagination .page-numbers.current { \n            border-color:#349345;\n            background:#C4E0FF;\n            color:#345673;\n            font-size:12px;\n        }\n\n        .grids-post-pagination .next.page-numbers:hover {\n            color:#345000;\n            background: #006D95 none repeat scroll 0 0;\n        } \n        .load_more{\n            background:#C4E0FF;\n            color:#345673;\n        }.postgrid-style-3 .pdate{\n                color:#7A4B94;\n                font-size:12px;\n                margin-top: 15px;\n                overflow: hidden;\n                padding: 0 0px;\n        }.grids-post-pagination .paginate {display:table;margin:auto; }.postgrid-style-3 .overlay img {height:200px;<\/style><div class=\"postgrid-style-3\"><div class=\"postgrids-col-lg-3 postgrids-col-md-4 postgrids-col-sm-2 postgrids-col-xs-1\"><li class=\"style3box-item\"><div class=\"overlay\"><a href=\"\"><img decoding=\"async\" src=\"https:\/\/www.lyntia.com\/wp-content\/uploads\/2024\/06\/Telecomunicaciones-y-sostenibilidad_GettyImages-539765169-1.jpg\" alt=\"\"><\/a><\/div><div class=\"info\"><h4 class=\"dash-lined\"><a href=\"https:\/\/www.lyntia.com\/pt-pt\/news\/telecommunications-and-sustainability-fast-efficient-and-clean-networks\/\">Telecommunications and sustainability: faster, cleaner and more efficient networks<\/a><\/h4><span class=\"pdate\"><strong><span class=\"eng-date\">Date:<\/span><span class=\"esp-date\">Fecha:<\/span> 14\/06\/2024<\/strong><\/span><div class=\"authorinfo\"><a href=\"https:\/\/www.lyntia.com\/pt-pt\/author\/comunicamasa\/\">Comunicamasa<\/a><span class=\"catinfo\"> <a href=\" \">NOTICIAS<\/a><\/span><\/div><p>[vc_row<\/p><a href=\"https:\/\/www.lyntia.com\/pt-pt\/news\/telecommunications-and-sustainability-fast-efficient-and-clean-networks\/\" class=\"read-more\">Read more<\/a><\/div><\/li><\/div><div class=\"postgrids-col-lg-3 postgrids-col-md-4 postgrids-col-sm-2 postgrids-col-xs-1\"><li class=\"style3box-item\"><div class=\"overlay\"><a href=\"\"><img decoding=\"async\" src=\"https:\/\/www.lyntia.com\/wp-content\/uploads\/2024\/06\/Los-desafios-de-la-fibra-optica_0706.jpg\" alt=\"\"><\/a><\/div><div class=\"info\"><h4 class=\"dash-lined\"><a href=\"https:\/\/www.lyntia.com\/pt-pt\/news\/fibre-optics-challenges-for-smart-cities\/\">The challenges of fibre optics in smart city infrastructure<\/a><\/h4><span class=\"pdate\"><strong><span class=\"eng-date\">Date:<\/span><span class=\"esp-date\">Fecha:<\/span> 07\/06\/2024<\/strong><\/span><div class=\"authorinfo\"><a href=\"https:\/\/www.lyntia.com\/pt-pt\/author\/comunicamasa\/\">Comunicamasa<\/a><span class=\"catinfo\"> <a href=\" \">NOTICIAS<\/a><\/span><\/div><p>[vc_row<\/p><a href=\"https:\/\/www.lyntia.com\/pt-pt\/news\/fibre-optics-challenges-for-smart-cities\/\" class=\"read-more\">Read more<\/a><\/div><\/li><\/div><div class=\"postgrids-col-lg-3 postgrids-col-md-4 postgrids-col-sm-2 postgrids-col-xs-1\"><li class=\"style3box-item\"><div class=\"overlay\"><a href=\"\"><img decoding=\"async\" src=\"https:\/\/www.lyntia.com\/wp-content\/uploads\/2024\/06\/GettyImages-1362710800-1-1.jpg\" alt=\"\"><\/a><\/div><div class=\"info\"><h4 class=\"dash-lined\"><a href=\"https:\/\/www.lyntia.com\/pt-pt\/news\/submarine-cables-in-data-transmission\/\">The importance of submarine cables in data transmission<\/a><\/h4><span class=\"pdate\"><strong><span class=\"eng-date\">Date:<\/span><span class=\"esp-date\">Fecha:<\/span> 04\/06\/2024<\/strong><\/span><div class=\"authorinfo\"><a href=\"https:\/\/www.lyntia.com\/pt-pt\/author\/comunicamasa\/\">Comunicamasa<\/a><span class=\"catinfo\"> <a href=\" \">NOTICIAS<\/a><\/span><\/div><p>[vc_row<\/p><a href=\"https:\/\/www.lyntia.com\/pt-pt\/news\/submarine-cables-in-data-transmission\/\" class=\"read-more\">Read more<\/a><\/div><\/li><\/div><div class=\"postgrids-col-lg-3 postgrids-col-md-4 postgrids-col-sm-2 postgrids-col-xs-1\"><li class=\"style3box-item\"><div class=\"overlay\"><a href=\"\"><img decoding=\"async\" src=\"https:\/\/www.lyntia.com\/wp-content\/uploads\/2024\/03\/inteligencia-artificial-telecomunicaciones.jpg\" alt=\"\"><\/a><\/div><div class=\"info\"><h4 class=\"dash-lined\"><a href=\"https:\/\/www.lyntia.com\/pt-pt\/news\/impact-of-artificial-intelligence-on-telecommunications\/\">The impact of artificial intelligence on improving telecommunications<\/a><\/h4><span class=\"pdate\"><strong><span class=\"eng-date\">Date:<\/span><span class=\"esp-date\">Fecha:<\/span> 08\/03\/2024<\/strong><\/span><div class=\"authorinfo\"><a href=\"https:\/\/www.lyntia.com\/pt-pt\/author\/comunicamasa\/\">Comunicamasa<\/a><span class=\"catinfo\"> <a href=\" \">NOTICIAS<\/a><\/span><\/div><p>[vc_row<\/p><a href=\"https:\/\/www.lyntia.com\/pt-pt\/news\/impact-of-artificial-intelligence-on-telecommunications\/\" class=\"read-more\">Read more<\/a><\/div><\/li><\/div><div class=\"postgrids-col-lg-3 postgrids-col-md-4 postgrids-col-sm-2 postgrids-col-xs-1\"><li class=\"style3box-item\"><div class=\"overlay\"><a href=\"\"><img decoding=\"async\" src=\"https:\/\/www.lyntia.com\/wp-content\/uploads\/2024\/03\/0103-GettyImages-1349956743-1-1.jpg\" alt=\"\"><\/a><\/div><div class=\"info\"><h4 class=\"dash-lined\"><a href=\"https:\/\/www.lyntia.com\/pt-pt\/news\/say-goodbye-to-copper-cables-in-europe\/\">Say goodbye to copper cables in Europe<\/a><\/h4><span class=\"pdate\"><strong><span class=\"eng-date\">Date:<\/span><span class=\"esp-date\">Fecha:<\/span> 01\/03\/2024<\/strong><\/span><div class=\"authorinfo\"><a href=\"https:\/\/www.lyntia.com\/pt-pt\/author\/comunicamasa\/\">Comunicamasa<\/a><span class=\"catinfo\"> <a href=\" \">NOTICIAS<\/a><\/span><\/div><p>[vc_row<\/p><a href=\"https:\/\/www.lyntia.com\/pt-pt\/news\/say-goodbye-to-copper-cables-in-europe\/\" class=\"read-more\">Read more<\/a><\/div><\/li><\/div><div class=\"postgrids-col-lg-3 postgrids-col-md-4 postgrids-col-sm-2 postgrids-col-xs-1\"><li class=\"style3box-item\"><div class=\"overlay\"><a href=\"\"><img decoding=\"async\" src=\"https:\/\/www.lyntia.com\/wp-content\/uploads\/2024\/02\/artificial-intelligence-technology.jpg\" alt=\"\"><\/a><\/div><div class=\"info\"><h4 class=\"dash-lined\"><a href=\"https:\/\/www.lyntia.com\/pt-pt\/news\/artificial-intelligence-in-our-society\/\">Artificial intelligence within society: past, present and future<\/a><\/h4><span class=\"pdate\"><strong><span class=\"eng-date\">Date:<\/span><span class=\"esp-date\">Fecha:<\/span> 23\/02\/2024<\/strong><\/span><div class=\"authorinfo\"><a href=\"https:\/\/www.lyntia.com\/pt-pt\/author\/comunicamasa\/\">Comunicamasa<\/a><span class=\"catinfo\"> <a href=\" \">NOTICIAS<\/a><\/span><\/div><p>[vc_row<\/p><a href=\"https:\/\/www.lyntia.com\/pt-pt\/news\/artificial-intelligence-in-our-society\/\" class=\"read-more\">Read more<\/a><\/div><\/li><\/div><\/div><div class=\"grids-post-pagination\"><div class=\"paginate\"><\/div><\/div>[\/vc_column_text][\/vc_column][\/vc_row][vc_row css_animation=&#8221;&#8221; row_type=&#8221;row&#8221; use_row_as_full_screen_section=&#8221;yes&#8221; type=&#8221;full_width&#8221; angled_section=&#8221;no&#8221; text_align=&#8221;left&#8221; background_image_as_pattern=&#8221;without_pattern&#8221; z_index=&#8221;&#8221; el_class=&#8221;events-news-last-col&#8221; css=&#8221;.vc_custom_1709745847651{background-color: #edeef0 !important;}&#8221;][vc_column width=&#8221;1\/4&#8243;][\/vc_column][vc_column width=&#8221;1\/2&#8243;][vc_column_text]<!-- Widget Shortcode --><div id=\"custom_html-41\" class=\"widget_text widget widget_custom_html widget-shortcode area-arbitrary \"><div class=\"textwidget custom-html-widget\"><script>(function() {\n\twindow.mc4wp = window.mc4wp || {\n\t\tlisteners: [],\n\t\tforms: {\n\t\t\ton: function(evt, cb) {\n\t\t\t\twindow.mc4wp.listeners.push(\n\t\t\t\t\t{\n\t\t\t\t\t\tevent   : evt,\n\t\t\t\t\t\tcallback: cb\n\t\t\t\t\t}\n\t\t\t\t);\n\t\t\t}\n\t\t}\n\t}\n})();\n<\/script><!-- Mailchimp for WordPress v4.12.1 - https:\/\/wordpress.org\/plugins\/mailchimp-for-wp\/ --><form id=\"mc4wp-form-1\" class=\"mc4wp-form mc4wp-form-17531 mc4wp-form-styles-builder mc4wp-ajax\" method=\"post\" data-id=\"17531\" data-name=\"Subscripcion [PT]\" ><div class=\"mc4wp-form-fields\">  \r\n \r\n<p class=\"purple\">Quer manter-se atualizado e saber todas as novidades sobre a Lyntia e o setor?<\/p>\r\n  <div role=\"form\" class=\"wpcf7\" id=\"wpcf7-f1259-o7\" lang=\"en-US\" dir=\"ltr\">\r\n     <div class=\"screen-reader-response\"><\/div>\r\n        <div class=\"form-box1\">\r\n\r\n           <div class=\"custom-width\"> <label><br> <span class=\"wpcf7-form-control-wrap name-and-surname\"><input type=\"text\" name=\"FNAME\" value=\"\" size=\"40\" class=\"wpcf7-form-control wpcf7-text wpcf7-validates-as-required\" aria-required=\"true\" aria-invalid=\"false\" placeholder=\"Nombre*\"><\/span> <\/label><\/div>\r\n           <div class=\"custom-width\"> <label><br> <span class=\"wpcf7-form-control-wrap email-address\"><input type=\"email\" name=\"EMAIL\" value=\"\" size=\"40\" class=\"wpcf7-form-control wpcf7-text wpcf7-email wpcf7-validates-as-required wpcf7-validates-as-email\" aria-required=\"true\" aria-invalid=\"false\" placeholder=\"Correo electr\u00f3nico*\"><\/span> <\/label><\/div>\r\n\r\n\r\n\r\n           <div class=\"form-text\">\r\n              <p>Ao clicar no bot\u00e3o Subscrever, est\u00e1 a consentir que os seus dados sejam tratados pela Lyntia Networks S.A.U. com a seguinte finalidade: Enviar-lhe a nossa newsletter com informa\u00e7\u00f5es e novidades sobre os produtos e servi\u00e7os da Lyntia. Nenhum dado ser\u00e1 transmitido a terceiros. O utilizador pode, em qualquer altura, revogar a autoriza\u00e7\u00e3o dada previamente e, de igual modo, exercer os seus direitos de acesso, retifica\u00e7\u00e3o, apagamento, oposi\u00e7\u00e3o, limita\u00e7\u00e3o do tratamento e portabilidade dos dados, enviando uma comunica\u00e7\u00e3o, acompanhada de uma c\u00f3pia do cart\u00e3o do cidad\u00e3o ou documento comprovativo da identidade e indicando o seu endere\u00e7o para efeitos de comunica\u00e7\u00f5es para: protecciondedatos@lyntia.com. Em todo o caso, pode encontrar mais informa\u00e7\u00f5es sobre a prote\u00e7\u00e3o de dados na nossa pol\u00edtica de privacidade: <a href=\"https:\/\/www.lyntia.com\/politica-privacidad\/\">https:\/\/www.lyntia.com\/politica-privacidad\/<\/a>\r\n<\/p>\r\n              <p><\/p>\r\n           <\/div>\r\n           <div class=\"w-100 mt-20 not-float\" style=\"margin-bottom: 15px;\"> <input type=\"submit\" value=\"Registro\" class=\"wpcf7-form-control wpcf7-submit\" style=\"font-family: 'Lato', sans-serif !important; fonr-size: 15px;\"\/> <\/div>\r\n        <\/div>\r\n  <\/div>\r\n  \r\n\r\n<\/div><label style=\"display: none !important;\">Deixe este campo vazio se for humano: <input type=\"text\" name=\"_mc4wp_honeypot\" value=\"\" tabindex=\"-1\" autocomplete=\"off\" \/><\/label><input type=\"hidden\" name=\"_mc4wp_timestamp\" value=\"1775345923\" \/><input type=\"hidden\" name=\"_mc4wp_form_id\" value=\"17531\" \/><input type=\"hidden\" name=\"_mc4wp_form_element_id\" value=\"mc4wp-form-1\" \/><div class=\"mc4wp-response\"><\/div><\/form><!-- \/ Mailchimp for WordPress Plugin --><\/div><\/div><!-- \/Widget Shortcode -->[\/vc_column_text][\/vc_column][vc_column width=&#8221;1\/4&#8243;][\/vc_column][\/vc_row]<\/p>\n<\/div>","protected":false},"excerpt":{"rendered":"<p>[vc_row css_animation=&#8221;&#8221; row_type=&#8221;row&#8221; use_row_as_full_screen_section=&#8221;no&#8221; type=&#8221;full_width&#8221; angled_section=&#8221;no&#8221; text_align=&#8221;left&#8221; background_image_as_pattern=&#8221;without_pattern&#8221; el_class=&#8221;news-events-rpw-1&#8243; z_index=&#8221;&#8221;][vc_column][vc_column_text css=&#8221;&#8221;] Caso de usoNoticiasImprensa [\/vc_column_text][vc_column_text css=&#8221;&#8221; el_class=&#8221;download-press-kit-button&#8221;] Descarregar o kit de imprensa [\/vc_column_text][\/vc_column][\/vc_row][vc_row css_animation=&#8221;&#8221; row_type=&#8221;row&#8221; use_row_as_full_screen_section=&#8221;no&#8221; type=&#8221;full_width&#8221; angled_section=&#8221;no&#8221; text_align=&#8221;left&#8221; background_image_as_pattern=&#8221;without_pattern&#8221; el_class=&#8221;news-events-row-2&#8243; z_index=&#8221;&#8221;][vc_column][vc_column_text][\/vc_column_text][\/vc_column][\/vc_row][vc_row css_animation=&#8221;&#8221; row_type=&#8221;row&#8221; use_row_as_full_screen_section=&#8221;yes&#8221; type=&#8221;full_width&#8221; angled_section=&#8221;no&#8221; text_align=&#8221;left&#8221; background_image_as_pattern=&#8221;without_pattern&#8221; z_index=&#8221;&#8221; el_class=&#8221;events-news-last-col&#8221; css=&#8221;.vc_custom_1709745847651{background-color: #edeef0 !important;}&#8221;][vc_column width=&#8221;1\/4&#8243;][\/vc_column][vc_column width=&#8221;1\/2&#8243;][vc_column_text][\/vc_column_text][\/vc_column][vc_column width=&#8221;1\/4&#8243;][\/vc_column][\/vc_row]<\/p>\n","protected":false},"author":2,"featured_media":0,"parent":0,"menu_order":0,"comment_status":"closed","ping_status":"closed","template":"","meta":{"content-type":"","footnotes":""},"class_list":["post-17488","page","type-page","status-publish","hentry"],"yoast_head":"<!-- This site is optimized with the Yoast SEO plugin v27.3 - https:\/\/yoast.com\/product\/yoast-seo-wordpress\/ -->\n<title>Eventos e not\u00edcias do setor atacadista de telecom | lyntia<\/title>\n<meta name=\"description\" content=\"Todas as not\u00edcias e eventos do setor atacadista de telecomunica\u00e7\u00f5es est\u00e3o no nosso site. Descubra a lyntia, operadora neutra de fibra \u00f3ptica e fibra apagada.\" \/>\n<meta name=\"robots\" content=\"index, follow, max-snippet:-1, max-image-preview:large, max-video-preview:-1\" \/>\n<link rel=\"canonical\" href=\"https:\/\/www.lyntia.com\/pt-pt\/noticias-e-eventos\/\" \/>\n<meta property=\"og:locale\" content=\"pt_PT\" \/>\n<meta property=\"og:type\" content=\"article\" \/>\n<meta property=\"og:title\" content=\"Eventos e not\u00edcias do setor atacadista de telecom | lyntia\" \/>\n<meta property=\"og:description\" content=\"Todas as not\u00edcias e eventos do setor atacadista de telecomunica\u00e7\u00f5es est\u00e3o no nosso site. Descubra a lyntia, operadora neutra de fibra \u00f3ptica e fibra apagada.\" \/>\n<meta property=\"og:url\" content=\"https:\/\/www.lyntia.com\/pt-pt\/noticias-e-eventos\/\" \/>\n<meta property=\"og:site_name\" content=\"lyntia\" \/>\n<meta property=\"article:modified_time\" content=\"2025-07-30T10:23:40+00:00\" \/>\n<meta name=\"twitter:card\" content=\"summary_large_image\" \/>\n<meta name=\"twitter:label1\" content=\"Tempo estimado de leitura\" \/>\n\t<meta name=\"twitter:data1\" content=\"1 minuto\" \/>\n<script type=\"application\/ld+json\" class=\"yoast-schema-graph\">{\"@context\":\"https:\\\/\\\/schema.org\",\"@graph\":[{\"@type\":\"WebPage\",\"@id\":\"https:\\\/\\\/www.lyntia.com\\\/pt-pt\\\/noticias-e-eventos\\\/\",\"url\":\"https:\\\/\\\/www.lyntia.com\\\/pt-pt\\\/noticias-e-eventos\\\/\",\"name\":\"Eventos e not\u00edcias do setor atacadista de telecom | lyntia\",\"isPartOf\":{\"@id\":\"https:\\\/\\\/www.lyntia.com\\\/#website\"},\"datePublished\":\"2024-04-08T13:20:11+00:00\",\"dateModified\":\"2025-07-30T10:23:40+00:00\",\"description\":\"Todas as not\u00edcias e eventos do setor atacadista de telecomunica\u00e7\u00f5es est\u00e3o no nosso site. Descubra a lyntia, operadora neutra de fibra \u00f3ptica e fibra apagada.\",\"breadcrumb\":{\"@id\":\"https:\\\/\\\/www.lyntia.com\\\/pt-pt\\\/noticias-e-eventos\\\/#breadcrumb\"},\"inLanguage\":\"pt-PT\",\"potentialAction\":[{\"@type\":\"ReadAction\",\"target\":[\"https:\\\/\\\/www.lyntia.com\\\/pt-pt\\\/noticias-e-eventos\\\/\"]}]},{\"@type\":\"BreadcrumbList\",\"@id\":\"https:\\\/\\\/www.lyntia.com\\\/pt-pt\\\/noticias-e-eventos\\\/#breadcrumb\",\"itemListElement\":[{\"@type\":\"ListItem\",\"position\":1,\"name\":\"Home\",\"item\":\"https:\\\/\\\/www.lyntia.com\\\/pt-pt\\\/\"},{\"@type\":\"ListItem\",\"position\":2,\"name\":\"Not\u00edcias e eventos\"}]},{\"@type\":\"WebSite\",\"@id\":\"https:\\\/\\\/www.lyntia.com\\\/#website\",\"url\":\"https:\\\/\\\/www.lyntia.com\\\/\",\"name\":\"lyntia\",\"description\":\"A Digital Company\",\"potentialAction\":[{\"@type\":\"SearchAction\",\"target\":{\"@type\":\"EntryPoint\",\"urlTemplate\":\"https:\\\/\\\/www.lyntia.com\\\/?s={search_term_string}\"},\"query-input\":{\"@type\":\"PropertyValueSpecification\",\"valueRequired\":true,\"valueName\":\"search_term_string\"}}],\"inLanguage\":\"pt-PT\"}]}<\/script>\n<!-- \/ Yoast SEO plugin. -->","yoast_head_json":{"title":"Eventos e not\u00edcias do setor atacadista de telecom | lyntia","description":"Todas as not\u00edcias e eventos do setor atacadista de telecomunica\u00e7\u00f5es est\u00e3o no nosso site. Descubra a lyntia, operadora neutra de fibra \u00f3ptica e fibra apagada.","robots":{"index":"index","follow":"follow","max-snippet":"max-snippet:-1","max-image-preview":"max-image-preview:large","max-video-preview":"max-video-preview:-1"},"canonical":"https:\/\/www.lyntia.com\/pt-pt\/noticias-e-eventos\/","og_locale":"pt_PT","og_type":"article","og_title":"Eventos e not\u00edcias do setor atacadista de telecom | lyntia","og_description":"Todas as not\u00edcias e eventos do setor atacadista de telecomunica\u00e7\u00f5es est\u00e3o no nosso site. Descubra a lyntia, operadora neutra de fibra \u00f3ptica e fibra apagada.","og_url":"https:\/\/www.lyntia.com\/pt-pt\/noticias-e-eventos\/","og_site_name":"lyntia","article_modified_time":"2025-07-30T10:23:40+00:00","twitter_card":"summary_large_image","twitter_misc":{"Tempo estimado de leitura":"1 minuto"},"schema":{"@context":"https:\/\/schema.org","@graph":[{"@type":"WebPage","@id":"https:\/\/www.lyntia.com\/pt-pt\/noticias-e-eventos\/","url":"https:\/\/www.lyntia.com\/pt-pt\/noticias-e-eventos\/","name":"Eventos e not\u00edcias do setor atacadista de telecom | lyntia","isPartOf":{"@id":"https:\/\/www.lyntia.com\/#website"},"datePublished":"2024-04-08T13:20:11+00:00","dateModified":"2025-07-30T10:23:40+00:00","description":"Todas as not\u00edcias e eventos do setor atacadista de telecomunica\u00e7\u00f5es est\u00e3o no nosso site. Descubra a lyntia, operadora neutra de fibra \u00f3ptica e fibra apagada.","breadcrumb":{"@id":"https:\/\/www.lyntia.com\/pt-pt\/noticias-e-eventos\/#breadcrumb"},"inLanguage":"pt-PT","potentialAction":[{"@type":"ReadAction","target":["https:\/\/www.lyntia.com\/pt-pt\/noticias-e-eventos\/"]}]},{"@type":"BreadcrumbList","@id":"https:\/\/www.lyntia.com\/pt-pt\/noticias-e-eventos\/#breadcrumb","itemListElement":[{"@type":"ListItem","position":1,"name":"Home","item":"https:\/\/www.lyntia.com\/pt-pt\/"},{"@type":"ListItem","position":2,"name":"Not\u00edcias e eventos"}]},{"@type":"WebSite","@id":"https:\/\/www.lyntia.com\/#website","url":"https:\/\/www.lyntia.com\/","name":"lyntia","description":"A Digital Company","potentialAction":[{"@type":"SearchAction","target":{"@type":"EntryPoint","urlTemplate":"https:\/\/www.lyntia.com\/?s={search_term_string}"},"query-input":{"@type":"PropertyValueSpecification","valueRequired":true,"valueName":"search_term_string"}}],"inLanguage":"pt-PT"}]}},"rttpg_featured_image_url":null,"rttpg_author":{"display_name":"Josue","author_link":"https:\/\/www.lyntia.com\/pt-pt\/author\/josue\/"},"rttpg_comment":0,"rttpg_category":" <a href=\"https:\/\/www.lyntia.com\/pt-pt\/?taxonomy=translation_priority&#038;term=opcional-pt-pt\" rel=\"tag\">Opcional<\/a>","rttpg_excerpt":"[vc_row css_animation=&#8221;&#8221; row_type=&#8221;row&#8221; use_row_as_full_screen_section=&#8221;no&#8221; type=&#8221;full_width&#8221; angled_section=&#8221;no&#8221; text_align=&#8221;left&#8221; background_image_as_pattern=&#8221;without_pattern&#8221; el_class=&#8221;news-events-rpw-1&#8243; z_index=&#8221;&#8221;][vc_column][vc_column_text css=&#8221;&#8221;] Caso de usoNoticiasImprensa [\/vc_column_text][vc_column_text css=&#8221;&#8221; el_class=&#8221;download-press-kit-button&#8221;] Descarregar o kit de imprensa [\/vc_column_text][\/vc_column][\/vc_row][vc_row css_animation=&#8221;&#8221; row_type=&#8221;row&#8221; use_row_as_full_screen_section=&#8221;no&#8221; type=&#8221;full_width&#8221; angled_section=&#8221;no&#8221; text_align=&#8221;left&#8221; background_image_as_pattern=&#8221;without_pattern&#8221; el_class=&#8221;news-events-row-2&#8243; z_index=&#8221;&#8221;][vc_column][vc_column_text][\/vc_column_text][\/vc_column][\/vc_row][vc_row css_animation=&#8221;&#8221; row_type=&#8221;row&#8221; use_row_as_full_screen_section=&#8221;yes&#8221; type=&#8221;full_width&#8221; angled_section=&#8221;no&#8221; text_align=&#8221;left&#8221; background_image_as_pattern=&#8221;without_pattern&#8221; z_index=&#8221;&#8221; el_class=&#8221;events-news-last-col&#8221; css=&#8221;.vc_custom_1709745847651{background-color: #edeef0 !important;}&#8221;][vc_column width=&#8221;1\/4&#8243;][\/vc_column][vc_column width=&#8221;1\/2&#8243;][vc_column_text][\/vc_column_text][\/vc_column][vc_column width=&#8221;1\/4&#8243;][\/vc_column][\/vc_row]","_links":{"self":[{"href":"https:\/\/www.lyntia.com\/pt-pt\/wp-json\/wp\/v2\/pages\/17488","targetHints":{"allow":["GET"]}}],"collection":[{"href":"https:\/\/www.lyntia.com\/pt-pt\/wp-json\/wp\/v2\/pages"}],"about":[{"href":"https:\/\/www.lyntia.com\/pt-pt\/wp-json\/wp\/v2\/types\/page"}],"author":[{"embeddable":true,"href":"https:\/\/www.lyntia.com\/pt-pt\/wp-json\/wp\/v2\/users\/2"}],"replies":[{"embeddable":true,"href":"https:\/\/www.lyntia.com\/pt-pt\/wp-json\/wp\/v2\/comments?post=17488"}],"version-history":[{"count":5,"href":"https:\/\/www.lyntia.com\/pt-pt\/wp-json\/wp\/v2\/pages\/17488\/revisions"}],"predecessor-version":[{"id":20524,"href":"https:\/\/www.lyntia.com\/pt-pt\/wp-json\/wp\/v2\/pages\/17488\/revisions\/20524"}],"wp:attachment":[{"href":"https:\/\/www.lyntia.com\/pt-pt\/wp-json\/wp\/v2\/media?parent=17488"}],"curies":[{"name":"wp","href":"https:\/\/api.w.org\/{rel}","templated":true}]}}