{"id":17483,"date":"2024-04-08T14:20:42","date_gmt":"2024-04-08T13:20:42","guid":{"rendered":"https:\/\/www.lyntia.com\/?page_id=17483"},"modified":"2024-09-18T11:50:10","modified_gmt":"2024-09-18T10:50:10","slug":"rede-de-fibra-otica","status":"publish","type":"page","link":"https:\/\/www.lyntia.com\/pt-pt\/rede-de-fibra-otica\/","title":{"rendered":"Rede de fibra \u00f3tica"},"content":{"rendered":"<div class=\"wpb-content-wrapper\"><p>[vc_row css_animation=&#8221;&#8221; row_type=&#8221;row&#8221; use_row_as_full_screen_section=&#8221;yes&#8221; type=&#8221;full_width&#8221; angled_section=&#8221;no&#8221; text_align=&#8221;left&#8221; background_image_as_pattern=&#8221;without_pattern&#8221; z_index=&#8221;&#8221; el_class=&#8221;redfibra-es&#8221;][vc_column el_class=&#8221;network-map-page&#8221;][vc_column_text]<object data=\"https:\/\/www.lyntia.com\/flowmap\/docs\/main13\/\" type=\"text\/html\" width=\"100%\" height=\"520px\"><span data-mce-type=\"bookmark\" style=\"display: inline-block; width: 0px; overflow: hidden; line-height: 0;\" class=\"mce_SELRES_start\">\ufeff<\/span>    Alternative Content<\/object>[\/vc_column_text][\/vc_column][\/vc_row][vc_row css_animation=&#8221;&#8221; row_type=&#8221;row&#8221; use_row_as_full_screen_section=&#8221;no&#8221; type=&#8221;grid&#8221; angled_section=&#8221;no&#8221; text_align=&#8221;left&#8221; background_image_as_pattern=&#8221;without_pattern&#8221; el_class=&#8221;network-row2&#8243; z_index=&#8221;&#8221;][vc_column][vc_column_text css=&#8221;&#8221; el_class=&#8221;network-row2-r2&#8243;]<\/p>\n<h2 class=\"site-color mb-cus-10\">A nossa rede<\/h2>\n<h5 class=\"site-color\"><b>Criamos e cuidamos as redes de fibra \u00f3tica que ir\u00e3o unir o hoje ao amanh\u00e3.<\/b><\/h5>\n<p>A rede de fibra \u00f3tica da lyntia chega \u00e0s principais cidades de Espanha, nas quais conecta <strong>87.000 edif\u00edcios on net<\/strong>\u00a0e <strong>243.000 edif\u00edcios near net<\/strong>, num total de<strong> 3.200 localidades<\/strong>.<\/p>\n<p>A rede da lyntia tamb\u00e9m tem liga\u00e7\u00f5es aos principais pontos de amarra\u00e7\u00e3o de cabos submarinos na Pen\u00ednsula Ib\u00e9rica e interconex\u00f5es a <strong>Fran\u00e7a e Portugal<\/strong>.[\/vc_column_text][vc_column_text css=&#8221;&#8221; el_class=&#8221;network-row2-r2&#8243;]<\/p>\n<h2 class=\"site-color mb-cus-10\">Rede comercializada<\/h2>\n<p>Gerimos uma rede de mais de <strong>55.200 km <\/strong>de fibra \u00f3tica, ligando as principais cidades do nosso pa\u00eds, como: Madrid, Barcelona, Corunha ou Vigo. Cidades que se destacam pela sua excelente capilaridade.[\/vc_column_text][vc_column_text css=&#8221;.vc_custom_1709714071501{margin-bottom: 20px !important;}&#8221; el_class=&#8221;network-row2-r4&#8243;]<strong>NOC<\/strong> 24&#215;7 (Madrid)<\/p>\n<p>Dispomos de um servi\u00e7o permanente de manuten\u00e7\u00e3o preventiva e corretiva para oferecer a m\u00e1xima seguran\u00e7a, com todas as garantias de manuten\u00e7\u00e3o e controlo da rede envolvidas.[\/vc_column_text][vc_column_text]<\/p>\n<div id=\"noc\" class=\"noc\"><\/div>\n<p>[\/vc_column_text][vc_video link=&#8221;https:\/\/youtu.be\/lM_a36zT3_0&#8243; align=&#8221;center&#8221;][vc_row_inner row_type=&#8221;row&#8221; type=&#8221;full_width&#8221; text_align=&#8221;left&#8221; css_animation=&#8221;&#8221; el_class=&#8221;network-row2-3cols&#8221;][vc_column_inner width=&#8221;1\/3&#8243;]<div class='q_icon_with_title tiny normal_icon center '><div class=\"icon_holder \" style=\" \"><span data-icon-type=\"normal\" class=\"qode_iwt_icon_holder q_font_awsome_icon fa-lg  \"><i class=\"qode_icon_font_awesome fa fa-circle qode_iwt_icon_element\"><\/i><\/span><\/div><div class=\"icon_text_holder\" style=\"\"><div class=\"icon_text_inner\" style=\"\"><h5 class=\"icon_title\" style=\"color: #3b0249;\">55.200 KM DE REDE<\/h5><p style=''><\/p><\/div><\/div><\/div>[\/vc_column_inner][vc_column_inner width=&#8221;1\/3&#8243;]<div class='q_icon_with_title tiny normal_icon center '><div class=\"icon_holder \" style=\" \"><span data-icon-type=\"normal\" class=\"qode_iwt_icon_holder q_font_awsome_icon fa-lg  \"><i class=\"qode_icon_font_awesome fa fa-circle qode_iwt_icon_element\"><\/i><\/span><\/div><div class=\"icon_text_holder\" style=\"\"><div class=\"icon_text_inner\" style=\"\"><h5 class=\"icon_title\" style=\"color: #3b0249;\">87.000 EDIF\u00cdCIOS ON NET<\/h5><p style=''><\/p><\/div><\/div><\/div>[\/vc_column_inner][vc_column_inner width=&#8221;1\/3&#8243;]<div class='q_icon_with_title tiny normal_icon center '><div class=\"icon_holder \" style=\" \"><span data-icon-type=\"normal\" class=\"qode_iwt_icon_holder q_font_awsome_icon fa-lg  \"><i class=\"qode_icon_font_awesome fa fa-circle qode_iwt_icon_element\"><\/i><\/span><\/div><div class=\"icon_text_holder\" style=\"\"><div class=\"icon_text_inner\" style=\"\"><h5 class=\"icon_title\" style=\"color: #3b0249;\">243.000 EDIF\u00cdCIOS NEAR NET<\/h5><p style=''><\/p><\/div><\/div><\/div>[\/vc_column_inner][\/vc_row_inner][\/vc_column][\/vc_row][vc_row css_animation=&#8221;&#8221; row_type=&#8221;row&#8221; use_row_as_full_screen_section=&#8221;no&#8221; type=&#8221;grid&#8221; angled_section=&#8221;no&#8221; text_align=&#8221;left&#8221; background_image_as_pattern=&#8221;without_pattern&#8221; el_class=&#8221;network-row3&#8243; z_index=&#8221;&#8221; css=&#8221;.vc_custom_1580229969905{margin-bottom: 30px !important;border-top-width: 30px !important;border-bottom-width: 50px !important;}&#8221;][vc_column][vc_column_text el_class=&#8221;network-row3-r1&#8243;]<\/p>\n<h2 class=\"site-color\">Contacto<\/h2>\n<p>[\/vc_column_text][vc_separator type=&#8221;normal&#8221; color=&#8221;#3b0249&#8243; thickness=&#8221;2&#8243; el_class=&#8221;network-sep&#8221;][vc_row_inner row_type=&#8221;row&#8221; type=&#8221;full_width&#8221; text_align=&#8221;left&#8221; css_animation=&#8221;&#8221;][vc_column_inner el_class=&#8221;network-row3-r2-col1&#8243; width=&#8221;1\/2&#8243;][vc_column_text]<\/p>\n<h4 class=\"clr-orange\">A lyntia em Espanha<\/h4>\n<p class=\"site-color\">A lyntia tem mais de 100 profissionais em Espanha nas diferentes \u00e1reas de neg\u00f3cio. Fale connosco e responderemos de forma r\u00e1pida a todas as suas necessidades.<\/p>\n<p>[\/vc_column_text][\/vc_column_inner][vc_column_inner el_class=&#8221;network-row3-r2-col2&#8243; width=&#8221;1\/2&#8243;][vc_column_text]<\/p>\n<div class=\" contact-info-box site-color\"><i class=\"fa fa-phone\" style=\"display: inline-block;\" aria-hidden=\"true\"><\/i>\u00a0Telefone: <strong>+34 915 50 77 00<\/strong><\/div>\n<div class=\" contact-info-box site-color\"><i class=\"fa fa-envelope-o\" style=\"display: inline-block;\" aria-hidden=\"true\"><\/i> E-mail: <strong>marketing@lyntia.com<\/strong><\/div>\n<div class=\" contact-info-box site-color\"><i class=\"fa fa-map-marker\" style=\"display: inline-block;\" aria-hidden=\"true\"><\/i> Endere\u00e7o: <strong>Avenida de Bruselas 24, Planta 1, 28108 Alcobendas<\/strong><\/div>\n<p>[\/vc_column_text][vc_empty_space height=&#8221;12px&#8221;]<a  itemprop=\"url\" href=\"\" target=\"_self\"  class=\"qbutton  small default button-blue-1 popup-form\" style=\"color: #ffffff; background-color:#3b0249;\">Contacto connosco<\/a>[\/vc_column_inner][\/vc_row_inner][\/vc_column][\/vc_row]<\/p>\n<\/div>","protected":false},"excerpt":{"rendered":"<p>[vc_row css_animation=&#8221;&#8221; row_type=&#8221;row&#8221; use_row_as_full_screen_section=&#8221;yes&#8221; type=&#8221;full_width&#8221; angled_section=&#8221;no&#8221; text_align=&#8221;left&#8221; background_image_as_pattern=&#8221;without_pattern&#8221; z_index=&#8221;&#8221; el_class=&#8221;redfibra-es&#8221;][vc_column el_class=&#8221;network-map-page&#8221;][vc_column_text]\ufeff Alternative Content[\/vc_column_text][\/vc_column][\/vc_row][vc_row css_animation=&#8221;&#8221; row_type=&#8221;row&#8221; use_row_as_full_screen_section=&#8221;no&#8221; type=&#8221;grid&#8221; angled_section=&#8221;no&#8221; text_align=&#8221;left&#8221; background_image_as_pattern=&#8221;without_pattern&#8221; el_class=&#8221;network-row2&#8243; z_index=&#8221;&#8221;][vc_column][vc_column_text css=&#8221;&#8221; el_class=&#8221;network-row2-r2&#8243;] A nossa rede Criamos e cuidamos as redes de fibra \u00f3tica que ir\u00e3o unir o hoje ao amanh\u00e3. A rede de fibra \u00f3tica da lyntia chega \u00e0s principais cidades de Espanha,&#8230;<\/p>\n","protected":false},"author":6,"featured_media":0,"parent":0,"menu_order":0,"comment_status":"closed","ping_status":"closed","template":"full_width.php","meta":{"content-type":"","footnotes":""},"class_list":["post-17483","page","type-page","status-publish","hentry"],"yoast_head":"<!-- This site is optimized with the Yoast SEO plugin v27.4 - https:\/\/yoast.com\/product\/yoast-seo-wordpress\/ -->\n<title>Rede de fibra \u00f3tica - lyntia<\/title>\n<meta name=\"robots\" content=\"index, follow, max-snippet:-1, max-image-preview:large, max-video-preview:-1\" \/>\n<link rel=\"canonical\" href=\"https:\/\/www.lyntia.com\/pt-pt\/rede-de-fibra-otica\/\" \/>\n<meta property=\"og:locale\" content=\"pt_PT\" \/>\n<meta property=\"og:type\" content=\"article\" \/>\n<meta property=\"og:title\" content=\"Rede de fibra \u00f3tica - lyntia\" \/>\n<meta property=\"og:description\" content=\"[vc_row css_animation=&#8221;&#8221; row_type=&#8221;row&#8221; use_row_as_full_screen_section=&#8221;yes&#8221; type=&#8221;full_width&#8221; angled_section=&#8221;no&#8221; text_align=&#8221;left&#8221; background_image_as_pattern=&#8221;without_pattern&#8221; z_index=&#8221;&#8221; el_class=&#8221;redfibra-es&#8221;][vc_column el_class=&#8221;network-map-page&#8221;][vc_column_text]\ufeff Alternative Content[\/vc_column_text][\/vc_column][\/vc_row][vc_row css_animation=&#8221;&#8221; row_type=&#8221;row&#8221; use_row_as_full_screen_section=&#8221;no&#8221; type=&#8221;grid&#8221; angled_section=&#8221;no&#8221; text_align=&#8221;left&#8221; background_image_as_pattern=&#8221;without_pattern&#8221; el_class=&#8221;network-row2&#8243; z_index=&#8221;&#8221;][vc_column][vc_column_text css=&#8221;&#8221; el_class=&#8221;network-row2-r2&#8243;] A nossa rede Criamos e cuidamos as redes de fibra \u00f3tica que ir\u00e3o unir o hoje ao amanh\u00e3. A rede de fibra \u00f3tica da lyntia chega \u00e0s principais cidades de Espanha,...\" \/>\n<meta property=\"og:url\" content=\"https:\/\/www.lyntia.com\/pt-pt\/rede-de-fibra-otica\/\" \/>\n<meta property=\"og:site_name\" content=\"lyntia\" \/>\n<meta property=\"article:modified_time\" content=\"2024-09-18T10:50:10+00:00\" \/>\n<meta name=\"twitter:card\" content=\"summary_large_image\" \/>\n<meta name=\"twitter:label1\" content=\"Tempo estimado de leitura\" \/>\n\t<meta name=\"twitter:data1\" content=\"2 minutos\" \/>\n<script type=\"application\/ld+json\" class=\"yoast-schema-graph\">{\"@context\":\"https:\\\/\\\/schema.org\",\"@graph\":[{\"@type\":\"WebPage\",\"@id\":\"https:\\\/\\\/www.lyntia.com\\\/pt-pt\\\/rede-de-fibra-otica\\\/\",\"url\":\"https:\\\/\\\/www.lyntia.com\\\/pt-pt\\\/rede-de-fibra-otica\\\/\",\"name\":\"Rede de fibra \u00f3tica - lyntia\",\"isPartOf\":{\"@id\":\"https:\\\/\\\/www.lyntia.com\\\/#website\"},\"datePublished\":\"2024-04-08T13:20:42+00:00\",\"dateModified\":\"2024-09-18T10:50:10+00:00\",\"breadcrumb\":{\"@id\":\"https:\\\/\\\/www.lyntia.com\\\/pt-pt\\\/rede-de-fibra-otica\\\/#breadcrumb\"},\"inLanguage\":\"pt-PT\",\"potentialAction\":[{\"@type\":\"ReadAction\",\"target\":[\"https:\\\/\\\/www.lyntia.com\\\/pt-pt\\\/rede-de-fibra-otica\\\/\"]}]},{\"@type\":\"BreadcrumbList\",\"@id\":\"https:\\\/\\\/www.lyntia.com\\\/pt-pt\\\/rede-de-fibra-otica\\\/#breadcrumb\",\"itemListElement\":[{\"@type\":\"ListItem\",\"position\":1,\"name\":\"Home\",\"item\":\"https:\\\/\\\/www.lyntia.com\\\/pt-pt\\\/\"},{\"@type\":\"ListItem\",\"position\":2,\"name\":\"Rede de fibra \u00f3tica\"}]},{\"@type\":\"WebSite\",\"@id\":\"https:\\\/\\\/www.lyntia.com\\\/#website\",\"url\":\"https:\\\/\\\/www.lyntia.com\\\/\",\"name\":\"lyntia\",\"description\":\"A Digital Company\",\"potentialAction\":[{\"@type\":\"SearchAction\",\"target\":{\"@type\":\"EntryPoint\",\"urlTemplate\":\"https:\\\/\\\/www.lyntia.com\\\/?s={search_term_string}\"},\"query-input\":{\"@type\":\"PropertyValueSpecification\",\"valueRequired\":true,\"valueName\":\"search_term_string\"}}],\"inLanguage\":\"pt-PT\"}]}<\/script>\n<!-- \/ Yoast SEO plugin. -->","yoast_head_json":{"title":"Rede de fibra \u00f3tica - lyntia","robots":{"index":"index","follow":"follow","max-snippet":"max-snippet:-1","max-image-preview":"max-image-preview:large","max-video-preview":"max-video-preview:-1"},"canonical":"https:\/\/www.lyntia.com\/pt-pt\/rede-de-fibra-otica\/","og_locale":"pt_PT","og_type":"article","og_title":"Rede de fibra \u00f3tica - lyntia","og_description":"[vc_row css_animation=&#8221;&#8221; row_type=&#8221;row&#8221; use_row_as_full_screen_section=&#8221;yes&#8221; type=&#8221;full_width&#8221; angled_section=&#8221;no&#8221; text_align=&#8221;left&#8221; background_image_as_pattern=&#8221;without_pattern&#8221; z_index=&#8221;&#8221; el_class=&#8221;redfibra-es&#8221;][vc_column el_class=&#8221;network-map-page&#8221;][vc_column_text]\ufeff Alternative Content[\/vc_column_text][\/vc_column][\/vc_row][vc_row css_animation=&#8221;&#8221; row_type=&#8221;row&#8221; use_row_as_full_screen_section=&#8221;no&#8221; type=&#8221;grid&#8221; angled_section=&#8221;no&#8221; text_align=&#8221;left&#8221; background_image_as_pattern=&#8221;without_pattern&#8221; el_class=&#8221;network-row2&#8243; z_index=&#8221;&#8221;][vc_column][vc_column_text css=&#8221;&#8221; el_class=&#8221;network-row2-r2&#8243;] A nossa rede Criamos e cuidamos as redes de fibra \u00f3tica que ir\u00e3o unir o hoje ao amanh\u00e3. A rede de fibra \u00f3tica da lyntia chega \u00e0s principais cidades de Espanha,...","og_url":"https:\/\/www.lyntia.com\/pt-pt\/rede-de-fibra-otica\/","og_site_name":"lyntia","article_modified_time":"2024-09-18T10:50:10+00:00","twitter_card":"summary_large_image","twitter_misc":{"Tempo estimado de leitura":"2 minutos"},"schema":{"@context":"https:\/\/schema.org","@graph":[{"@type":"WebPage","@id":"https:\/\/www.lyntia.com\/pt-pt\/rede-de-fibra-otica\/","url":"https:\/\/www.lyntia.com\/pt-pt\/rede-de-fibra-otica\/","name":"Rede de fibra \u00f3tica - lyntia","isPartOf":{"@id":"https:\/\/www.lyntia.com\/#website"},"datePublished":"2024-04-08T13:20:42+00:00","dateModified":"2024-09-18T10:50:10+00:00","breadcrumb":{"@id":"https:\/\/www.lyntia.com\/pt-pt\/rede-de-fibra-otica\/#breadcrumb"},"inLanguage":"pt-PT","potentialAction":[{"@type":"ReadAction","target":["https:\/\/www.lyntia.com\/pt-pt\/rede-de-fibra-otica\/"]}]},{"@type":"BreadcrumbList","@id":"https:\/\/www.lyntia.com\/pt-pt\/rede-de-fibra-otica\/#breadcrumb","itemListElement":[{"@type":"ListItem","position":1,"name":"Home","item":"https:\/\/www.lyntia.com\/pt-pt\/"},{"@type":"ListItem","position":2,"name":"Rede de fibra \u00f3tica"}]},{"@type":"WebSite","@id":"https:\/\/www.lyntia.com\/#website","url":"https:\/\/www.lyntia.com\/","name":"lyntia","description":"A Digital Company","potentialAction":[{"@type":"SearchAction","target":{"@type":"EntryPoint","urlTemplate":"https:\/\/www.lyntia.com\/?s={search_term_string}"},"query-input":{"@type":"PropertyValueSpecification","valueRequired":true,"valueName":"search_term_string"}}],"inLanguage":"pt-PT"}]}},"rttpg_featured_image_url":null,"rttpg_author":{"display_name":"spane","author_link":"https:\/\/www.lyntia.com\/pt-pt\/author\/spane\/"},"rttpg_comment":0,"rttpg_category":" <a href=\"https:\/\/www.lyntia.com\/pt-pt\/?taxonomy=translation_priority&#038;term=opcional-pt-pt\" rel=\"tag\">Opcional<\/a>","rttpg_excerpt":"[vc_row css_animation=&#8221;&#8221; row_type=&#8221;row&#8221; use_row_as_full_screen_section=&#8221;yes&#8221; type=&#8221;full_width&#8221; angled_section=&#8221;no&#8221; text_align=&#8221;left&#8221; background_image_as_pattern=&#8221;without_pattern&#8221; z_index=&#8221;&#8221; el_class=&#8221;redfibra-es&#8221;][vc_column el_class=&#8221;network-map-page&#8221;][vc_column_text]\ufeff Alternative Content[\/vc_column_text][\/vc_column][\/vc_row][vc_row css_animation=&#8221;&#8221; row_type=&#8221;row&#8221; use_row_as_full_screen_section=&#8221;no&#8221; type=&#8221;grid&#8221; angled_section=&#8221;no&#8221; text_align=&#8221;left&#8221; background_image_as_pattern=&#8221;without_pattern&#8221; el_class=&#8221;network-row2&#8243; z_index=&#8221;&#8221;][vc_column][vc_column_text css=&#8221;&#8221; el_class=&#8221;network-row2-r2&#8243;] A nossa rede Criamos e cuidamos as redes de fibra \u00f3tica que ir\u00e3o unir o hoje ao amanh\u00e3. A rede de fibra \u00f3tica da lyntia chega \u00e0s principais cidades de Espanha,...","_links":{"self":[{"href":"https:\/\/www.lyntia.com\/pt-pt\/wp-json\/wp\/v2\/pages\/17483","targetHints":{"allow":["GET"]}}],"collection":[{"href":"https:\/\/www.lyntia.com\/pt-pt\/wp-json\/wp\/v2\/pages"}],"about":[{"href":"https:\/\/www.lyntia.com\/pt-pt\/wp-json\/wp\/v2\/types\/page"}],"author":[{"embeddable":true,"href":"https:\/\/www.lyntia.com\/pt-pt\/wp-json\/wp\/v2\/users\/6"}],"replies":[{"embeddable":true,"href":"https:\/\/www.lyntia.com\/pt-pt\/wp-json\/wp\/v2\/comments?post=17483"}],"version-history":[{"count":0,"href":"https:\/\/www.lyntia.com\/pt-pt\/wp-json\/wp\/v2\/pages\/17483\/revisions"}],"wp:attachment":[{"href":"https:\/\/www.lyntia.com\/pt-pt\/wp-json\/wp\/v2\/media?parent=17483"}],"curies":[{"name":"wp","href":"https:\/\/api.w.org\/{rel}","templated":true}]}}