{"id":17470,"date":"2024-04-08T14:20:11","date_gmt":"2024-04-08T13:20:11","guid":{"rendered":"https:\/\/www.lyntia.com\/?page_id=17470"},"modified":"2024-04-08T14:20:11","modified_gmt":"2024-04-08T13:20:11","slug":"integradores","status":"publish","type":"page","link":"https:\/\/www.lyntia.com\/pt-pt\/integradores\/","title":{"rendered":"Integradores"},"content":{"rendered":"<div class=\"wpb-content-wrapper\"><p>[vc_row css_animation=&#8221;&#8221; row_type=&#8221;row&#8221; use_row_as_full_screen_section=&#8221;no&#8221; type=&#8221;full_width&#8221; angled_section=&#8221;no&#8221; text_align=&#8221;left&#8221; background_image_as_pattern=&#8221;without_pattern&#8221; el_class=&#8221;service-item-row1&#8243; z_index=&#8221;&#8221; css=&#8221;.vc_custom_1620210045691{margin-top: 30px !important;padding-top: 50px !important;}&#8221;][vc_column width=&#8221;2\/6&#8243;][vc_single_image image=&#8221;3481&#8243; img_size=&#8221;full&#8221; alignment=&#8221;center&#8221; qode_css_animation=&#8221;&#8221; css=&#8221;.vc_custom_1568633854861{margin-bottom: 20px !important;}&#8221;][\/vc_column][vc_column width=&#8221;4\/6&#8243;][vc_column_text]<\/p>\n<div class=\"servive-item-title-box\">\n<p><img decoding=\"async\" class=\"alignnone size-full wp-image-2410\" src=\"https:\/\/www.lyntia.com\/wp-content\/uploads\/2019\/06\/vsat.png\" alt=\"\" width=\"72\" height=\"72\" \/><\/p>\n<h2 class=\"servive-item-title-box-title golden-brown font-50\">Integradores<\/h2>\n<\/div>\n<p>[\/vc_column_text][vc_column_text css=&#8221;.vc_custom_1709711898068{margin-top: 30px !important;}&#8221;]Integradores de sistemas que confiam nos servi\u00e7os de comunica\u00e7\u00e3o da Lyntia para complementar a oferta global que comercializam \/ proporcionam aos seus clientes.<\/p>\n<p>Reposicionamento num mercado em evolu\u00e7\u00e3o, no qual os operadores procuram prestar os servi\u00e7os que at\u00e9 agora os integradores ofereciam.<\/p>\n<p>Fonte de receitas adicional e complementar: A oferta de circuitos de capacidade dedicada proporciona um fluxo de receitas est\u00e1vel.<\/p>\n<p>Melhoria da reten\u00e7\u00e3o de clientes atrav\u00e9s da conectividade.[\/vc_column_text][\/vc_column][\/vc_row][vc_row css_animation=&#8221;&#8221; row_type=&#8221;row&#8221; use_row_as_full_screen_section=&#8221;no&#8221; type=&#8221;full_width&#8221; angled_section=&#8221;no&#8221; text_align=&#8221;left&#8221; background_image_as_pattern=&#8221;without_pattern&#8221; css=&#8221;.vc_custom_1620210032407{margin-top: 50px !important;}&#8221; z_index=&#8221;&#8221;][vc_column][vc_column_text css=&#8221;.vc_custom_1709711950451{margin-top: 30px !important;}&#8221;]<\/p>\n<h3 style=\"text-align: left;\"><span style=\"color: #3b0249;\"><strong>A lyntia pode oferecer a solu\u00e7\u00e3o mais adequada para cada caso de utiliza\u00e7\u00e3o:<\/strong><\/span><\/h3>\n<p>&nbsp;<\/p>\n<p style=\"padding-left: 80px;\"><span style=\"color: #3b0249;\"><strong>\u2022 Para grandes empresas<\/strong><\/span><\/p>\n<p style=\"padding-left: 80px;\"><span style=\"color: #3b0249;\"><strong>\u2022 Para servi\u00e7os pr\u00f3ximos da conectividade<\/strong><\/span><\/p>\n<p>[\/vc_column_text][\/vc_column][\/vc_row][vc_row css_animation=&#8221;&#8221; row_type=&#8221;row&#8221; use_row_as_full_screen_section=&#8221;no&#8221; type=&#8221;full_width&#8221; angled_section=&#8221;no&#8221; text_align=&#8221;left&#8221; background_image_as_pattern=&#8221;without_pattern&#8221; el_class=&#8221;service-item-row4&#8243; z_index=&#8221;&#8221; css=&#8221;.vc_custom_1623233075579{margin-top: 20px !important;}&#8221;][vc_column][vc_column_text]<\/p>\n<h3><span style=\"color: #3b0249;\">A lyntia \u00e9 o \u00fanico operador grossista que oferece a revenda de conectividade a integradores, um produto relacionado com cinco dimens\u00f5es diferenciadoras<\/span><\/h3>\n<p>[\/vc_column_text][vc_row_inner row_type=&#8221;row&#8221; type=&#8221;full_width&#8221; text_align=&#8221;left&#8221; css_animation=&#8221;&#8221; css=&#8221;.vc_custom_1557150236197{padding-top: 50px !important;}&#8221;][vc_column_inner width=&#8221;1\/5&#8243;][vc_column_text css=&#8221;.vc_custom_1709712003827{margin-bottom: 10px !important;}&#8221;]<\/p>\n<div class=\"servive-item-title-box-small\">\n<p><img decoding=\"async\" class=\"servive-item-title-box-small alignnone wp-image-14043\" src=\"https:\/\/www.lyntia.com\/wp-content\/uploads\/2019\/04\/neutro.png\" alt=\"\" width=\"50\" height=\"50\" \/><\/p>\n<h3 class=\"font-20 purple\">Neutro<\/h3>\n<\/div>\n<p>[\/vc_column_text][vc_column_text css=&#8221;.vc_custom_1709712028553{margin-bottom: 10px !important;}&#8221;]Disponibiliza\u00e7\u00e3o de uma nova oferta de servi\u00e7os para integradores.[\/vc_column_text][\/vc_column_inner][vc_column_inner width=&#8221;1\/5&#8243;][vc_column_text css=&#8221;.vc_custom_1709712046055{margin-bottom: 10px !important;}&#8221;]<\/p>\n<div class=\"servive-item-title-box-small\">\n<p><img decoding=\"async\" class=\"servive-item-title-box-small alignnone wp-image-14045\" src=\"https:\/\/www.lyntia.com\/wp-content\/uploads\/2019\/04\/Competitivo.png\" alt=\"\" width=\"50\" height=\"50\" \/><\/p>\n<h3 class=\"font-30 purple\">\u00a0Competitivo e abrangente<\/h3>\n<\/div>\n<p>[\/vc_column_text][vc_column_text css=&#8221;.vc_custom_1709712063919{margin-bottom: 10px !important;}&#8221;]A maior rede neutra com servi\u00e7os de capacidade.[\/vc_column_text][\/vc_column_inner][vc_column_inner width=&#8221;1\/5&#8243;][vc_column_text css=&#8221;.vc_custom_1709712080569{margin-bottom: 10px !important;}&#8221;]<\/p>\n<div class=\"servive-item-title-box-small\">\n<h3 class=\"font-30 purple\"><img loading=\"lazy\" decoding=\"async\" class=\"servive-item-title-box-small alignnone wp-image-14047\" src=\"https:\/\/www.lyntia.com\/wp-content\/uploads\/2019\/04\/Sencillo.png\" alt=\"\" width=\"49\" height=\"49\" \/><\/h3>\n<h3 class=\"font-30 purple\">Simples<\/h3>\n<\/div>\n<p>[\/vc_column_text][vc_column_text css=&#8221;.vc_custom_1709712098164{margin-bottom: 10px !important;}&#8221;]Ferramentas de autogest\u00e3o, para al\u00e9m de um KAM dedicado.[\/vc_column_text][\/vc_column_inner][vc_column_inner width=&#8221;1\/5&#8243;][vc_column_text css=&#8221;.vc_custom_1709712113782{margin-bottom: 10px !important;}&#8221;]<\/p>\n<div class=\"servive-item-title-box-small\">\n<h3 class=\"font-30 purple\"><img loading=\"lazy\" decoding=\"async\" class=\"servive-item-title-box-small alignnone wp-image-14049\" src=\"https:\/\/www.lyntia.com\/wp-content\/uploads\/2019\/04\/cliente-final.png\" alt=\"\" width=\"50\" height=\"50\" \/><\/h3>\n<h3 class=\"font-30 purple\">\u00a0Orientado para o cliente final<\/h3>\n<\/div>\n<p>[\/vc_column_text][vc_column_text css=&#8221;.vc_custom_1709712130242{margin-bottom: 10px !important;}&#8221;]Modelo de parceria: trabalhar em conjunto para satisfazer as necessidades do cliente final.[\/vc_column_text][\/vc_column_inner][vc_column_inner width=&#8221;1\/5&#8243;][vc_column_text css=&#8221;.vc_custom_1709712166665{margin-bottom: 10px !important;}&#8221;]<\/p>\n<div class=\"servive-item-title-box-small\">\n<h3 class=\"font-30 purple\"><img loading=\"lazy\" decoding=\"async\" class=\"servive-item-title-box-small alignnone wp-image-14051\" src=\"https:\/\/www.lyntia.com\/wp-content\/uploads\/2019\/04\/altacalidad.png\" alt=\"\" width=\"50\" height=\"50\" \/><\/h3>\n<h3 class=\"font-30 purple\">Elevada qualidade<\/h3>\n<\/div>\n<p>[\/vc_column_text][vc_column_text css=&#8221;.vc_custom_1709712154556{margin-bottom: 10px !important;}&#8221;]Excelentes par\u00e2metros de qualidade de servi\u00e7o e SLA.[\/vc_column_text][\/vc_column_inner][\/vc_row_inner][\/vc_column][\/vc_row][vc_row css_animation=&#8221;&#8221; row_type=&#8221;row&#8221; use_row_as_full_screen_section=&#8221;no&#8221; type=&#8221;full_width&#8221; angled_section=&#8221;no&#8221; text_align=&#8221;left&#8221; background_image_as_pattern=&#8221;without_pattern&#8221;][vc_column][vc_column_text css=&#8221;.vc_custom_1709712235486{margin-top: 30px !important;}&#8221;]<\/p>\n<h3 class=\"golden-brown font-30\">A lyntia \u00e9 a solu\u00e7\u00e3o integral para as necessidades de conectividade dos integradores<\/h3>\n<p>[\/vc_column_text][vc_row_inner row_type=&#8221;row&#8221; type=&#8221;full_width&#8221; text_align=&#8221;left&#8221; css_animation=&#8221;&#8221; css=&#8221;.vc_custom_1620209587505{margin-top: 30px !important;}&#8221;][vc_column_inner width=&#8221;1\/2&#8243;][vc_column_text css=&#8221;.vc_custom_1709712247552{margin-bottom: 10px !important;}&#8221;]<\/p>\n<div class=\"servive-item-title-box-small\">\n<p><img decoding=\"async\" class=\"servive-item-title-box-small\" src=\"https:\/\/www.lyntia.com\/wp-content\/uploads\/2019\/05\/capacity-icon-indigo.png\" \/><\/p>\n<h3 class=\"font-30 purple\">\u00a0Capacidade<\/h3>\n<\/div>\n<p>[\/vc_column_text][vc_column_text css=&#8221;.vc_custom_1709712263279{margin-right: 120px !important;}&#8221;]Oferecemos circuitos de elevada capacidade em largura de banda sobre fibra \u00f3tica, de uma forma r\u00e1pida e segura.[\/vc_column_text][\/vc_column_inner][vc_column_inner width=&#8221;1\/2&#8243;][vc_column_text css=&#8221;.vc_custom_1620210350272{margin-bottom: 10px !important;}&#8221;]<\/p>\n<div class=\"servive-item-title-box-small\">\n<h3 class=\"font-30 purple\"><img loading=\"lazy\" decoding=\"async\" class=\"alignnone size-full wp-image-2418\" src=\"https:\/\/www.lyntia.com\/wp-content\/uploads\/2019\/05\/vsat-icon-indigo.png\" alt=\"\" width=\"37\" height=\"38\" \/><\/h3>\n<h3 class=\"font-30 purple\">\u00a0V-SAT<\/h3>\n<\/div>\n<p>[\/vc_column_text][vc_column_text css=&#8221;.vc_custom_1709712296513{margin-right: 120px !important;}&#8221;]Quando precisar de ir onde mais ningu\u00e9m consegue, n\u00f3s temos uma ampla cobertura de sat\u00e9lite.[\/vc_column_text][\/vc_column_inner][\/vc_row_inner][\/vc_column][\/vc_row][vc_row css_animation=&#8221;&#8221; row_type=&#8221;row&#8221; use_row_as_full_screen_section=&#8221;no&#8221; type=&#8221;full_width&#8221; angled_section=&#8221;no&#8221; text_align=&#8221;left&#8221; background_image_as_pattern=&#8221;without_pattern&#8221; z_index=&#8221;&#8221; css=&#8221;.vc_custom_1620210240093{margin-top: 50px !important;}&#8221;][vc_column][vc_column_text css=&#8221;.vc_custom_1709712374014{margin-top: 30px !important;}&#8221;]<\/p>\n<h5><span style=\"color: #3b0249;\"><strong>Os clientes da Lyntia t\u00eam acesso \u00e0 sua plataforma \u00fanica AQS (Automated Quoting System), que disponibiliza pre\u00e7os imediatos, a pedido, para a maioria das necessidades de projetos.<\/strong><\/span><\/h5>\n<p>[\/vc_column_text][vc_column_text css=&#8221;.vc_custom_1709712391969{margin-top: 30px !important;}&#8221;]<\/p>\n<h5><span style=\"color: #3b0249;\"><strong>Para al\u00e9m disso, os clientes t\u00eam acesso a um KAM dedicado para gerir os seus or\u00e7amentos, bem como a uma equipa para os projetos mais complexos, que assume o compromisso de apresentar um or\u00e7amento no prazo de cinco dias.<\/strong><\/span><\/h5>\n<p>[\/vc_column_text][\/vc_column][\/vc_row][vc_row css_animation=&#8221;&#8221; row_type=&#8221;row&#8221; use_row_as_full_screen_section=&#8221;no&#8221; type=&#8221;full_width&#8221; angled_section=&#8221;no&#8221; text_align=&#8221;left&#8221; background_image_as_pattern=&#8221;without_pattern&#8221; el_class=&#8221;common-contact-row&#8221; z_index=&#8221;&#8221; css=&#8221;.vc_custom_1620210210325{margin-top: 50px !important;padding-top: 30px !important;}&#8221;][vc_column][vc_column_text]<\/p>\n<h2 class=\"site-color\">Contacto<\/h2>\n<p>[\/vc_column_text][vc_separator type=&#8221;normal&#8221; color=&#8221;#3b0249&#8243; thickness=&#8221;2&#8243; el_class=&#8221;network-sep&#8221;][vc_row_inner row_type=&#8221;row&#8221; type=&#8221;full_width&#8221; text_align=&#8221;left&#8221; css_animation=&#8221;&#8221;][vc_column_inner el_class=&#8221;network-row3-r2-col1&#8243; width=&#8221;1\/2&#8243;][vc_column_text]<\/p>\n<h4 class=\"clr-orange\">A lyntia em Espanha<\/h4>\n<p class=\"site-color\">A lyntia tem mais de 200 profissionais em Espanha nas diferentes \u00e1reas de neg\u00f3cio. Fale connosco e responderemos de forma r\u00e1pida a todas as suas necessidades.<\/p>\n<p>[\/vc_column_text][\/vc_column_inner][vc_column_inner el_class=&#8221;network-row3-r2-col2&#8243; width=&#8221;1\/2&#8243;][vc_column_text]<\/p>\n<div class=\" contact-info-box site-color\"><i class=\"fa fa-phone\" aria-hidden=\"true\"><\/i>\u00a0Telefone: <strong>+34 915 50 77 00<\/strong><\/div>\n<div class=\" contact-info-box site-color\"><i class=\"fa fa-envelope-o\" aria-hidden=\"true\"><\/i> E-mail: <strong>marketing@lyntia.com<\/strong><\/div>\n<div class=\" contact-info-box site-color\"><i class=\"fa fa-map-marker\" aria-hidden=\"true\"><\/i> Endere\u00e7o: <strong>Avenida de Bruselas 24, Planta 1, 28108 Alcobendas<\/strong><\/div>\n<p>[\/vc_column_text][vc_empty_space height=&#8221;12px&#8221;]<a  itemprop=\"url\" href=\"\" target=\"_self\"  class=\"qbutton  small default button-blue-1 popup-form\" style=\"color: #ffffff; background-color:#3b0249;\">Contacto connosco<\/a>[\/vc_column_inner][\/vc_row_inner][\/vc_column][\/vc_row]<\/p>\n<\/div>","protected":false},"excerpt":{"rendered":"<p>[vc_row css_animation=&#8221;&#8221; row_type=&#8221;row&#8221; use_row_as_full_screen_section=&#8221;no&#8221; type=&#8221;full_width&#8221; angled_section=&#8221;no&#8221; text_align=&#8221;left&#8221; background_image_as_pattern=&#8221;without_pattern&#8221; el_class=&#8221;service-item-row1&#8243; z_index=&#8221;&#8221; css=&#8221;.vc_custom_1620210045691{margin-top: 30px !important;padding-top: 50px !important;}&#8221;][vc_column width=&#8221;2\/6&#8243;][vc_single_image image=&#8221;3481&#8243; img_size=&#8221;full&#8221; alignment=&#8221;center&#8221; qode_css_animation=&#8221;&#8221; css=&#8221;.vc_custom_1568633854861{margin-bottom: 20px !important;}&#8221;][\/vc_column][vc_column width=&#8221;4\/6&#8243;][vc_column_text] Integradores [\/vc_column_text][vc_column_text css=&#8221;.vc_custom_1709711898068{margin-top: 30px !important;}&#8221;]Integradores de sistemas que confiam nos servi\u00e7os de comunica\u00e7\u00e3o da Lyntia para complementar a oferta global que comercializam \/ proporcionam aos seus clientes. Reposicionamento num mercado em&#8230;<\/p>\n","protected":false},"author":6,"featured_media":0,"parent":0,"menu_order":0,"comment_status":"closed","ping_status":"closed","template":"","meta":{"content-type":"","footnotes":""},"class_list":["post-17470","page","type-page","status-publish","hentry"],"yoast_head":"<!-- This site is optimized with the Yoast SEO plugin v27.3 - https:\/\/yoast.com\/product\/yoast-seo-wordpress\/ -->\n<title>Integradores - lyntia<\/title>\n<meta name=\"robots\" content=\"index, follow, max-snippet:-1, max-image-preview:large, max-video-preview:-1\" \/>\n<link rel=\"canonical\" href=\"https:\/\/www.lyntia.com\/integradores\/\" \/>\n<meta property=\"og:locale\" content=\"pt_PT\" \/>\n<meta property=\"og:type\" content=\"article\" \/>\n<meta property=\"og:title\" content=\"Integradores - lyntia\" \/>\n<meta property=\"og:description\" content=\"[vc_row css_animation=&#8221;&#8221; row_type=&#8221;row&#8221; use_row_as_full_screen_section=&#8221;no&#8221; type=&#8221;full_width&#8221; angled_section=&#8221;no&#8221; text_align=&#8221;left&#8221; background_image_as_pattern=&#8221;without_pattern&#8221; el_class=&#8221;service-item-row1&#8243; z_index=&#8221;&#8221; css=&#8221;.vc_custom_1620210045691{margin-top: 30px !important;padding-top: 50px !important;}&#8221;][vc_column width=&#8221;2\/6&#8243;][vc_single_image image=&#8221;3481&#8243; img_size=&#8221;full&#8221; alignment=&#8221;center&#8221; qode_css_animation=&#8221;&#8221; css=&#8221;.vc_custom_1568633854861{margin-bottom: 20px !important;}&#8221;][\/vc_column][vc_column width=&#8221;4\/6&#8243;][vc_column_text] Integradores [\/vc_column_text][vc_column_text css=&#8221;.vc_custom_1709711898068{margin-top: 30px !important;}&#8221;]Integradores de sistemas que confiam nos servi\u00e7os de comunica\u00e7\u00e3o da Lyntia para complementar a oferta global que comercializam \/ proporcionam aos seus clientes. Reposicionamento num mercado em...\" \/>\n<meta property=\"og:url\" content=\"https:\/\/www.lyntia.com\/integradores\/\" \/>\n<meta property=\"og:site_name\" content=\"lyntia\" \/>\n<meta property=\"og:image\" content=\"https:\/\/www.lyntia.com\/wp-content\/uploads\/2019\/06\/vsat.png\" \/>\n<meta name=\"twitter:card\" content=\"summary_large_image\" \/>\n<meta name=\"twitter:label1\" content=\"Tempo estimado de leitura\" \/>\n\t<meta name=\"twitter:data1\" content=\"4 minutos\" \/>\n<script type=\"application\/ld+json\" class=\"yoast-schema-graph\">{\"@context\":\"https:\\\/\\\/schema.org\",\"@graph\":[{\"@type\":\"WebPage\",\"@id\":\"https:\\\/\\\/www.lyntia.com\\\/integradores\\\/\",\"url\":\"https:\\\/\\\/www.lyntia.com\\\/integradores\\\/\",\"name\":\"Integradores - lyntia\",\"isPartOf\":{\"@id\":\"https:\\\/\\\/www.lyntia.com\\\/#website\"},\"primaryImageOfPage\":{\"@id\":\"https:\\\/\\\/www.lyntia.com\\\/integradores\\\/#primaryimage\"},\"image\":{\"@id\":\"https:\\\/\\\/www.lyntia.com\\\/integradores\\\/#primaryimage\"},\"thumbnailUrl\":\"https:\\\/\\\/www.lyntia.com\\\/wp-content\\\/uploads\\\/2019\\\/06\\\/vsat.png\",\"datePublished\":\"2024-04-08T13:20:11+00:00\",\"breadcrumb\":{\"@id\":\"https:\\\/\\\/www.lyntia.com\\\/integradores\\\/#breadcrumb\"},\"inLanguage\":\"pt-PT\",\"potentialAction\":[{\"@type\":\"ReadAction\",\"target\":[\"https:\\\/\\\/www.lyntia.com\\\/integradores\\\/\"]}]},{\"@type\":\"ImageObject\",\"inLanguage\":\"pt-PT\",\"@id\":\"https:\\\/\\\/www.lyntia.com\\\/integradores\\\/#primaryimage\",\"url\":\"https:\\\/\\\/www.lyntia.com\\\/wp-content\\\/uploads\\\/2019\\\/06\\\/vsat.png\",\"contentUrl\":\"https:\\\/\\\/www.lyntia.com\\\/wp-content\\\/uploads\\\/2019\\\/06\\\/vsat.png\"},{\"@type\":\"BreadcrumbList\",\"@id\":\"https:\\\/\\\/www.lyntia.com\\\/integradores\\\/#breadcrumb\",\"itemListElement\":[{\"@type\":\"ListItem\",\"position\":1,\"name\":\"Home\",\"item\":\"https:\\\/\\\/www.lyntia.com\\\/pt-pt\\\/\"},{\"@type\":\"ListItem\",\"position\":2,\"name\":\"Integradores\"}]},{\"@type\":\"WebSite\",\"@id\":\"https:\\\/\\\/www.lyntia.com\\\/#website\",\"url\":\"https:\\\/\\\/www.lyntia.com\\\/\",\"name\":\"lyntia\",\"description\":\"A Digital Company\",\"potentialAction\":[{\"@type\":\"SearchAction\",\"target\":{\"@type\":\"EntryPoint\",\"urlTemplate\":\"https:\\\/\\\/www.lyntia.com\\\/?s={search_term_string}\"},\"query-input\":{\"@type\":\"PropertyValueSpecification\",\"valueRequired\":true,\"valueName\":\"search_term_string\"}}],\"inLanguage\":\"pt-PT\"}]}<\/script>\n<!-- \/ Yoast SEO plugin. -->","yoast_head_json":{"title":"Integradores - lyntia","robots":{"index":"index","follow":"follow","max-snippet":"max-snippet:-1","max-image-preview":"max-image-preview:large","max-video-preview":"max-video-preview:-1"},"canonical":"https:\/\/www.lyntia.com\/integradores\/","og_locale":"pt_PT","og_type":"article","og_title":"Integradores - lyntia","og_description":"[vc_row css_animation=&#8221;&#8221; row_type=&#8221;row&#8221; use_row_as_full_screen_section=&#8221;no&#8221; type=&#8221;full_width&#8221; angled_section=&#8221;no&#8221; text_align=&#8221;left&#8221; background_image_as_pattern=&#8221;without_pattern&#8221; el_class=&#8221;service-item-row1&#8243; z_index=&#8221;&#8221; css=&#8221;.vc_custom_1620210045691{margin-top: 30px !important;padding-top: 50px !important;}&#8221;][vc_column width=&#8221;2\/6&#8243;][vc_single_image image=&#8221;3481&#8243; img_size=&#8221;full&#8221; alignment=&#8221;center&#8221; qode_css_animation=&#8221;&#8221; css=&#8221;.vc_custom_1568633854861{margin-bottom: 20px !important;}&#8221;][\/vc_column][vc_column width=&#8221;4\/6&#8243;][vc_column_text] Integradores [\/vc_column_text][vc_column_text css=&#8221;.vc_custom_1709711898068{margin-top: 30px !important;}&#8221;]Integradores de sistemas que confiam nos servi\u00e7os de comunica\u00e7\u00e3o da Lyntia para complementar a oferta global que comercializam \/ proporcionam aos seus clientes. Reposicionamento num mercado em...","og_url":"https:\/\/www.lyntia.com\/integradores\/","og_site_name":"lyntia","og_image":[{"url":"https:\/\/www.lyntia.com\/wp-content\/uploads\/2019\/06\/vsat.png","type":"","width":"","height":""}],"twitter_card":"summary_large_image","twitter_misc":{"Tempo estimado de leitura":"4 minutos"},"schema":{"@context":"https:\/\/schema.org","@graph":[{"@type":"WebPage","@id":"https:\/\/www.lyntia.com\/integradores\/","url":"https:\/\/www.lyntia.com\/integradores\/","name":"Integradores - lyntia","isPartOf":{"@id":"https:\/\/www.lyntia.com\/#website"},"primaryImageOfPage":{"@id":"https:\/\/www.lyntia.com\/integradores\/#primaryimage"},"image":{"@id":"https:\/\/www.lyntia.com\/integradores\/#primaryimage"},"thumbnailUrl":"https:\/\/www.lyntia.com\/wp-content\/uploads\/2019\/06\/vsat.png","datePublished":"2024-04-08T13:20:11+00:00","breadcrumb":{"@id":"https:\/\/www.lyntia.com\/integradores\/#breadcrumb"},"inLanguage":"pt-PT","potentialAction":[{"@type":"ReadAction","target":["https:\/\/www.lyntia.com\/integradores\/"]}]},{"@type":"ImageObject","inLanguage":"pt-PT","@id":"https:\/\/www.lyntia.com\/integradores\/#primaryimage","url":"https:\/\/www.lyntia.com\/wp-content\/uploads\/2019\/06\/vsat.png","contentUrl":"https:\/\/www.lyntia.com\/wp-content\/uploads\/2019\/06\/vsat.png"},{"@type":"BreadcrumbList","@id":"https:\/\/www.lyntia.com\/integradores\/#breadcrumb","itemListElement":[{"@type":"ListItem","position":1,"name":"Home","item":"https:\/\/www.lyntia.com\/pt-pt\/"},{"@type":"ListItem","position":2,"name":"Integradores"}]},{"@type":"WebSite","@id":"https:\/\/www.lyntia.com\/#website","url":"https:\/\/www.lyntia.com\/","name":"lyntia","description":"A Digital Company","potentialAction":[{"@type":"SearchAction","target":{"@type":"EntryPoint","urlTemplate":"https:\/\/www.lyntia.com\/?s={search_term_string}"},"query-input":{"@type":"PropertyValueSpecification","valueRequired":true,"valueName":"search_term_string"}}],"inLanguage":"pt-PT"}]}},"rttpg_featured_image_url":null,"rttpg_author":{"display_name":"spane","author_link":"https:\/\/www.lyntia.com\/pt-pt\/author\/spane\/"},"rttpg_comment":0,"rttpg_category":false,"rttpg_excerpt":"[vc_row css_animation=&#8221;&#8221; row_type=&#8221;row&#8221; use_row_as_full_screen_section=&#8221;no&#8221; type=&#8221;full_width&#8221; angled_section=&#8221;no&#8221; text_align=&#8221;left&#8221; background_image_as_pattern=&#8221;without_pattern&#8221; el_class=&#8221;service-item-row1&#8243; z_index=&#8221;&#8221; css=&#8221;.vc_custom_1620210045691{margin-top: 30px !important;padding-top: 50px !important;}&#8221;][vc_column width=&#8221;2\/6&#8243;][vc_single_image image=&#8221;3481&#8243; img_size=&#8221;full&#8221; alignment=&#8221;center&#8221; qode_css_animation=&#8221;&#8221; css=&#8221;.vc_custom_1568633854861{margin-bottom: 20px !important;}&#8221;][\/vc_column][vc_column width=&#8221;4\/6&#8243;][vc_column_text] Integradores [\/vc_column_text][vc_column_text css=&#8221;.vc_custom_1709711898068{margin-top: 30px !important;}&#8221;]Integradores de sistemas que confiam nos servi\u00e7os de comunica\u00e7\u00e3o da Lyntia para complementar a oferta global que comercializam \/ proporcionam aos seus clientes. Reposicionamento num mercado em...","_links":{"self":[{"href":"https:\/\/www.lyntia.com\/pt-pt\/wp-json\/wp\/v2\/pages\/17470","targetHints":{"allow":["GET"]}}],"collection":[{"href":"https:\/\/www.lyntia.com\/pt-pt\/wp-json\/wp\/v2\/pages"}],"about":[{"href":"https:\/\/www.lyntia.com\/pt-pt\/wp-json\/wp\/v2\/types\/page"}],"author":[{"embeddable":true,"href":"https:\/\/www.lyntia.com\/pt-pt\/wp-json\/wp\/v2\/users\/6"}],"replies":[{"embeddable":true,"href":"https:\/\/www.lyntia.com\/pt-pt\/wp-json\/wp\/v2\/comments?post=17470"}],"version-history":[{"count":0,"href":"https:\/\/www.lyntia.com\/pt-pt\/wp-json\/wp\/v2\/pages\/17470\/revisions"}],"wp:attachment":[{"href":"https:\/\/www.lyntia.com\/pt-pt\/wp-json\/wp\/v2\/media?parent=17470"}],"curies":[{"name":"wp","href":"https:\/\/api.w.org\/{rel}","templated":true}]}}