{"id":17456,"date":"2024-04-08T14:21:33","date_gmt":"2024-04-08T13:21:33","guid":{"rendered":"https:\/\/www.lyntia.com\/?page_id=17456"},"modified":"2024-04-08T14:21:33","modified_gmt":"2024-04-08T13:21:33","slug":"vsat","status":"publish","type":"page","link":"https:\/\/www.lyntia.com\/pt-pt\/servicos\/vsat\/","title":{"rendered":"VSAT"},"content":{"rendered":"<div class=\"wpb-content-wrapper\"><p>[vc_row css_animation=&#8221;&#8221; row_type=&#8221;row&#8221; use_row_as_full_screen_section=&#8221;no&#8221; type=&#8221;full_width&#8221; angled_section=&#8221;no&#8221; text_align=&#8221;left&#8221; background_image_as_pattern=&#8221;without_pattern&#8221; el_class=&#8221;service-item-row1&#8243; z_index=&#8221;&#8221; css=&#8221;.vc_custom_1557145674885{margin-top: 30px !important;padding-top: 50px !important;padding-bottom: 50px !important;}&#8221;][vc_column width=&#8221;2\/6&#8243;][vc_single_image image=&#8221;3481&#8243; img_size=&#8221;full&#8221; alignment=&#8221;center&#8221; qode_css_animation=&#8221;&#8221; css=&#8221;.vc_custom_1568633854861{margin-bottom: 20px !important;}&#8221;][\/vc_column][vc_column width=&#8221;4\/6&#8243;][vc_column_text]<\/p>\n<div class=\"servive-item-title-box\">\n<p><img decoding=\"async\" class=\"alignnone size-full wp-image-2410\" src=\"https:\/\/www.lyntia.com\/wp-content\/uploads\/2019\/06\/vsat.png\" alt=\"\" width=\"72\" height=\"72\" \/><\/p>\n<h2 class=\"servive-item-title-box-title golden-brown font-50\">VSAT<\/h2>\n<\/div>\n<p>[\/vc_column_text][vc_column_text css=&#8221;.vc_custom_1709658799259{margin-top: 30px !important;}&#8221;]Quando precisar de chegar onde ningu\u00e9m chega, dispomos de uma ampla cobertura satelit\u00e1ria atrav\u00e9s dos principais sat\u00e9lites internacionais com os quais trabalhamos.<\/p>\n<p>Oferecemos solu\u00e7\u00f5es personalizadas de acordo com as necessidades dos seus clientes: otimiza\u00e7\u00e3o, desenho, configura\u00e7\u00e3o e prioriza\u00e7\u00e3o de acordo com as aplica\u00e7\u00f5es e servi\u00e7os baseados na utiliza\u00e7\u00e3o de protocolos para tr\u00e1fego de dados, voz e v\u00eddeo.<\/p>\n<p>A rede de sat\u00e9lites da Lyntia permite complementar a cobertura de fibra atrav\u00e9s de diferentes plataformas de sat\u00e9lite ou atrav\u00e9s de acordos de roaming com terceiros.[\/vc_column_text][\/vc_column][\/vc_row][vc_row css_animation=&#8221;&#8221; row_type=&#8221;row&#8221; use_row_as_full_screen_section=&#8221;no&#8221; type=&#8221;full_width&#8221; angled_section=&#8221;no&#8221; text_align=&#8221;left&#8221; background_image_as_pattern=&#8221;without_pattern&#8221; el_class=&#8221;service-item-row2&#8243; z_index=&#8221;&#8221;][vc_column width=&#8221;1\/3&#8243;][vc_column_text css=&#8221;.vc_custom_1709658819323{margin-bottom: 30px !important;}&#8221;]<\/p>\n<h3 class=\"font-40 purple\">Sistemas de sat\u00e9lite<\/h3>\n<p>[\/vc_column_text][vc_column_text]\u2022 Hispasat<\/p>\n<p>\u2022 Eutelsat<\/p>\n<p>\u2022 Asiasat<\/p>\n<p>\u2022 Chinasat[\/vc_column_text][\/vc_column][vc_column width=&#8221;1\/3&#8243;][vc_column_text css=&#8221;.vc_custom_1709658840211{margin-bottom: 30px !important;}&#8221;]<\/p>\n<h3 class=\"font-40 purple\">Solu\u00e7\u00f5es<\/h3>\n<p>[\/vc_column_text][vc_column_text]\u2022 Solu\u00e7\u00f5es personalizadas a pedido do cliente (partilhadas ou dedicadas)<\/p>\n<p>\u2022 Solu\u00e7\u00f5es Unicast e Multicast<\/p>\n<p>\u2022 Disponibilidade de terminais com portas Ethernet 10 Base T e Serial<\/p>\n<p>\u2022 Plataformas terrestres propriet\u00e1rias Hughes e Viasat[\/vc_column_text][\/vc_column][vc_column width=&#8221;1\/3&#8243;][vc_column_text css=&#8221;.vc_custom_1709658964334{margin-bottom: 30px !important;}&#8221;]<\/p>\n<h3 class=\"font-40 purple\">Vantagens<\/h3>\n<p>[\/vc_column_text][vc_column_text]\u2022 Plataformas altamente eficientes na utiliza\u00e7\u00e3o da largura de banda de sat\u00e9lite<\/p>\n<p>\u2022 Ampla disponibilidade<\/p>\n<p>\u2022 Configura\u00e7\u00e3o personalizada<\/p>\n<p>\u2022 Alta cobertura e r\u00e1pida implementa\u00e7\u00e3o[\/vc_column_text][\/vc_column][\/vc_row][vc_row css_animation=&#8221;&#8221; row_type=&#8221;row&#8221; use_row_as_full_screen_section=&#8221;no&#8221; type=&#8221;full_width&#8221; angled_section=&#8221;no&#8221; text_align=&#8221;center&#8221; background_image_as_pattern=&#8221;without_pattern&#8221; el_class=&#8221;service-item-row3&#8243; z_index=&#8221;&#8221; css=&#8221;.vc_custom_1559752797357{padding-top: 50px !important;}&#8221;][vc_column el_class=&#8221;video-youtube&#8221;][vc_column_text el_class=&#8221;ytcontenedor&#8221;]<iframe src=\"https:\/\/www.youtube.com\/embed\/v0K1MG-ZL5c\" frameborder=\"0\" allowfullscreen=\"allowfullscreen\"><\/iframe>[\/vc_column_text][vc_empty_space height=&#8221;30px&#8221;]<a  itemprop=\"url\" href=\"https:\/\/www.lyntia.com\/wp-content\/uploads\/2019\/04\/VSAT-lyntia_Copy-PT-REV.pdf\" target=\"_blank\"  class=\"qbutton  medium center default button1\" style=\"color: #ffffff; background-color:#3b0249;\">Descarregar PDF VSAT<i class=\"qode_icon_font_awesome fa fa-download qode_button_icon_element\"><\/i><\/a>[\/vc_column][\/vc_row][vc_row css_animation=&#8221;&#8221; row_type=&#8221;row&#8221; use_row_as_full_screen_section=&#8221;no&#8221; type=&#8221;full_width&#8221; angled_section=&#8221;no&#8221; text_align=&#8221;left&#8221; background_image_as_pattern=&#8221;without_pattern&#8221; el_class=&#8221;service-item-row4&#8243; z_index=&#8221;&#8221;][vc_column][vc_column_text]<\/p>\n<h3 class=\"golden-brown font-40\">Outros servi\u00e7os<\/h3>\n<p>[\/vc_column_text][vc_row_inner row_type=&#8221;row&#8221; type=&#8221;full_width&#8221; text_align=&#8221;left&#8221; css_animation=&#8221;&#8221; css=&#8221;.vc_custom_1557150236197{padding-top: 50px !important;}&#8221;][vc_column_inner width=&#8221;1\/4&#8243;][vc_column_text css=&#8221;.vc_custom_1709656310800{margin-bottom: 10px !important;}&#8221;]<\/p>\n<div class=\"servive-item-title-box-small\">\n<p><img decoding=\"async\" class=\"servive-item-title-box-small\" src=\"https:\/\/www.lyntia.com\/wp-content\/uploads\/2019\/06\/fiber-icon-1.png\" \/><\/p>\n<h3 class=\"font-30 purple\">Fibra escura<\/h3>\n<\/div>\n<p>[\/vc_column_text][vc_column_text css=&#8221;.vc_custom_1709656325632{margin-bottom: 10px !important;}&#8221;]Fibra escura para alugar ou concess\u00e3o do direito de utiliza\u00e7\u00e3o de longa dura\u00e7\u00e3o.[\/vc_column_text][vc_column_text]<\/p>\n<div class=\"button-box2\"><a class=\"purple\">Saber mais <\/a><\/div>\n<p>[\/vc_column_text][\/vc_column_inner][vc_column_inner width=&#8221;1\/4&#8243;][vc_column_text css=&#8221;.vc_custom_1709656356025{margin-bottom: 10px !important;}&#8221;]<\/p>\n<div class=\"servive-item-title-box-small\">\n<p><img decoding=\"async\" class=\"servive-item-title-box-small\" src=\"https:\/\/www.lyntia.com\/wp-content\/uploads\/2019\/05\/capacity-icon-indigo.png\" \/><\/p>\n<h3 class=\"font-30 purple\">Capacidade<\/h3>\n<\/div>\n<p>[\/vc_column_text][vc_column_text css=&#8221;.vc_custom_1709656344010{margin-bottom: 10px !important;}&#8221;]Oferecemos circuitos de elevada capacidade em largura de banda sobre fibra \u00f3tica, de uma forma r\u00e1pida e segura.[\/vc_column_text][vc_column_text]<\/p>\n<div class=\"button-box2\"><a class=\"purple\">Saber mais <\/a><\/div>\n<p>[\/vc_column_text][\/vc_column_inner][vc_column_inner width=&#8221;1\/4&#8243;][vc_column_text css=&#8221;.vc_custom_1559764675761{margin-bottom: 10px !important;}&#8221;]<\/p>\n<div class=\"servive-item-title-box-small\">\n<p><img decoding=\"async\" class=\"alignnone size-full wp-image-2422\" src=\"https:\/\/www.lyntia.com\/wp-content\/uploads\/2019\/05\/internet-icon-indigo.png\" alt=\"\" width=\"37\" height=\"37\" \/><\/p>\n<h3 class=\"font-30 purple\">FTTH<\/h3>\n<\/div>\n<p>[\/vc_column_text][vc_column_text css=&#8221;.vc_custom_1709659054856{margin-bottom: 10px !important;}&#8221;]A lyntia oferece a mais recente tecnologia de telecomunica\u00e7\u00f5es Fibre To The Home (fibra at\u00e9 casa).[\/vc_column_text][vc_column_text]<\/p>\n<div class=\"button-box2\">\n<p><a class=\"purple\" href=\"https:\/\/www.lyntia.com\/servicios\/ftth\/\">Saber m\u00e1s <i class=\"fa fa-angle-double-right\" aria-hidden=\"true\"><\/i><\/a><\/p>\n<\/div>\n<p>[\/vc_column_text][\/vc_column_inner][vc_column_inner width=&#8221;1\/4&#8243;][vc_column_text css=&#8221;.vc_custom_1709656551520{margin-bottom: 10px !important;}&#8221;]<\/p>\n<div class=\"servive-item-title-box-small\">\n<p><img decoding=\"async\" class=\"servive-item-title-box-small\" src=\"https:\/\/www.lyntia.com\/wp-content\/uploads\/2019\/05\/co-location-icon-indigo.png\" \/><\/p>\n<h3 class=\"font-30 purple\">Colocation<\/h3>\n<\/div>\n<p>[\/vc_column_text][vc_column_text css=&#8221;.vc_custom_1709656569961{margin-bottom: 10px !important;}&#8221;]Colocalizamos o seu equipamento de comunica\u00e7\u00f5es nos nossos nodos em Espanha e nos nossos POP na Europa e na Am\u00e9rica.[\/vc_column_text][vc_column_text]<\/p>\n<div class=\"button-box2\"><a class=\"purple\">Saber mais <\/a><\/div>\n<p>[\/vc_column_text][\/vc_column_inner][\/vc_row_inner][\/vc_column][\/vc_row][vc_row css_animation=&#8221;&#8221; row_type=&#8221;row&#8221; use_row_as_full_screen_section=&#8221;no&#8221; type=&#8221;full_width&#8221; angled_section=&#8221;no&#8221; text_align=&#8221;left&#8221; background_image_as_pattern=&#8221;without_pattern&#8221; el_class=&#8221;common-contact-row&#8221; z_index=&#8221;&#8221;][vc_column][vc_column_text]<\/p>\n<h2 class=\"site-color\">Contacto<\/h2>\n<p>[\/vc_column_text][vc_separator type=&#8221;normal&#8221; color=&#8221;#3b0249&#8243; thickness=&#8221;2&#8243; el_class=&#8221;network-sep&#8221;][vc_row_inner row_type=&#8221;row&#8221; type=&#8221;full_width&#8221; text_align=&#8221;left&#8221; css_animation=&#8221;&#8221;][vc_column_inner el_class=&#8221;network-row3-r2-col1&#8243; width=&#8221;1\/2&#8243;][vc_column_text]<\/p>\n<h4 class=\"clr-orange\">A lyntia em Espanha<\/h4>\n<p class=\"site-color\">A lyntia tem mais de 200 profissionais em Espanha nas diferentes \u00e1reas de neg\u00f3cio. Fale connosco e responderemos de forma r\u00e1pida a todas as suas necessidades.<\/p>\n<p>[\/vc_column_text][\/vc_column_inner][vc_column_inner el_class=&#8221;network-row3-r2-col2&#8243; width=&#8221;1\/2&#8243;][vc_column_text]<\/p>\n<div class=\" contact-info-box site-color\">Telefone: <strong>+34 915 50 77 00<\/strong><\/div>\n<div class=\" contact-info-box site-color\">E-mail: <strong>marketing@lyntia.com<\/strong><\/div>\n<div class=\" contact-info-box site-color\">Endere\u00e7o: <strong>Avenida de Bruselas 24, Planta 1, 28108 Alcobendas<\/strong><\/div>\n<p>[\/vc_column_text][vc_empty_space height=&#8221;12px&#8221;]<a  itemprop=\"url\" href=\"\" target=\"_self\"  class=\"qbutton  small default button-blue-1 popup-form\" style=\"color: #ffffff; background-color:#3b0249;\">Contacto connosco<\/a>[\/vc_column_inner][\/vc_row_inner][\/vc_column][\/vc_row]<\/p>\n<\/div>","protected":false},"excerpt":{"rendered":"<p>[vc_row css_animation=&#8221;&#8221; row_type=&#8221;row&#8221; use_row_as_full_screen_section=&#8221;no&#8221; type=&#8221;full_width&#8221; angled_section=&#8221;no&#8221; text_align=&#8221;left&#8221; background_image_as_pattern=&#8221;without_pattern&#8221; el_class=&#8221;service-item-row1&#8243; z_index=&#8221;&#8221; css=&#8221;.vc_custom_1557145674885{margin-top: 30px !important;padding-top: 50px !important;padding-bottom: 50px !important;}&#8221;][vc_column width=&#8221;2\/6&#8243;][vc_single_image image=&#8221;3481&#8243; img_size=&#8221;full&#8221; alignment=&#8221;center&#8221; qode_css_animation=&#8221;&#8221; css=&#8221;.vc_custom_1568633854861{margin-bottom: 20px !important;}&#8221;][\/vc_column][vc_column width=&#8221;4\/6&#8243;][vc_column_text] VSAT [\/vc_column_text][vc_column_text css=&#8221;.vc_custom_1709658799259{margin-top: 30px !important;}&#8221;]Quando precisar de chegar onde ningu\u00e9m chega, dispomos de uma ampla cobertura satelit\u00e1ria atrav\u00e9s dos principais sat\u00e9lites internacionais com os quais trabalhamos. Oferecemos solu\u00e7\u00f5es personalizadas&#8230;<\/p>\n","protected":false},"author":6,"featured_media":0,"parent":17411,"menu_order":0,"comment_status":"closed","ping_status":"closed","template":"","meta":{"content-type":"","footnotes":""},"class_list":["post-17456","page","type-page","status-publish","hentry"],"yoast_head":"<!-- This site is optimized with the Yoast SEO plugin v27.4 - https:\/\/yoast.com\/product\/yoast-seo-wordpress\/ -->\n<title>VSAT - lyntia<\/title>\n<meta name=\"robots\" content=\"index, follow, max-snippet:-1, max-image-preview:large, max-video-preview:-1\" \/>\n<link rel=\"canonical\" href=\"https:\/\/www.lyntia.com\/servicios\/vsat\/\" \/>\n<meta property=\"og:locale\" content=\"pt_PT\" \/>\n<meta property=\"og:type\" content=\"article\" \/>\n<meta property=\"og:title\" content=\"VSAT - lyntia\" \/>\n<meta property=\"og:description\" content=\"[vc_row css_animation=&#8221;&#8221; row_type=&#8221;row&#8221; use_row_as_full_screen_section=&#8221;no&#8221; type=&#8221;full_width&#8221; angled_section=&#8221;no&#8221; text_align=&#8221;left&#8221; background_image_as_pattern=&#8221;without_pattern&#8221; el_class=&#8221;service-item-row1&#8243; z_index=&#8221;&#8221; css=&#8221;.vc_custom_1557145674885{margin-top: 30px !important;padding-top: 50px !important;padding-bottom: 50px !important;}&#8221;][vc_column width=&#8221;2\/6&#8243;][vc_single_image image=&#8221;3481&#8243; img_size=&#8221;full&#8221; alignment=&#8221;center&#8221; qode_css_animation=&#8221;&#8221; css=&#8221;.vc_custom_1568633854861{margin-bottom: 20px !important;}&#8221;][\/vc_column][vc_column width=&#8221;4\/6&#8243;][vc_column_text] VSAT [\/vc_column_text][vc_column_text css=&#8221;.vc_custom_1709658799259{margin-top: 30px !important;}&#8221;]Quando precisar de chegar onde ningu\u00e9m chega, dispomos de uma ampla cobertura satelit\u00e1ria atrav\u00e9s dos principais sat\u00e9lites internacionais com os quais trabalhamos. Oferecemos solu\u00e7\u00f5es personalizadas...\" \/>\n<meta property=\"og:url\" content=\"https:\/\/www.lyntia.com\/servicios\/vsat\/\" \/>\n<meta property=\"og:site_name\" content=\"lyntia\" \/>\n<meta property=\"og:image\" content=\"https:\/\/www.lyntia.com\/wp-content\/uploads\/2019\/06\/vsat.png\" \/>\n<meta name=\"twitter:card\" content=\"summary_large_image\" \/>\n<meta name=\"twitter:label1\" content=\"Tempo estimado de leitura\" \/>\n\t<meta name=\"twitter:data1\" content=\"4 minutos\" \/>\n<script type=\"application\/ld+json\" class=\"yoast-schema-graph\">{\"@context\":\"https:\\\/\\\/schema.org\",\"@graph\":[{\"@type\":\"WebPage\",\"@id\":\"https:\\\/\\\/www.lyntia.com\\\/servicios\\\/vsat\\\/\",\"url\":\"https:\\\/\\\/www.lyntia.com\\\/servicios\\\/vsat\\\/\",\"name\":\"VSAT - lyntia\",\"isPartOf\":{\"@id\":\"https:\\\/\\\/www.lyntia.com\\\/#website\"},\"primaryImageOfPage\":{\"@id\":\"https:\\\/\\\/www.lyntia.com\\\/servicios\\\/vsat\\\/#primaryimage\"},\"image\":{\"@id\":\"https:\\\/\\\/www.lyntia.com\\\/servicios\\\/vsat\\\/#primaryimage\"},\"thumbnailUrl\":\"https:\\\/\\\/www.lyntia.com\\\/wp-content\\\/uploads\\\/2019\\\/06\\\/vsat.png\",\"datePublished\":\"2024-04-08T13:21:33+00:00\",\"breadcrumb\":{\"@id\":\"https:\\\/\\\/www.lyntia.com\\\/servicios\\\/vsat\\\/#breadcrumb\"},\"inLanguage\":\"pt-PT\",\"potentialAction\":[{\"@type\":\"ReadAction\",\"target\":[\"https:\\\/\\\/www.lyntia.com\\\/servicios\\\/vsat\\\/\"]}]},{\"@type\":\"ImageObject\",\"inLanguage\":\"pt-PT\",\"@id\":\"https:\\\/\\\/www.lyntia.com\\\/servicios\\\/vsat\\\/#primaryimage\",\"url\":\"https:\\\/\\\/www.lyntia.com\\\/wp-content\\\/uploads\\\/2019\\\/06\\\/vsat.png\",\"contentUrl\":\"https:\\\/\\\/www.lyntia.com\\\/wp-content\\\/uploads\\\/2019\\\/06\\\/vsat.png\"},{\"@type\":\"BreadcrumbList\",\"@id\":\"https:\\\/\\\/www.lyntia.com\\\/servicios\\\/vsat\\\/#breadcrumb\",\"itemListElement\":[{\"@type\":\"ListItem\",\"position\":1,\"name\":\"Home\",\"item\":\"https:\\\/\\\/www.lyntia.com\\\/pt-pt\\\/\"},{\"@type\":\"ListItem\",\"position\":2,\"name\":\"Servi\u00e7os\",\"item\":\"https:\\\/\\\/www.lyntia.com\\\/pt-pt\\\/servicos\\\/\"},{\"@type\":\"ListItem\",\"position\":3,\"name\":\"VSAT\"}]},{\"@type\":\"WebSite\",\"@id\":\"https:\\\/\\\/www.lyntia.com\\\/#website\",\"url\":\"https:\\\/\\\/www.lyntia.com\\\/\",\"name\":\"lyntia\",\"description\":\"A Digital Company\",\"potentialAction\":[{\"@type\":\"SearchAction\",\"target\":{\"@type\":\"EntryPoint\",\"urlTemplate\":\"https:\\\/\\\/www.lyntia.com\\\/?s={search_term_string}\"},\"query-input\":{\"@type\":\"PropertyValueSpecification\",\"valueRequired\":true,\"valueName\":\"search_term_string\"}}],\"inLanguage\":\"pt-PT\"}]}<\/script>\n<!-- \/ Yoast SEO plugin. -->","yoast_head_json":{"title":"VSAT - lyntia","robots":{"index":"index","follow":"follow","max-snippet":"max-snippet:-1","max-image-preview":"max-image-preview:large","max-video-preview":"max-video-preview:-1"},"canonical":"https:\/\/www.lyntia.com\/servicios\/vsat\/","og_locale":"pt_PT","og_type":"article","og_title":"VSAT - lyntia","og_description":"[vc_row css_animation=&#8221;&#8221; row_type=&#8221;row&#8221; use_row_as_full_screen_section=&#8221;no&#8221; type=&#8221;full_width&#8221; angled_section=&#8221;no&#8221; text_align=&#8221;left&#8221; background_image_as_pattern=&#8221;without_pattern&#8221; el_class=&#8221;service-item-row1&#8243; z_index=&#8221;&#8221; css=&#8221;.vc_custom_1557145674885{margin-top: 30px !important;padding-top: 50px !important;padding-bottom: 50px !important;}&#8221;][vc_column width=&#8221;2\/6&#8243;][vc_single_image image=&#8221;3481&#8243; img_size=&#8221;full&#8221; alignment=&#8221;center&#8221; qode_css_animation=&#8221;&#8221; css=&#8221;.vc_custom_1568633854861{margin-bottom: 20px !important;}&#8221;][\/vc_column][vc_column width=&#8221;4\/6&#8243;][vc_column_text] VSAT [\/vc_column_text][vc_column_text css=&#8221;.vc_custom_1709658799259{margin-top: 30px !important;}&#8221;]Quando precisar de chegar onde ningu\u00e9m chega, dispomos de uma ampla cobertura satelit\u00e1ria atrav\u00e9s dos principais sat\u00e9lites internacionais com os quais trabalhamos. Oferecemos solu\u00e7\u00f5es personalizadas...","og_url":"https:\/\/www.lyntia.com\/servicios\/vsat\/","og_site_name":"lyntia","og_image":[{"url":"https:\/\/www.lyntia.com\/wp-content\/uploads\/2019\/06\/vsat.png","type":"","width":"","height":""}],"twitter_card":"summary_large_image","twitter_misc":{"Tempo estimado de leitura":"4 minutos"},"schema":{"@context":"https:\/\/schema.org","@graph":[{"@type":"WebPage","@id":"https:\/\/www.lyntia.com\/servicios\/vsat\/","url":"https:\/\/www.lyntia.com\/servicios\/vsat\/","name":"VSAT - lyntia","isPartOf":{"@id":"https:\/\/www.lyntia.com\/#website"},"primaryImageOfPage":{"@id":"https:\/\/www.lyntia.com\/servicios\/vsat\/#primaryimage"},"image":{"@id":"https:\/\/www.lyntia.com\/servicios\/vsat\/#primaryimage"},"thumbnailUrl":"https:\/\/www.lyntia.com\/wp-content\/uploads\/2019\/06\/vsat.png","datePublished":"2024-04-08T13:21:33+00:00","breadcrumb":{"@id":"https:\/\/www.lyntia.com\/servicios\/vsat\/#breadcrumb"},"inLanguage":"pt-PT","potentialAction":[{"@type":"ReadAction","target":["https:\/\/www.lyntia.com\/servicios\/vsat\/"]}]},{"@type":"ImageObject","inLanguage":"pt-PT","@id":"https:\/\/www.lyntia.com\/servicios\/vsat\/#primaryimage","url":"https:\/\/www.lyntia.com\/wp-content\/uploads\/2019\/06\/vsat.png","contentUrl":"https:\/\/www.lyntia.com\/wp-content\/uploads\/2019\/06\/vsat.png"},{"@type":"BreadcrumbList","@id":"https:\/\/www.lyntia.com\/servicios\/vsat\/#breadcrumb","itemListElement":[{"@type":"ListItem","position":1,"name":"Home","item":"https:\/\/www.lyntia.com\/pt-pt\/"},{"@type":"ListItem","position":2,"name":"Servi\u00e7os","item":"https:\/\/www.lyntia.com\/pt-pt\/servicos\/"},{"@type":"ListItem","position":3,"name":"VSAT"}]},{"@type":"WebSite","@id":"https:\/\/www.lyntia.com\/#website","url":"https:\/\/www.lyntia.com\/","name":"lyntia","description":"A Digital Company","potentialAction":[{"@type":"SearchAction","target":{"@type":"EntryPoint","urlTemplate":"https:\/\/www.lyntia.com\/?s={search_term_string}"},"query-input":{"@type":"PropertyValueSpecification","valueRequired":true,"valueName":"search_term_string"}}],"inLanguage":"pt-PT"}]}},"rttpg_featured_image_url":null,"rttpg_author":{"display_name":"spane","author_link":"https:\/\/www.lyntia.com\/pt-pt\/author\/spane\/"},"rttpg_comment":0,"rttpg_category":false,"rttpg_excerpt":"[vc_row css_animation=&#8221;&#8221; row_type=&#8221;row&#8221; use_row_as_full_screen_section=&#8221;no&#8221; type=&#8221;full_width&#8221; angled_section=&#8221;no&#8221; text_align=&#8221;left&#8221; background_image_as_pattern=&#8221;without_pattern&#8221; el_class=&#8221;service-item-row1&#8243; z_index=&#8221;&#8221; css=&#8221;.vc_custom_1557145674885{margin-top: 30px !important;padding-top: 50px !important;padding-bottom: 50px !important;}&#8221;][vc_column width=&#8221;2\/6&#8243;][vc_single_image image=&#8221;3481&#8243; img_size=&#8221;full&#8221; alignment=&#8221;center&#8221; qode_css_animation=&#8221;&#8221; css=&#8221;.vc_custom_1568633854861{margin-bottom: 20px !important;}&#8221;][\/vc_column][vc_column width=&#8221;4\/6&#8243;][vc_column_text] VSAT [\/vc_column_text][vc_column_text css=&#8221;.vc_custom_1709658799259{margin-top: 30px !important;}&#8221;]Quando precisar de chegar onde ningu\u00e9m chega, dispomos de uma ampla cobertura satelit\u00e1ria atrav\u00e9s dos principais sat\u00e9lites internacionais com os quais trabalhamos. Oferecemos solu\u00e7\u00f5es personalizadas...","_links":{"self":[{"href":"https:\/\/www.lyntia.com\/pt-pt\/wp-json\/wp\/v2\/pages\/17456","targetHints":{"allow":["GET"]}}],"collection":[{"href":"https:\/\/www.lyntia.com\/pt-pt\/wp-json\/wp\/v2\/pages"}],"about":[{"href":"https:\/\/www.lyntia.com\/pt-pt\/wp-json\/wp\/v2\/types\/page"}],"author":[{"embeddable":true,"href":"https:\/\/www.lyntia.com\/pt-pt\/wp-json\/wp\/v2\/users\/6"}],"replies":[{"embeddable":true,"href":"https:\/\/www.lyntia.com\/pt-pt\/wp-json\/wp\/v2\/comments?post=17456"}],"version-history":[{"count":0,"href":"https:\/\/www.lyntia.com\/pt-pt\/wp-json\/wp\/v2\/pages\/17456\/revisions"}],"up":[{"embeddable":true,"href":"https:\/\/www.lyntia.com\/pt-pt\/wp-json\/wp\/v2\/pages\/17411"}],"wp:attachment":[{"href":"https:\/\/www.lyntia.com\/pt-pt\/wp-json\/wp\/v2\/media?parent=17456"}],"curies":[{"name":"wp","href":"https:\/\/api.w.org\/{rel}","templated":true}]}}