{"id":17443,"date":"2024-04-08T14:21:33","date_gmt":"2024-04-08T13:21:33","guid":{"rendered":"https:\/\/www.lyntia.com\/?page_id=17443"},"modified":"2024-04-08T14:21:33","modified_gmt":"2024-04-08T13:21:33","slug":"ftth","status":"publish","type":"page","link":"https:\/\/www.lyntia.com\/pt-pt\/servicos\/ftth\/","title":{"rendered":"FTTH"},"content":{"rendered":"<div class=\"wpb-content-wrapper\"><p>[vc_row css_animation=&#8221;&#8221; row_type=&#8221;row&#8221; use_row_as_full_screen_section=&#8221;no&#8221; type=&#8221;full_width&#8221; angled_section=&#8221;no&#8221; text_align=&#8221;left&#8221; background_image_as_pattern=&#8221;without_pattern&#8221; el_class=&#8221;service-item-row1&#8243; z_index=&#8221;&#8221; css=&#8221;.vc_custom_1557145674885{margin-top: 30px !important;padding-top: 50px !important;padding-bottom: 50px !important;}&#8221;][vc_column width=&#8221;2\/6&#8243;][vc_single_image image=&#8221;3592&#8243; img_size=&#8221;full&#8221; alignment=&#8221;center&#8221; qode_css_animation=&#8221;&#8221; css=&#8221;.vc_custom_1568634177874{margin-bottom: 20px !important;}&#8221;][\/vc_column][vc_column width=&#8221;4\/6&#8243;][vc_column_text]<\/p>\n<div class=\"servive-item-title-box\">\n<p><img decoding=\"async\" class=\"alignnone size-full wp-image-2410\" src=\"https:\/\/www.lyntia.com\/wp-content\/uploads\/2019\/06\/ftth.png\" alt=\"\" width=\"72\" height=\"72\" \/><\/p>\n<h2 class=\"servive-item-title-box-title golden-brown font-50\">FTTH<\/h2>\n<\/div>\n<p>[\/vc_column_text][vc_column_text css=&#8221;.vc_custom_1709655906792{margin-top: 30px !important;}&#8221;]A lyntia oferece a mais recente tecnologia de telecomunica\u00e7\u00f5es Fibre To The Home (fibra at\u00e9 casa). Um servi\u00e7o de acesso grossista \u00e0 nossa rede FTTH com a possibilidade de incluir backhaul e com a op\u00e7\u00e3o de entrega em qualquer n\u00f3 neutro. Um servi\u00e7o residencial e empresarial de \u00faltima milha, ideal para aqueles operadores que querem dispor de fibra onde eles n\u00e3o chegam. \u00c9 tamb\u00e9m flex\u00edvel a pedido, uma vez que se adapta \u00e0s necessidades de cada cliente. A tecnologia FTTH da Lyntia \u00e9 gerida, operada e mantida pelo nosso NOC 24 horas por dia, sete dias por semana, com todas as garantias que isto envolve.[\/vc_column_text][\/vc_column][\/vc_row][vc_row css_animation=&#8221;&#8221; row_type=&#8221;row&#8221; use_row_as_full_screen_section=&#8221;no&#8221; type=&#8221;full_width&#8221; angled_section=&#8221;no&#8221; text_align=&#8221;left&#8221; background_image_as_pattern=&#8221;without_pattern&#8221; css=&#8221;.vc_custom_1562928762843{padding-top: 0px !important;padding-bottom: 50px !important;}&#8221; z_index=&#8221;&#8221;][vc_column offset=&#8221;vc_hidden-lg vc_hidden-md vc_hidden-sm vc_hidden-xs&#8221;][vc_accordion active_tab=&#8221;false&#8221; collapsible=&#8221;yes&#8221; style=&#8221;accordion&#8221;][vc_accordion_tab title=&#8221;Implementa\u00e7\u00f5es de FTTH da PEBA&#8221; title_tag=&#8221;h5&#8243; title_color=&#8221;#3b0249&#8243;][vc_column_text]Implementa\u00e7\u00f5es FTTH &#8211; A Lyntia implementou redes FTTH neutras atrav\u00e9s de projetos cofinanciados pelo Minist\u00e9rio da Ind\u00fastria, Com\u00e9rcio e Turismo espanhol no \u00e2mbito do Programa de Extens\u00e3o de Banda Larga de Nova Gera\u00e7\u00e3o (ADENGN) e pela Uni\u00e3o Europeia atrav\u00e9s do Fundo Europeu de Desenvolvimento Regional (FEDER).<br \/>\n(Recentemente, foi implementado na entidade de Gata de Gorgos (Comunidade Valenciana, n\u00famero TSI0610002018198). O objetivo do projeto de implementa\u00e7\u00e3o era proporcionar cobertura a 1852 agregados familiares, tendo sido obtido como resultado um n\u00famero superior (2646 agregados familiares abrangidos). No projeto foram realizadas as a\u00e7\u00f5es de <span class=\".footer_top\"><a href=\"https:\/\/www.lyntia.com\/wp-content\/uploads\/2019\/04\/Publicidad-carteles-PEBA-VAL-TSI-061000-2018-198.pdf\" target=\"_blank\" rel=\"noopener\">publicidade oportunas, com cartazes<\/a><\/span>.<br \/>\nAnteriormente, a Lyntia tinha efetuado implementa\u00e7\u00f5es nas entidades populacionais singulares de Toro e Bembibre (Castilla y Le\u00f3n, processo n\u00famero TSI0610002015111), abrangendo 7802 agregados familiares, e em Requena, La Nuc\u00eda e Calp (Comunidade Valenciana, processo n\u00famero TSI0610002015113), abrangendo 18 346 agregados familiares.<\/p>\n<p>&nbsp;<\/p>\n<p>As ofertas grossistas de FTTH est\u00e3o dispon\u00edveis em Requena, La Nuc\u00eda, Calpe, Toro, Bembibre e Gata de Gorgos.<\/p>\n<p>&nbsp;<\/p>\n<p><span style=\"color: #3b0249;\"><strong>Consultar ofertas grossistas:<\/strong><\/span><\/p>\n<p>&nbsp;<\/p>\n<p><a  itemprop=\"url\" href=\"https:\/\/www.lyntia.com\/wp-content\/uploads\/2020\/02\/Servicio-Mayorista-FTTH-LYNTIA-Requena.pdf\" target=\"_self\" data-hover-background-color=\"#eec344\" data-hover-color=\"#adf70f\" class=\"qbutton  small center white default\" style=\"color: #1034c7; font-style: normal; font-weight: 700; background-color:#3b0249;\">REQUENA<i class=\"qode_icon_font_awesome fa fa-file-pdf-o qode_button_icon_element\"><\/i><\/a> <a  itemprop=\"url\" href=\"https:\/\/www.lyntia.com\/wp-content\/uploads\/2020\/02\/Servicio-Mayorista-FTTH-LYNTIA-La-Nuci\u0301a.pdf\" target=\"_self\" data-hover-background-color=\"#eec344\" data-hover-color=\"#adf70f\" class=\"qbutton  small center white default\" style=\"color: #1034c7; font-style: normal; font-weight: 700; background-color:#3b0249;\">LA NUC\u00cdA<i class=\"qode_icon_font_awesome fa fa-file-pdf-o qode_button_icon_element\"><\/i><\/a> <a  itemprop=\"url\" href=\"https:\/\/www.lyntia.com\/wp-content\/uploads\/2020\/02\/Servicio-Mayorista-FTTH-LYNTIA-Calpe.pdf\" target=\"_self\" data-hover-background-color=\"#eec344\" data-hover-color=\"#adf70f\" class=\"qbutton  small center white default\" style=\"color: #1034c7; font-style: normal; font-weight: 700; background-color:#3b0249;\">CALPE<i class=\"qode_icon_font_awesome fa fa-file-pdf-o qode_button_icon_element\"><\/i><\/a> <a  itemprop=\"url\" href=\"https:\/\/www.lyntia.com\/wp-content\/uploads\/2020\/02\/Servicio-Mayorista-FTTH-LYNTIA-Toro.pdf\" target=\"_self\" data-hover-background-color=\"#eec344\" data-hover-color=\"#adf70f\" class=\"qbutton  small center white default\" style=\"color: #1034c7; font-style: normal; font-weight: 700; background-color:#3b0249;\">TORO<i class=\"qode_icon_font_awesome fa fa-file-pdf-o qode_button_icon_element\"><\/i><\/a> <a  itemprop=\"url\" href=\"https:\/\/www.lyntia.com\/wp-content\/uploads\/2020\/02\/Servicio-Mayorista-FTTH-LYNTIA-Bembibre.pdf\" target=\"_self\" data-hover-background-color=\"#eec344\" data-hover-color=\"#adf70f\" class=\"qbutton  small center white default\" style=\"color: #1034c7; font-style: normal; font-weight: 700; background-color:#3b0249;\">BEMBIBRE<i class=\"qode_icon_font_awesome fa fa-file-pdf-o qode_button_icon_element\"><\/i><\/a> <a  itemprop=\"url\" href=\"https:\/\/www.lyntia.com\/wp-content\/uploads\/2020\/04\/Servicio-Mayorista-FTTH-LYNTIA-Gata-de-Gorgos.pdf\" target=\"_self\" data-hover-background-color=\"#eec344\" data-hover-color=\"#adf70f\" class=\"qbutton  small center white default\" style=\"color: #1034c7; font-style: normal; font-weight: 700; background-color:#3b0249;\">GATA DE GORGOS<i class=\"qode_icon_font_awesome fa fa-file-pdf-o qode_button_icon_element\"><\/i><\/a><\/p>\n<p>&nbsp;<\/p>\n<p>&nbsp;<\/p>\n<p><img fetchpriority=\"high\" decoding=\"async\" width=\"830\" height=\"233\" class=\"alignnone size-medium wp-image-14640\" style=\"max-width: 400px;\" src=\"https:\/\/www.lyntia.com\/wp-content\/uploads\/2019\/04\/desplegable_ftth.png\" srcset=\"https:\/\/www.lyntia.com\/wp-content\/uploads\/2019\/04\/desplegable_ftth.png 830w, https:\/\/www.lyntia.com\/wp-content\/uploads\/2019\/04\/desplegable_ftth-300x84.png 300w, https:\/\/www.lyntia.com\/wp-content\/uploads\/2019\/04\/desplegable_ftth-768x216.png 768w, https:\/\/www.lyntia.com\/wp-content\/uploads\/2019\/04\/desplegable_ftth-700x197.png 700w\" sizes=\"(max-width: 830px) 100vw, 830px\" \/>[\/vc_column_text][\/vc_accordion_tab][\/vc_accordion][\/vc_column][\/vc_row][vc_row css_animation=&#8221;&#8221; row_type=&#8221;row&#8221; use_row_as_full_screen_section=&#8221;no&#8221; type=&#8221;full_width&#8221; angled_section=&#8221;no&#8221; text_align=&#8221;left&#8221; background_image_as_pattern=&#8221;without_pattern&#8221; el_class=&#8221;service-item-row2&#8243; z_index=&#8221;&#8221;][vc_column width=&#8221;1\/2&#8243;][vc_column_text css=&#8221;.vc_custom_1559763165267{margin-bottom: 30px !important;}&#8221;]<\/p>\n<h3 class=\"font-40 purple\">Caracter\u00edsticas<\/h3>\n<p>[\/vc_column_text][vc_column_text]\u2022 Servi\u00e7o de bitstream de n\u00edvel 2, seguro e transparente<\/p>\n<p>\u2022 Servi\u00e7o sim\u00e9trico ou assim\u00e9trico<\/p>\n<p>\u2022 Possibilidade de incluir o backhaul<\/p>\n<p>\u2022 Ampla gama de capacidades<\/p>\n<p>\u2022 Red GPON<\/p>\n<p>\u2022 Equipamento multioperador[\/vc_column_text][\/vc_column][vc_column width=&#8221;1\/2&#8243;][vc_column_text css=&#8221;.vc_custom_1709656209900{margin-bottom: 30px !important;}&#8221;]<\/p>\n<h3 class=\"font-40 purple\">Vantagens<\/h3>\n<p>[\/vc_column_text][vc_column_text]\u2022 Fiabilidade<\/p>\n<p>\u2022 Servi\u00e7os Web integrados<\/p>\n<p>\u2022 Gest\u00e3o e manuten\u00e7\u00e3o pelo nosso NOC 24\/7[\/vc_column_text][\/vc_column][\/vc_row][vc_row css_animation=&#8221;&#8221; row_type=&#8221;row&#8221; use_row_as_full_screen_section=&#8221;no&#8221; type=&#8221;full_width&#8221; angled_section=&#8221;no&#8221; text_align=&#8221;center&#8221; background_image_as_pattern=&#8221;without_pattern&#8221; el_class=&#8221;service-item-row3&#8243; z_index=&#8221;&#8221; css=&#8221;.vc_custom_1559752797357{padding-top: 50px !important;}&#8221;][vc_column el_class=&#8221;video-youtube&#8221;][vc_column_text el_class=&#8221;ytcontenedor&#8221;]<iframe src=\"https:\/\/www.youtube.com\/embed\/xdfJs81f4kQ\" frameborder=\"0\" allowfullscreen=\"allowfullscreen\"><\/iframe>[\/vc_column_text][vc_empty_space height=&#8221;30px&#8221;]<a  itemprop=\"url\" href=\"https:\/\/www.lyntia.com\/wp-content\/uploads\/2019\/04\/FTTH-lyntia_Copy-PT-REV.pdf\" target=\"_blank\"  class=\"qbutton  medium center default button1\" style=\"color: #ffffff; background-color:#3b0249;\">Descarregar FTTH PDF<i class=\"qode_icon_font_awesome fa fa-download qode_button_icon_element\"><\/i><\/a>[\/vc_column][\/vc_row][vc_row css_animation=&#8221;&#8221; row_type=&#8221;row&#8221; use_row_as_full_screen_section=&#8221;no&#8221; type=&#8221;full_width&#8221; angled_section=&#8221;no&#8221; text_align=&#8221;left&#8221; background_image_as_pattern=&#8221;without_pattern&#8221; el_class=&#8221;service-item-row4&#8243; z_index=&#8221;&#8221;][vc_column][vc_column_text]<\/p>\n<h3 class=\"golden-brown font-40\">Outros servi\u00e7os<\/h3>\n<p>[\/vc_column_text][vc_row_inner row_type=&#8221;row&#8221; type=&#8221;full_width&#8221; text_align=&#8221;left&#8221; css_animation=&#8221;&#8221; css=&#8221;.vc_custom_1557150236197{padding-top: 50px !important;}&#8221;][vc_column_inner width=&#8221;1\/4&#8243;][vc_column_text css=&#8221;.vc_custom_1709656310800{margin-bottom: 10px !important;}&#8221;]<\/p>\n<div class=\"servive-item-title-box-small\">\n<p><img decoding=\"async\" class=\"servive-item-title-box-small\" src=\"https:\/\/www.lyntia.com\/wp-content\/uploads\/2019\/06\/fiber-icon-1.png\" \/><\/p>\n<h3 class=\"font-30 purple\">Fibra escura<\/h3>\n<\/div>\n<p>[\/vc_column_text][vc_column_text css=&#8221;.vc_custom_1709656325632{margin-bottom: 10px !important;}&#8221;]Fibra escura para alugar ou concess\u00e3o do direito de utiliza\u00e7\u00e3o de longa dura\u00e7\u00e3o.[\/vc_column_text][vc_column_text]<\/p>\n<div class=\"button-box2\"><a class=\"purple\">Saber mais <\/a><\/div>\n<p>[\/vc_column_text][\/vc_column_inner][vc_column_inner width=&#8221;1\/4&#8243;][vc_column_text css=&#8221;.vc_custom_1709656356025{margin-bottom: 10px !important;}&#8221;]<\/p>\n<div class=\"servive-item-title-box-small\">\n<p><img decoding=\"async\" class=\"servive-item-title-box-small\" src=\"https:\/\/www.lyntia.com\/wp-content\/uploads\/2019\/05\/capacity-icon-indigo.png\" \/><\/p>\n<h3 class=\"font-30 purple\">Capacidade<\/h3>\n<\/div>\n<p>[\/vc_column_text][vc_column_text css=&#8221;.vc_custom_1709656344010{margin-bottom: 10px !important;}&#8221;]Oferecemos circuitos de elevada capacidade em largura de banda sobre fibra \u00f3tica, de uma forma r\u00e1pida e segura.[\/vc_column_text][vc_column_text]<\/p>\n<div class=\"button-box2\"><a class=\"purple\">Saber mais <\/a><\/div>\n<p>[\/vc_column_text][\/vc_column_inner][vc_column_inner width=&#8221;1\/4&#8243;][vc_column_text css=&#8221;.vc_custom_1557150811899{margin-bottom: 10px !important;}&#8221;]<\/p>\n<div class=\"servive-item-title-box-small\">\n<p><img decoding=\"async\" class=\"servive-item-title-box-small\" src=\"https:\/\/www.lyntia.com\/wp-content\/uploads\/2019\/05\/vsat-icon-indigo.png\" \/><\/p>\n<h3 class=\"font-30 purple\">VSAT<\/h3>\n<\/div>\n<p>[\/vc_column_text][vc_column_text css=&#8221;.vc_custom_1709656535411{margin-bottom: 10px !important;}&#8221;]Quando precisar de ir onde mais ningu\u00e9m consegue, n\u00f3s temos uma ampla cobertura de sat\u00e9lite.[\/vc_column_text][vc_column_text]<\/p>\n<div class=\"button-box2\"><a class=\"purple\">Saber mais <\/a><\/div>\n<p>[\/vc_column_text][\/vc_column_inner][vc_column_inner width=&#8221;1\/4&#8243;][vc_column_text css=&#8221;.vc_custom_1709656551520{margin-bottom: 10px !important;}&#8221;]<\/p>\n<div class=\"servive-item-title-box-small\">\n<p><img decoding=\"async\" class=\"servive-item-title-box-small\" src=\"https:\/\/www.lyntia.com\/wp-content\/uploads\/2019\/05\/co-location-icon-indigo.png\" \/><\/p>\n<h3 class=\"font-30 purple\">Colocation<\/h3>\n<\/div>\n<p>[\/vc_column_text][vc_column_text css=&#8221;.vc_custom_1709656569961{margin-bottom: 10px !important;}&#8221;]Colocalizamos o seu equipamento de comunica\u00e7\u00f5es nos nossos nodos em Espanha e nos nossos POP na Europa e na Am\u00e9rica.[\/vc_column_text][vc_column_text]<\/p>\n<div class=\"button-box2\"><a class=\"purple\">Saber mais <\/a><\/div>\n<p>[\/vc_column_text][\/vc_column_inner][\/vc_row_inner][\/vc_column][\/vc_row][vc_row css_animation=&#8221;&#8221; row_type=&#8221;row&#8221; use_row_as_full_screen_section=&#8221;no&#8221; type=&#8221;full_width&#8221; angled_section=&#8221;no&#8221; text_align=&#8221;left&#8221; background_image_as_pattern=&#8221;without_pattern&#8221; el_class=&#8221;common-contact-row&#8221; z_index=&#8221;&#8221;][vc_column][vc_column_text]<\/p>\n<h2 class=\"site-color\">Contacto<\/h2>\n<p>[\/vc_column_text][vc_separator type=&#8221;normal&#8221; color=&#8221;#3b0249&#8243; thickness=&#8221;2&#8243; el_class=&#8221;network-sep&#8221;][vc_row_inner row_type=&#8221;row&#8221; type=&#8221;full_width&#8221; text_align=&#8221;left&#8221; css_animation=&#8221;&#8221;][vc_column_inner el_class=&#8221;network-row3-r2-col1&#8243; width=&#8221;1\/2&#8243;][vc_column_text]<\/p>\n<h4 class=\"clr-orange\">A lyntia em Espanha<\/h4>\n<p class=\"site-color\">A lyntia tem mais de 200 profissionais em Espanha nas diferentes \u00e1reas de neg\u00f3cio. Fale connosco e responderemos de forma r\u00e1pida a todas as suas necessidades.<\/p>\n<p>[\/vc_column_text][\/vc_column_inner][vc_column_inner el_class=&#8221;network-row3-r2-col2&#8243; width=&#8221;1\/2&#8243;][vc_column_text]<\/p>\n<div class=\" contact-info-box site-color\">Telefone: <strong>+34 915 50 77 00<\/strong><\/div>\n<div class=\" contact-info-box site-color\">E-mail: <strong>marketing@lyntia.com<\/strong><\/div>\n<div class=\" contact-info-box site-color\">Endere\u00e7o: <strong>Avenida de Bruselas 24, Planta 1, 28108 Alcobendas<\/strong><\/div>\n<p>[\/vc_column_text][vc_empty_space height=&#8221;12px&#8221;]<a  itemprop=\"url\" href=\"\" target=\"_self\"  class=\"qbutton  small default button-blue-1 popup-form\" style=\"color: #ffffff; background-color:#3b0249;\">Contacto connosco<\/a>[\/vc_column_inner][\/vc_row_inner][\/vc_column][\/vc_row]<\/p>\n<\/div>","protected":false},"excerpt":{"rendered":"<p>[vc_row css_animation=&#8221;&#8221; row_type=&#8221;row&#8221; use_row_as_full_screen_section=&#8221;no&#8221; type=&#8221;full_width&#8221; angled_section=&#8221;no&#8221; text_align=&#8221;left&#8221; background_image_as_pattern=&#8221;without_pattern&#8221; el_class=&#8221;service-item-row1&#8243; z_index=&#8221;&#8221; css=&#8221;.vc_custom_1557145674885{margin-top: 30px !important;padding-top: 50px !important;padding-bottom: 50px !important;}&#8221;][vc_column width=&#8221;2\/6&#8243;][vc_single_image image=&#8221;3592&#8243; img_size=&#8221;full&#8221; alignment=&#8221;center&#8221; qode_css_animation=&#8221;&#8221; css=&#8221;.vc_custom_1568634177874{margin-bottom: 20px !important;}&#8221;][\/vc_column][vc_column width=&#8221;4\/6&#8243;][vc_column_text] FTTH [\/vc_column_text][vc_column_text css=&#8221;.vc_custom_1709655906792{margin-top: 30px !important;}&#8221;]A lyntia oferece a mais recente tecnologia de telecomunica\u00e7\u00f5es Fibre To The Home (fibra at\u00e9 casa). Um servi\u00e7o de acesso grossista \u00e0 nossa rede FTTH&#8230;<\/p>\n","protected":false},"author":6,"featured_media":0,"parent":17411,"menu_order":0,"comment_status":"closed","ping_status":"closed","template":"","meta":{"content-type":"","footnotes":""},"class_list":["post-17443","page","type-page","status-publish","hentry"],"yoast_head":"<!-- This site is optimized with the Yoast SEO plugin v27.4 - https:\/\/yoast.com\/product\/yoast-seo-wordpress\/ -->\n<title>FTTH - lyntia<\/title>\n<meta name=\"robots\" content=\"index, follow, max-snippet:-1, max-image-preview:large, max-video-preview:-1\" \/>\n<link rel=\"canonical\" href=\"https:\/\/www.lyntia.com\/servicios\/ftth\/\" \/>\n<meta property=\"og:locale\" content=\"pt_PT\" \/>\n<meta property=\"og:type\" content=\"article\" \/>\n<meta property=\"og:title\" content=\"FTTH - lyntia\" \/>\n<meta property=\"og:description\" content=\"[vc_row css_animation=&#8221;&#8221; row_type=&#8221;row&#8221; use_row_as_full_screen_section=&#8221;no&#8221; type=&#8221;full_width&#8221; angled_section=&#8221;no&#8221; text_align=&#8221;left&#8221; background_image_as_pattern=&#8221;without_pattern&#8221; el_class=&#8221;service-item-row1&#8243; z_index=&#8221;&#8221; css=&#8221;.vc_custom_1557145674885{margin-top: 30px !important;padding-top: 50px !important;padding-bottom: 50px !important;}&#8221;][vc_column width=&#8221;2\/6&#8243;][vc_single_image image=&#8221;3592&#8243; img_size=&#8221;full&#8221; alignment=&#8221;center&#8221; qode_css_animation=&#8221;&#8221; css=&#8221;.vc_custom_1568634177874{margin-bottom: 20px !important;}&#8221;][\/vc_column][vc_column width=&#8221;4\/6&#8243;][vc_column_text] FTTH [\/vc_column_text][vc_column_text css=&#8221;.vc_custom_1709655906792{margin-top: 30px !important;}&#8221;]A lyntia oferece a mais recente tecnologia de telecomunica\u00e7\u00f5es Fibre To The Home (fibra at\u00e9 casa). Um servi\u00e7o de acesso grossista \u00e0 nossa rede FTTH...\" \/>\n<meta property=\"og:url\" content=\"https:\/\/www.lyntia.com\/servicios\/ftth\/\" \/>\n<meta property=\"og:site_name\" content=\"lyntia\" \/>\n<meta property=\"og:image\" content=\"https:\/\/www.lyntia.com\/wp-content\/uploads\/2019\/06\/ftth.png\" \/>\n<meta name=\"twitter:card\" content=\"summary_large_image\" \/>\n<meta name=\"twitter:label1\" content=\"Tempo estimado de leitura\" \/>\n\t<meta name=\"twitter:data1\" content=\"5 minutos\" \/>\n<script type=\"application\/ld+json\" class=\"yoast-schema-graph\">{\"@context\":\"https:\\\/\\\/schema.org\",\"@graph\":[{\"@type\":\"WebPage\",\"@id\":\"https:\\\/\\\/www.lyntia.com\\\/servicios\\\/ftth\\\/\",\"url\":\"https:\\\/\\\/www.lyntia.com\\\/servicios\\\/ftth\\\/\",\"name\":\"FTTH - lyntia\",\"isPartOf\":{\"@id\":\"https:\\\/\\\/www.lyntia.com\\\/#website\"},\"primaryImageOfPage\":{\"@id\":\"https:\\\/\\\/www.lyntia.com\\\/servicios\\\/ftth\\\/#primaryimage\"},\"image\":{\"@id\":\"https:\\\/\\\/www.lyntia.com\\\/servicios\\\/ftth\\\/#primaryimage\"},\"thumbnailUrl\":\"https:\\\/\\\/www.lyntia.com\\\/wp-content\\\/uploads\\\/2019\\\/06\\\/ftth.png\",\"datePublished\":\"2024-04-08T13:21:33+00:00\",\"breadcrumb\":{\"@id\":\"https:\\\/\\\/www.lyntia.com\\\/servicios\\\/ftth\\\/#breadcrumb\"},\"inLanguage\":\"pt-PT\",\"potentialAction\":[{\"@type\":\"ReadAction\",\"target\":[\"https:\\\/\\\/www.lyntia.com\\\/servicios\\\/ftth\\\/\"]}]},{\"@type\":\"ImageObject\",\"inLanguage\":\"pt-PT\",\"@id\":\"https:\\\/\\\/www.lyntia.com\\\/servicios\\\/ftth\\\/#primaryimage\",\"url\":\"https:\\\/\\\/www.lyntia.com\\\/wp-content\\\/uploads\\\/2019\\\/06\\\/ftth.png\",\"contentUrl\":\"https:\\\/\\\/www.lyntia.com\\\/wp-content\\\/uploads\\\/2019\\\/06\\\/ftth.png\"},{\"@type\":\"BreadcrumbList\",\"@id\":\"https:\\\/\\\/www.lyntia.com\\\/servicios\\\/ftth\\\/#breadcrumb\",\"itemListElement\":[{\"@type\":\"ListItem\",\"position\":1,\"name\":\"Home\",\"item\":\"https:\\\/\\\/www.lyntia.com\\\/pt-pt\\\/\"},{\"@type\":\"ListItem\",\"position\":2,\"name\":\"Servi\u00e7os\",\"item\":\"https:\\\/\\\/www.lyntia.com\\\/pt-pt\\\/servicos\\\/\"},{\"@type\":\"ListItem\",\"position\":3,\"name\":\"FTTH\"}]},{\"@type\":\"WebSite\",\"@id\":\"https:\\\/\\\/www.lyntia.com\\\/#website\",\"url\":\"https:\\\/\\\/www.lyntia.com\\\/\",\"name\":\"lyntia\",\"description\":\"A Digital Company\",\"potentialAction\":[{\"@type\":\"SearchAction\",\"target\":{\"@type\":\"EntryPoint\",\"urlTemplate\":\"https:\\\/\\\/www.lyntia.com\\\/?s={search_term_string}\"},\"query-input\":{\"@type\":\"PropertyValueSpecification\",\"valueRequired\":true,\"valueName\":\"search_term_string\"}}],\"inLanguage\":\"pt-PT\"}]}<\/script>\n<!-- \/ Yoast SEO plugin. -->","yoast_head_json":{"title":"FTTH - lyntia","robots":{"index":"index","follow":"follow","max-snippet":"max-snippet:-1","max-image-preview":"max-image-preview:large","max-video-preview":"max-video-preview:-1"},"canonical":"https:\/\/www.lyntia.com\/servicios\/ftth\/","og_locale":"pt_PT","og_type":"article","og_title":"FTTH - lyntia","og_description":"[vc_row css_animation=&#8221;&#8221; row_type=&#8221;row&#8221; use_row_as_full_screen_section=&#8221;no&#8221; type=&#8221;full_width&#8221; angled_section=&#8221;no&#8221; text_align=&#8221;left&#8221; background_image_as_pattern=&#8221;without_pattern&#8221; el_class=&#8221;service-item-row1&#8243; z_index=&#8221;&#8221; css=&#8221;.vc_custom_1557145674885{margin-top: 30px !important;padding-top: 50px !important;padding-bottom: 50px !important;}&#8221;][vc_column width=&#8221;2\/6&#8243;][vc_single_image image=&#8221;3592&#8243; img_size=&#8221;full&#8221; alignment=&#8221;center&#8221; qode_css_animation=&#8221;&#8221; css=&#8221;.vc_custom_1568634177874{margin-bottom: 20px !important;}&#8221;][\/vc_column][vc_column width=&#8221;4\/6&#8243;][vc_column_text] FTTH [\/vc_column_text][vc_column_text css=&#8221;.vc_custom_1709655906792{margin-top: 30px !important;}&#8221;]A lyntia oferece a mais recente tecnologia de telecomunica\u00e7\u00f5es Fibre To The Home (fibra at\u00e9 casa). Um servi\u00e7o de acesso grossista \u00e0 nossa rede FTTH...","og_url":"https:\/\/www.lyntia.com\/servicios\/ftth\/","og_site_name":"lyntia","og_image":[{"url":"https:\/\/www.lyntia.com\/wp-content\/uploads\/2019\/06\/ftth.png","type":"","width":"","height":""}],"twitter_card":"summary_large_image","twitter_misc":{"Tempo estimado de leitura":"5 minutos"},"schema":{"@context":"https:\/\/schema.org","@graph":[{"@type":"WebPage","@id":"https:\/\/www.lyntia.com\/servicios\/ftth\/","url":"https:\/\/www.lyntia.com\/servicios\/ftth\/","name":"FTTH - lyntia","isPartOf":{"@id":"https:\/\/www.lyntia.com\/#website"},"primaryImageOfPage":{"@id":"https:\/\/www.lyntia.com\/servicios\/ftth\/#primaryimage"},"image":{"@id":"https:\/\/www.lyntia.com\/servicios\/ftth\/#primaryimage"},"thumbnailUrl":"https:\/\/www.lyntia.com\/wp-content\/uploads\/2019\/06\/ftth.png","datePublished":"2024-04-08T13:21:33+00:00","breadcrumb":{"@id":"https:\/\/www.lyntia.com\/servicios\/ftth\/#breadcrumb"},"inLanguage":"pt-PT","potentialAction":[{"@type":"ReadAction","target":["https:\/\/www.lyntia.com\/servicios\/ftth\/"]}]},{"@type":"ImageObject","inLanguage":"pt-PT","@id":"https:\/\/www.lyntia.com\/servicios\/ftth\/#primaryimage","url":"https:\/\/www.lyntia.com\/wp-content\/uploads\/2019\/06\/ftth.png","contentUrl":"https:\/\/www.lyntia.com\/wp-content\/uploads\/2019\/06\/ftth.png"},{"@type":"BreadcrumbList","@id":"https:\/\/www.lyntia.com\/servicios\/ftth\/#breadcrumb","itemListElement":[{"@type":"ListItem","position":1,"name":"Home","item":"https:\/\/www.lyntia.com\/pt-pt\/"},{"@type":"ListItem","position":2,"name":"Servi\u00e7os","item":"https:\/\/www.lyntia.com\/pt-pt\/servicos\/"},{"@type":"ListItem","position":3,"name":"FTTH"}]},{"@type":"WebSite","@id":"https:\/\/www.lyntia.com\/#website","url":"https:\/\/www.lyntia.com\/","name":"lyntia","description":"A Digital Company","potentialAction":[{"@type":"SearchAction","target":{"@type":"EntryPoint","urlTemplate":"https:\/\/www.lyntia.com\/?s={search_term_string}"},"query-input":{"@type":"PropertyValueSpecification","valueRequired":true,"valueName":"search_term_string"}}],"inLanguage":"pt-PT"}]}},"rttpg_featured_image_url":null,"rttpg_author":{"display_name":"spane","author_link":"https:\/\/www.lyntia.com\/pt-pt\/author\/spane\/"},"rttpg_comment":0,"rttpg_category":false,"rttpg_excerpt":"[vc_row css_animation=&#8221;&#8221; row_type=&#8221;row&#8221; use_row_as_full_screen_section=&#8221;no&#8221; type=&#8221;full_width&#8221; angled_section=&#8221;no&#8221; text_align=&#8221;left&#8221; background_image_as_pattern=&#8221;without_pattern&#8221; el_class=&#8221;service-item-row1&#8243; z_index=&#8221;&#8221; css=&#8221;.vc_custom_1557145674885{margin-top: 30px !important;padding-top: 50px !important;padding-bottom: 50px !important;}&#8221;][vc_column width=&#8221;2\/6&#8243;][vc_single_image image=&#8221;3592&#8243; img_size=&#8221;full&#8221; alignment=&#8221;center&#8221; qode_css_animation=&#8221;&#8221; css=&#8221;.vc_custom_1568634177874{margin-bottom: 20px !important;}&#8221;][\/vc_column][vc_column width=&#8221;4\/6&#8243;][vc_column_text] FTTH [\/vc_column_text][vc_column_text css=&#8221;.vc_custom_1709655906792{margin-top: 30px !important;}&#8221;]A lyntia oferece a mais recente tecnologia de telecomunica\u00e7\u00f5es Fibre To The Home (fibra at\u00e9 casa). Um servi\u00e7o de acesso grossista \u00e0 nossa rede FTTH...","_links":{"self":[{"href":"https:\/\/www.lyntia.com\/pt-pt\/wp-json\/wp\/v2\/pages\/17443","targetHints":{"allow":["GET"]}}],"collection":[{"href":"https:\/\/www.lyntia.com\/pt-pt\/wp-json\/wp\/v2\/pages"}],"about":[{"href":"https:\/\/www.lyntia.com\/pt-pt\/wp-json\/wp\/v2\/types\/page"}],"author":[{"embeddable":true,"href":"https:\/\/www.lyntia.com\/pt-pt\/wp-json\/wp\/v2\/users\/6"}],"replies":[{"embeddable":true,"href":"https:\/\/www.lyntia.com\/pt-pt\/wp-json\/wp\/v2\/comments?post=17443"}],"version-history":[{"count":0,"href":"https:\/\/www.lyntia.com\/pt-pt\/wp-json\/wp\/v2\/pages\/17443\/revisions"}],"up":[{"embeddable":true,"href":"https:\/\/www.lyntia.com\/pt-pt\/wp-json\/wp\/v2\/pages\/17411"}],"wp:attachment":[{"href":"https:\/\/www.lyntia.com\/pt-pt\/wp-json\/wp\/v2\/media?parent=17443"}],"curies":[{"name":"wp","href":"https:\/\/api.w.org\/{rel}","templated":true}]}}