{"id":17431,"date":"2024-04-08T14:20:42","date_gmt":"2024-04-08T13:20:42","guid":{"rendered":"https:\/\/www.lyntia.com\/?page_id=17431"},"modified":"2024-04-08T14:20:42","modified_gmt":"2024-04-08T13:20:42","slug":"capacidade","status":"publish","type":"page","link":"https:\/\/www.lyntia.com\/pt-pt\/servicos\/capacidade\/","title":{"rendered":"Capacidade"},"content":{"rendered":"<div class=\"wpb-content-wrapper\"><p>[vc_row css_animation=&#8221;&#8221; row_type=&#8221;row&#8221; use_row_as_full_screen_section=&#8221;no&#8221; type=&#8221;full_width&#8221; angled_section=&#8221;no&#8221; text_align=&#8221;left&#8221; background_image_as_pattern=&#8221;without_pattern&#8221; el_class=&#8221;service-item-row1&#8243; z_index=&#8221;&#8221; css=&#8221;.vc_custom_1580229521566{padding-top: 50px !important;padding-bottom: 50px !important;}&#8221;][vc_column width=&#8221;2\/6&#8243; css=&#8221;.vc_custom_1568630147834{background-position: center !important;background-repeat: no-repeat !important;background-size: cover !important;}&#8221;][vc_single_image image=&#8221;3483&#8243; img_size=&#8221;full&#8221; alignment=&#8221;center&#8221; qode_css_animation=&#8221;&#8221; css=&#8221;.vc_custom_1568633832390{margin-bottom: 20px !important;padding-top: 15px !important;}&#8221;][\/vc_column][vc_column width=&#8221;4\/6&#8243;][vc_column_text]<\/p>\n<div class=\"servive-item-title-box\">\n<p><img decoding=\"async\" class=\"alignnone size-full wp-image-4492\" src=\"https:\/\/www.lyntia.com\/wp-content\/uploads\/2019\/06\/capacity-icon.png\" alt=\"\" width=\"71\" height=\"71\" \/><\/p>\n<h2 class=\"servive-item-title-box-title golden-brown font-50\">Capacidade<\/h2>\n<\/div>\n<p>[\/vc_column_text][vc_column_text css=&#8221;.vc_custom_1709655127684{margin-top: 30px !important;}&#8221;]A lyntia oferece circuitos de elevada capacidade de largura de banda sobre fibra \u00f3tica, de uma forma \u00e1gil e segura, e gerida de ponta a ponta proativamente 24 horas por dia, sete dias por semana.<br \/>\nEstes circuitos, distribu\u00eddos por todas as cidades e pa\u00edses onde a Lyntia est\u00e1 presente, proporcionam servi\u00e7os de capacidade e conectividade troncal e de rede de acesso com velocidades de 2 Mbps a 100 Gbps, tanto a n\u00edvel nacional, como internacional.<br \/>\nPara al\u00e9m disso, estes circuitos t\u00eam uma grande capilaridade:<br \/>\n\u2022 47.314 km de fibra implantados<br \/>\n\u2022 60.000 edificios on net<br \/>\n\u2022 181.000 edif\u00edcios near net<br \/>\n\u2022 3.279 cidades e aldeias conectadas[\/vc_column_text][\/vc_column][\/vc_row][vc_row css_animation=&#8221;&#8221; row_type=&#8221;row&#8221; use_row_as_full_screen_section=&#8221;no&#8221; type=&#8221;full_width&#8221; angled_section=&#8221;no&#8221; text_align=&#8221;left&#8221; background_image_as_pattern=&#8221;without_pattern&#8221; el_class=&#8221;service-item-row2&#8243; z_index=&#8221;&#8221;][vc_column width=&#8221;1\/2&#8243;][vc_column_text css=&#8221;.vc_custom_1709655146382{margin-bottom: 30px !important;}&#8221;]<\/p>\n<h3 class=\"font-40 purple\">Solu\u00e7\u00f5es<\/h3>\n<p>[\/vc_column_text][vc_column_text]\u2022 Circuitos capazes de proporcionar tr\u00e2nsito IP para acesso \u00e0 Internet por fibra \u00f3tica<\/p>\n<p>\u2022 Gest\u00e3o e manuten\u00e7\u00e3o realizadas pela Lyntia, com todas as garantias<\/p>\n<p>\u2022 Servi\u00e7os Ethernet (E Line, E Access, ELAN, E Tree) com certificados MEF CE 2.0<\/p>\n<p>\u2022 Servi\u00e7os PHD\/SDH\/SONET (E1\/T1, E3\/DS3, STM 1, STM 4, STM 16, STM 64)<\/p>\n<p>\u2022 Comprimentos de onda (2,5 Gbps, 10 Gbps, 40 Gbps, 100 Gbps)<\/p>\n<p>\u2022 POP Virtual: op\u00e7\u00e3o de agrega\u00e7\u00e3o de v\u00e1rios circuitos individuais na camada 2 (SDH ou Ethernet) para fornecimento conjunto num ponto de interliga\u00e7\u00e3o \u00fanico[\/vc_column_text][\/vc_column][vc_column width=&#8221;1\/2&#8243;][vc_column_text css=&#8221;.vc_custom_1709655236549{margin-bottom: 30px !important;}&#8221;]<\/p>\n<h3 class=\"font-40 purple\">Vantagens<\/h3>\n<p>[\/vc_column_text][vc_column_text]\u2022 Operador neutro grossista<\/p>\n<p>\u2022 Qualidade de servi\u00e7o e seguran\u00e7a de uma linha dedicada<\/p>\n<p>\u2022 Redund\u00e2ncia oferecida com op\u00e7\u00f5es diferentes, segundo as necessidades do cliente<\/p>\n<p>\u2022 Servi\u00e7o gerido<\/p>\n<p>\u2022 Apenas se paga a largura de banda utilizada, o que permite adicionar largura de banda e sedes adicionais com facilidade, escalabilidade e flexibilidade<\/p>\n<p>\u2022 Gest\u00e3o e manuten\u00e7\u00e3o pelo nosso NOC 24\/7<\/p>\n<ul>\n<li><\/li>\n<\/ul>\n<p>[\/vc_column_text][\/vc_column][\/vc_row][vc_row css_animation=&#8221;&#8221; row_type=&#8221;row&#8221; use_row_as_full_screen_section=&#8221;no&#8221; type=&#8221;full_width&#8221; angled_section=&#8221;no&#8221; text_align=&#8221;center&#8221; background_image_as_pattern=&#8221;without_pattern&#8221; el_class=&#8221;service-item-row3&#8243; z_index=&#8221;&#8221; css=&#8221;.vc_custom_1559752797357{padding-top: 50px !important;}&#8221;][vc_column el_class=&#8221;video-youtube&#8221;][vc_column_text el_class=&#8221;ytcontenedor&#8221;]<iframe src=\"https:\/\/www.youtube.com\/embed\/pGAehCeNKrQ\" frameborder=\"0\" allowfullscreen=\"allowfullscreen\" data-mce-fragment=\"1\"><\/iframe>[\/vc_column_text][vc_empty_space height=&#8221;30px&#8221;]<a  itemprop=\"url\" href=\"https:\/\/www.lyntia.com\/wp-content\/uploads\/2019\/04\/Capacidad-lyntia_Copy-PT-REV.pdf\" target=\"_blank\"  class=\"qbutton  medium center default button1\" style=\"color: #ffffff; background-color:#3b0249;\">Descarregar o PDF Capacidade<i class=\"qode_icon_font_awesome fa fa-download qode_button_icon_element\"><\/i><\/a>[\/vc_column][\/vc_row][vc_row css_animation=&#8221;&#8221; row_type=&#8221;row&#8221; use_row_as_full_screen_section=&#8221;no&#8221; type=&#8221;full_width&#8221; angled_section=&#8221;no&#8221; text_align=&#8221;left&#8221; background_image_as_pattern=&#8221;without_pattern&#8221; el_class=&#8221;service-item-row4&#8243; z_index=&#8221;&#8221;][vc_column][vc_column_text]<\/p>\n<h3 class=\"golden-brown font-40\">Outros servi\u00e7os<\/h3>\n<p>[\/vc_column_text][vc_row_inner row_type=&#8221;row&#8221; type=&#8221;full_width&#8221; text_align=&#8221;left&#8221; css_animation=&#8221;&#8221; css=&#8221;.vc_custom_1557150236197{padding-top: 50px !important;}&#8221;][vc_column_inner width=&#8221;1\/4&#8243;][vc_column_text css=&#8221;.vc_custom_1709654712246{margin-bottom: 10px !important;}&#8221;]<\/p>\n<div class=\"servive-item-title-box-small\">\n<p><img decoding=\"async\" class=\"servive-item-title-box-small\" src=\"https:\/\/www.lyntia.com\/wp-content\/uploads\/2019\/06\/fiber-icon-1.png\" width=\"42\" height=\"42\" \/><\/p>\n<h3 class=\"font-30 purple\">Fibra escura<\/h3>\n<\/div>\n<p>[\/vc_column_text][vc_column_text css=&#8221;.vc_custom_1709654699037{margin-bottom: 10px !important;}&#8221;]Fibra escura para alugar ou concess\u00e3o do direito de utiliza\u00e7\u00e3o de longa dura\u00e7\u00e3o.[\/vc_column_text][vc_column_text]<\/p>\n<div class=\"button-box2\"><a class=\"purple\" href=\"https:\/\/www.lyntia.com\/servicios\/fibra-oscura\/\">Saber m\u00e1s <i class=\"fa fa-angle-double-right\" aria-hidden=\"true\"><\/i><\/a><\/div>\n<p>[\/vc_column_text][\/vc_column_inner][vc_column_inner width=&#8221;1\/4&#8243;][vc_column_text css=&#8221;.vc_custom_1557818477025{margin-bottom: 10px !important;}&#8221;]<\/p>\n<div class=\"servive-item-title-box-small\">\n<p><img decoding=\"async\" class=\"servive-item-title-box-small\" src=\"https:\/\/www.lyntia.com\/wp-content\/uploads\/2019\/05\/internet-icon-indigo.png\" \/><\/p>\n<h3 class=\"font-30 purple\">FTTH<\/h3>\n<\/div>\n<p>[\/vc_column_text][vc_column_text css=&#8221;.vc_custom_1709653748798{margin-bottom: 10px !important;}&#8221;]A lyntia oferece a mais recente tecnologia de telecomunica\u00e7\u00f5es Fibre To The Home (fibra at\u00e9 casa).[\/vc_column_text][vc_column_text]<\/p>\n<div class=\"button-box2\">\n<p><a class=\"purple\">Saber mais <i class=\"fa fa-angle-double-right\" aria-hidden=\"true\"><\/i><\/a><\/p>\n<\/div>\n<p>[\/vc_column_text][\/vc_column_inner][vc_column_inner width=&#8221;1\/4&#8243;][vc_column_text css=&#8221;.vc_custom_1557150811899{margin-bottom: 10px !important;}&#8221;]<\/p>\n<div class=\"servive-item-title-box-small\">\n<p><img decoding=\"async\" class=\"servive-item-title-box-small\" src=\"https:\/\/www.lyntia.com\/wp-content\/uploads\/2019\/05\/vsat-icon-indigo.png\" \/><\/p>\n<h3 class=\"font-30 purple\">VSAT<\/h3>\n<\/div>\n<p>[\/vc_column_text][vc_column_text css=&#8221;.vc_custom_1709653789972{margin-bottom: 10px !important;}&#8221;]Quando precisar de ir onde mais ningu\u00e9m consegue, n\u00f3s temos uma ampla cobertura de sat\u00e9lite.[\/vc_column_text][vc_column_text]<\/p>\n<div class=\"button-box2\">\n<p><a class=\"purple\">Saber mais <i class=\"fa fa-angle-double-right\" aria-hidden=\"true\"><\/i><\/a><\/p>\n<\/div>\n<p>[\/vc_column_text][\/vc_column_inner][vc_column_inner width=&#8221;1\/4&#8243;][vc_column_text css=&#8221;.vc_custom_1709653823139{margin-bottom: 10px !important;}&#8221;]<\/p>\n<div class=\"servive-item-title-box-small\">\n<p><img decoding=\"async\" class=\"servive-item-title-box-small\" src=\"https:\/\/www.lyntia.com\/wp-content\/uploads\/2019\/05\/co-location-icon-indigo.png\" \/><\/p>\n<h3 class=\"font-30 purple\">Colocation<\/h3>\n<\/div>\n<p>[\/vc_column_text][vc_column_text css=&#8221;.vc_custom_1709653841411{margin-bottom: 10px !important;}&#8221;]Colocalizamos o seu equipamento de comunica\u00e7\u00f5es nos nossos nodos em Espanha e nos nossos POP na Europa e na Am\u00e9rica.[\/vc_column_text][vc_column_text]<\/p>\n<div class=\"button-box2\">\n<p><a class=\"purple\">Saber mais <i class=\"fa fa-angle-double-right\" aria-hidden=\"true\"><\/i><\/a><\/p>\n<\/div>\n<p>[\/vc_column_text][\/vc_column_inner][\/vc_row_inner][\/vc_column][\/vc_row][vc_row css_animation=&#8221;&#8221; row_type=&#8221;row&#8221; use_row_as_full_screen_section=&#8221;no&#8221; type=&#8221;full_width&#8221; angled_section=&#8221;no&#8221; text_align=&#8221;left&#8221; background_image_as_pattern=&#8221;without_pattern&#8221; el_class=&#8221;common-contact-row&#8221; z_index=&#8221;&#8221;][vc_column][vc_column_text]<\/p>\n<h2 class=\"site-color\">Contacto<\/h2>\n<p>[\/vc_column_text][vc_separator type=&#8221;normal&#8221; color=&#8221;#3b0249&#8243; thickness=&#8221;2&#8243; el_class=&#8221;network-sep&#8221;][vc_row_inner row_type=&#8221;row&#8221; type=&#8221;full_width&#8221; text_align=&#8221;left&#8221; css_animation=&#8221;&#8221;][vc_column_inner el_class=&#8221;network-row3-r2-col1&#8243; width=&#8221;1\/2&#8243;][vc_column_text]<\/p>\n<h4 class=\"clr-orange\">A lyntia em Espanha<\/h4>\n<p class=\"site-color\">A lyntia tem mais de 100 profissionais em Espanha nas diferentes \u00e1reas de neg\u00f3cio. Fale connosco e responderemos de forma r\u00e1pida a todas as suas necessidades.<\/p>\n<p>[\/vc_column_text][\/vc_column_inner][vc_column_inner el_class=&#8221;network-row3-r2-col2&#8243; width=&#8221;1\/2&#8243;][vc_column_text]<\/p>\n<div class=\" contact-info-box site-color\">\u00a0Telefone: <strong>+34 915 50 77 00<\/strong><\/div>\n<div class=\" contact-info-box site-color\"><i class=\"fa fa-envelope-o\" aria-hidden=\"true\"><\/i> E-mail: <strong>marketing@lyntia.com<\/strong><\/div>\n<div class=\" contact-info-box site-color\">Endere\u00e7o: <strong>Avenida de Bruselas 24, Planta 1, 28108 Alcobendas<\/strong><\/div>\n<p>[\/vc_column_text][vc_empty_space height=&#8221;12px&#8221;]<a  itemprop=\"url\" href=\"\" target=\"_self\"  class=\"qbutton  small default button-blue-1 popup-form\" style=\"color: #ffffff; background-color:#3b0249;\">Contacto connosco<\/a>[\/vc_column_inner][\/vc_row_inner][\/vc_column][\/vc_row]<\/p>\n<\/div>","protected":false},"excerpt":{"rendered":"<p>[vc_row css_animation=&#8221;&#8221; row_type=&#8221;row&#8221; use_row_as_full_screen_section=&#8221;no&#8221; type=&#8221;full_width&#8221; angled_section=&#8221;no&#8221; text_align=&#8221;left&#8221; background_image_as_pattern=&#8221;without_pattern&#8221; el_class=&#8221;service-item-row1&#8243; z_index=&#8221;&#8221; css=&#8221;.vc_custom_1580229521566{padding-top: 50px !important;padding-bottom: 50px !important;}&#8221;][vc_column width=&#8221;2\/6&#8243; css=&#8221;.vc_custom_1568630147834{background-position: center !important;background-repeat: no-repeat !important;background-size: cover !important;}&#8221;][vc_single_image image=&#8221;3483&#8243; img_size=&#8221;full&#8221; alignment=&#8221;center&#8221; qode_css_animation=&#8221;&#8221; css=&#8221;.vc_custom_1568633832390{margin-bottom: 20px !important;padding-top: 15px !important;}&#8221;][\/vc_column][vc_column width=&#8221;4\/6&#8243;][vc_column_text] Capacidade [\/vc_column_text][vc_column_text css=&#8221;.vc_custom_1709655127684{margin-top: 30px !important;}&#8221;]A lyntia oferece circuitos de elevada capacidade de largura de banda sobre fibra \u00f3tica, de uma forma \u00e1gil&#8230;<\/p>\n","protected":false},"author":6,"featured_media":0,"parent":17411,"menu_order":0,"comment_status":"closed","ping_status":"closed","template":"","meta":{"content-type":"","footnotes":""},"class_list":["post-17431","page","type-page","status-publish","hentry"],"yoast_head":"<!-- This site is optimized with the Yoast SEO plugin v27.4 - https:\/\/yoast.com\/product\/yoast-seo-wordpress\/ -->\n<title>Capacidade - lyntia<\/title>\n<meta name=\"robots\" content=\"index, follow, max-snippet:-1, max-image-preview:large, max-video-preview:-1\" \/>\n<link rel=\"canonical\" href=\"https:\/\/www.lyntia.com\/servicios\/circuitos-de-capacidad\/\" \/>\n<meta property=\"og:locale\" content=\"pt_PT\" \/>\n<meta property=\"og:type\" content=\"article\" \/>\n<meta property=\"og:title\" content=\"Capacidade - lyntia\" \/>\n<meta property=\"og:description\" content=\"[vc_row css_animation=&#8221;&#8221; row_type=&#8221;row&#8221; use_row_as_full_screen_section=&#8221;no&#8221; type=&#8221;full_width&#8221; angled_section=&#8221;no&#8221; text_align=&#8221;left&#8221; background_image_as_pattern=&#8221;without_pattern&#8221; el_class=&#8221;service-item-row1&#8243; z_index=&#8221;&#8221; css=&#8221;.vc_custom_1580229521566{padding-top: 50px !important;padding-bottom: 50px !important;}&#8221;][vc_column width=&#8221;2\/6&#8243; css=&#8221;.vc_custom_1568630147834{background-position: center !important;background-repeat: no-repeat !important;background-size: cover !important;}&#8221;][vc_single_image image=&#8221;3483&#8243; img_size=&#8221;full&#8221; alignment=&#8221;center&#8221; qode_css_animation=&#8221;&#8221; css=&#8221;.vc_custom_1568633832390{margin-bottom: 20px !important;padding-top: 15px !important;}&#8221;][\/vc_column][vc_column width=&#8221;4\/6&#8243;][vc_column_text] Capacidade [\/vc_column_text][vc_column_text css=&#8221;.vc_custom_1709655127684{margin-top: 30px !important;}&#8221;]A lyntia oferece circuitos de elevada capacidade de largura de banda sobre fibra \u00f3tica, de uma forma \u00e1gil...\" \/>\n<meta property=\"og:url\" content=\"https:\/\/www.lyntia.com\/servicios\/circuitos-de-capacidad\/\" \/>\n<meta property=\"og:site_name\" content=\"lyntia\" \/>\n<meta property=\"og:image\" content=\"https:\/\/www.lyntia.com\/wp-content\/uploads\/2019\/06\/capacity-icon.png\" \/>\n<meta name=\"twitter:card\" content=\"summary_large_image\" \/>\n<meta name=\"twitter:label1\" content=\"Tempo estimado de leitura\" \/>\n\t<meta name=\"twitter:data1\" content=\"4 minutos\" \/>\n<script type=\"application\/ld+json\" class=\"yoast-schema-graph\">{\"@context\":\"https:\\\/\\\/schema.org\",\"@graph\":[{\"@type\":\"WebPage\",\"@id\":\"https:\\\/\\\/www.lyntia.com\\\/servicios\\\/circuitos-de-capacidad\\\/\",\"url\":\"https:\\\/\\\/www.lyntia.com\\\/servicios\\\/circuitos-de-capacidad\\\/\",\"name\":\"Capacidade - lyntia\",\"isPartOf\":{\"@id\":\"https:\\\/\\\/www.lyntia.com\\\/#website\"},\"primaryImageOfPage\":{\"@id\":\"https:\\\/\\\/www.lyntia.com\\\/servicios\\\/circuitos-de-capacidad\\\/#primaryimage\"},\"image\":{\"@id\":\"https:\\\/\\\/www.lyntia.com\\\/servicios\\\/circuitos-de-capacidad\\\/#primaryimage\"},\"thumbnailUrl\":\"https:\\\/\\\/www.lyntia.com\\\/wp-content\\\/uploads\\\/2019\\\/06\\\/capacity-icon.png\",\"datePublished\":\"2024-04-08T13:20:42+00:00\",\"breadcrumb\":{\"@id\":\"https:\\\/\\\/www.lyntia.com\\\/servicios\\\/circuitos-de-capacidad\\\/#breadcrumb\"},\"inLanguage\":\"pt-PT\",\"potentialAction\":[{\"@type\":\"ReadAction\",\"target\":[\"https:\\\/\\\/www.lyntia.com\\\/servicios\\\/circuitos-de-capacidad\\\/\"]}]},{\"@type\":\"ImageObject\",\"inLanguage\":\"pt-PT\",\"@id\":\"https:\\\/\\\/www.lyntia.com\\\/servicios\\\/circuitos-de-capacidad\\\/#primaryimage\",\"url\":\"https:\\\/\\\/www.lyntia.com\\\/wp-content\\\/uploads\\\/2019\\\/06\\\/capacity-icon.png\",\"contentUrl\":\"https:\\\/\\\/www.lyntia.com\\\/wp-content\\\/uploads\\\/2019\\\/06\\\/capacity-icon.png\"},{\"@type\":\"BreadcrumbList\",\"@id\":\"https:\\\/\\\/www.lyntia.com\\\/servicios\\\/circuitos-de-capacidad\\\/#breadcrumb\",\"itemListElement\":[{\"@type\":\"ListItem\",\"position\":1,\"name\":\"Home\",\"item\":\"https:\\\/\\\/www.lyntia.com\\\/pt-pt\\\/\"},{\"@type\":\"ListItem\",\"position\":2,\"name\":\"Servi\u00e7os\",\"item\":\"https:\\\/\\\/www.lyntia.com\\\/pt-pt\\\/servicos\\\/\"},{\"@type\":\"ListItem\",\"position\":3,\"name\":\"Capacidade\"}]},{\"@type\":\"WebSite\",\"@id\":\"https:\\\/\\\/www.lyntia.com\\\/#website\",\"url\":\"https:\\\/\\\/www.lyntia.com\\\/\",\"name\":\"lyntia\",\"description\":\"A Digital Company\",\"potentialAction\":[{\"@type\":\"SearchAction\",\"target\":{\"@type\":\"EntryPoint\",\"urlTemplate\":\"https:\\\/\\\/www.lyntia.com\\\/?s={search_term_string}\"},\"query-input\":{\"@type\":\"PropertyValueSpecification\",\"valueRequired\":true,\"valueName\":\"search_term_string\"}}],\"inLanguage\":\"pt-PT\"}]}<\/script>\n<!-- \/ Yoast SEO plugin. -->","yoast_head_json":{"title":"Capacidade - lyntia","robots":{"index":"index","follow":"follow","max-snippet":"max-snippet:-1","max-image-preview":"max-image-preview:large","max-video-preview":"max-video-preview:-1"},"canonical":"https:\/\/www.lyntia.com\/servicios\/circuitos-de-capacidad\/","og_locale":"pt_PT","og_type":"article","og_title":"Capacidade - lyntia","og_description":"[vc_row css_animation=&#8221;&#8221; row_type=&#8221;row&#8221; use_row_as_full_screen_section=&#8221;no&#8221; type=&#8221;full_width&#8221; angled_section=&#8221;no&#8221; text_align=&#8221;left&#8221; background_image_as_pattern=&#8221;without_pattern&#8221; el_class=&#8221;service-item-row1&#8243; z_index=&#8221;&#8221; css=&#8221;.vc_custom_1580229521566{padding-top: 50px !important;padding-bottom: 50px !important;}&#8221;][vc_column width=&#8221;2\/6&#8243; css=&#8221;.vc_custom_1568630147834{background-position: center !important;background-repeat: no-repeat !important;background-size: cover !important;}&#8221;][vc_single_image image=&#8221;3483&#8243; img_size=&#8221;full&#8221; alignment=&#8221;center&#8221; qode_css_animation=&#8221;&#8221; css=&#8221;.vc_custom_1568633832390{margin-bottom: 20px !important;padding-top: 15px !important;}&#8221;][\/vc_column][vc_column width=&#8221;4\/6&#8243;][vc_column_text] Capacidade [\/vc_column_text][vc_column_text css=&#8221;.vc_custom_1709655127684{margin-top: 30px !important;}&#8221;]A lyntia oferece circuitos de elevada capacidade de largura de banda sobre fibra \u00f3tica, de uma forma \u00e1gil...","og_url":"https:\/\/www.lyntia.com\/servicios\/circuitos-de-capacidad\/","og_site_name":"lyntia","og_image":[{"url":"https:\/\/www.lyntia.com\/wp-content\/uploads\/2019\/06\/capacity-icon.png","type":"","width":"","height":""}],"twitter_card":"summary_large_image","twitter_misc":{"Tempo estimado de leitura":"4 minutos"},"schema":{"@context":"https:\/\/schema.org","@graph":[{"@type":"WebPage","@id":"https:\/\/www.lyntia.com\/servicios\/circuitos-de-capacidad\/","url":"https:\/\/www.lyntia.com\/servicios\/circuitos-de-capacidad\/","name":"Capacidade - lyntia","isPartOf":{"@id":"https:\/\/www.lyntia.com\/#website"},"primaryImageOfPage":{"@id":"https:\/\/www.lyntia.com\/servicios\/circuitos-de-capacidad\/#primaryimage"},"image":{"@id":"https:\/\/www.lyntia.com\/servicios\/circuitos-de-capacidad\/#primaryimage"},"thumbnailUrl":"https:\/\/www.lyntia.com\/wp-content\/uploads\/2019\/06\/capacity-icon.png","datePublished":"2024-04-08T13:20:42+00:00","breadcrumb":{"@id":"https:\/\/www.lyntia.com\/servicios\/circuitos-de-capacidad\/#breadcrumb"},"inLanguage":"pt-PT","potentialAction":[{"@type":"ReadAction","target":["https:\/\/www.lyntia.com\/servicios\/circuitos-de-capacidad\/"]}]},{"@type":"ImageObject","inLanguage":"pt-PT","@id":"https:\/\/www.lyntia.com\/servicios\/circuitos-de-capacidad\/#primaryimage","url":"https:\/\/www.lyntia.com\/wp-content\/uploads\/2019\/06\/capacity-icon.png","contentUrl":"https:\/\/www.lyntia.com\/wp-content\/uploads\/2019\/06\/capacity-icon.png"},{"@type":"BreadcrumbList","@id":"https:\/\/www.lyntia.com\/servicios\/circuitos-de-capacidad\/#breadcrumb","itemListElement":[{"@type":"ListItem","position":1,"name":"Home","item":"https:\/\/www.lyntia.com\/pt-pt\/"},{"@type":"ListItem","position":2,"name":"Servi\u00e7os","item":"https:\/\/www.lyntia.com\/pt-pt\/servicos\/"},{"@type":"ListItem","position":3,"name":"Capacidade"}]},{"@type":"WebSite","@id":"https:\/\/www.lyntia.com\/#website","url":"https:\/\/www.lyntia.com\/","name":"lyntia","description":"A Digital Company","potentialAction":[{"@type":"SearchAction","target":{"@type":"EntryPoint","urlTemplate":"https:\/\/www.lyntia.com\/?s={search_term_string}"},"query-input":{"@type":"PropertyValueSpecification","valueRequired":true,"valueName":"search_term_string"}}],"inLanguage":"pt-PT"}]}},"rttpg_featured_image_url":null,"rttpg_author":{"display_name":"spane","author_link":"https:\/\/www.lyntia.com\/pt-pt\/author\/spane\/"},"rttpg_comment":0,"rttpg_category":false,"rttpg_excerpt":"[vc_row css_animation=&#8221;&#8221; row_type=&#8221;row&#8221; use_row_as_full_screen_section=&#8221;no&#8221; type=&#8221;full_width&#8221; angled_section=&#8221;no&#8221; text_align=&#8221;left&#8221; background_image_as_pattern=&#8221;without_pattern&#8221; el_class=&#8221;service-item-row1&#8243; z_index=&#8221;&#8221; css=&#8221;.vc_custom_1580229521566{padding-top: 50px !important;padding-bottom: 50px !important;}&#8221;][vc_column width=&#8221;2\/6&#8243; css=&#8221;.vc_custom_1568630147834{background-position: center !important;background-repeat: no-repeat !important;background-size: cover !important;}&#8221;][vc_single_image image=&#8221;3483&#8243; img_size=&#8221;full&#8221; alignment=&#8221;center&#8221; qode_css_animation=&#8221;&#8221; css=&#8221;.vc_custom_1568633832390{margin-bottom: 20px !important;padding-top: 15px !important;}&#8221;][\/vc_column][vc_column width=&#8221;4\/6&#8243;][vc_column_text] Capacidade [\/vc_column_text][vc_column_text css=&#8221;.vc_custom_1709655127684{margin-top: 30px !important;}&#8221;]A lyntia oferece circuitos de elevada capacidade de largura de banda sobre fibra \u00f3tica, de uma forma \u00e1gil...","_links":{"self":[{"href":"https:\/\/www.lyntia.com\/pt-pt\/wp-json\/wp\/v2\/pages\/17431","targetHints":{"allow":["GET"]}}],"collection":[{"href":"https:\/\/www.lyntia.com\/pt-pt\/wp-json\/wp\/v2\/pages"}],"about":[{"href":"https:\/\/www.lyntia.com\/pt-pt\/wp-json\/wp\/v2\/types\/page"}],"author":[{"embeddable":true,"href":"https:\/\/www.lyntia.com\/pt-pt\/wp-json\/wp\/v2\/users\/6"}],"replies":[{"embeddable":true,"href":"https:\/\/www.lyntia.com\/pt-pt\/wp-json\/wp\/v2\/comments?post=17431"}],"version-history":[{"count":0,"href":"https:\/\/www.lyntia.com\/pt-pt\/wp-json\/wp\/v2\/pages\/17431\/revisions"}],"up":[{"embeddable":true,"href":"https:\/\/www.lyntia.com\/pt-pt\/wp-json\/wp\/v2\/pages\/17411"}],"wp:attachment":[{"href":"https:\/\/www.lyntia.com\/pt-pt\/wp-json\/wp\/v2\/media?parent=17431"}],"curies":[{"name":"wp","href":"https:\/\/api.w.org\/{rel}","templated":true}]}}