{"id":17411,"date":"2024-04-08T14:20:42","date_gmt":"2024-04-08T13:20:42","guid":{"rendered":"https:\/\/www.lyntia.com\/?page_id=17411"},"modified":"2024-04-08T14:36:25","modified_gmt":"2024-04-08T13:36:25","slug":"servicos","status":"publish","type":"page","link":"https:\/\/www.lyntia.com\/pt-pt\/servicos\/","title":{"rendered":"Servi\u00e7os"},"content":{"rendered":"<div class=\"wpb-content-wrapper\"><p>[vc_row css_animation=&#8221;&#8221; row_type=&#8221;row&#8221; use_row_as_full_screen_section=&#8221;no&#8221; type=&#8221;full_width&#8221; angled_section=&#8221;no&#8221; text_align=&#8221;left&#8221; background_image_as_pattern=&#8221;without_pattern&#8221; z_index=&#8221;&#8221; css=&#8221;.vc_custom_1584011205399{margin-top: 20px !important;}&#8221;][vc_column width=&#8221;1\/3&#8243; css=&#8221;.vc_custom_1581529277195{margin-top: 10px !important;margin-bottom: 10px !important;}&#8221;][vc_column_text]<\/p>\n<h2 class=\"site-color mb-cus-10\">Os nossos<br \/>\nservi\u00e7os<\/h2>\n<p>[\/vc_column_text][vc_column_text css=&#8221;.vc_custom_1709652012107{padding-top: 20px !important;}&#8221;]<\/p>\n<p class=\"site-color\">A lyntia oferece servi\u00e7os de conectividade por fibra \u00f3tica para tornar as comunica\u00e7\u00f5es da sua empresa poss\u00edveis, simples e seguras.<\/p>\n<p>[\/vc_column_text][\/vc_column][vc_column width=&#8221;1\/3&#8243; css=&#8221;.vc_custom_1581529406389{margin-top: 10px !important;margin-bottom: 10px !important;}&#8221;][vc_column_text]<\/p>\n<div class=\"hover-effect-box hover-effect-box1\">\n<div class=\"main-title-box\"><img decoding=\"async\" class=\"title-box-icon\" src=\"https:\/\/www.lyntia.com\/wp-content\/uploads\/2019\/04\/fiber-icon.png\" \/><br \/>\n<span class=\"title\">FIBRA ESCURA<\/span><\/div>\n<div class=\"discription-box\">\n<p><span class=\"title\">Fibra escura<\/span><\/p>\n<p class=\"discription\">Fibra escura para alugar ou concess\u00e3o do direito de utiliza\u00e7\u00e3o de longa dura\u00e7\u00e3o.<\/p>\n<div class=\"button-box\"><a href=\"https:\/\/www.lyntia.com\/pt-pt\/servicos\/fibra-escura\/\">Saber mais<\/a><\/div>\n<\/div>\n<\/div>\n<p>[\/vc_column_text][\/vc_column][vc_column width=&#8221;1\/3&#8243; css=&#8221;.vc_custom_1583254288125{margin-top: 10px !important;margin-bottom: 10px !important;}&#8221;][vc_column_text]<\/p>\n<div class=\"hover-effect-box hover-effect-box2\">\n<div class=\"main-title-box\"><img decoding=\"async\" class=\"title-box-icon\" src=\"https:\/\/www.lyntia.com\/wp-content\/uploads\/2019\/04\/capacity-icon.png\" \/><br \/>\n<span class=\"title\">CAPACIDADE<\/span><\/div>\n<div class=\"discription-box\">\n<p><span class=\"title\">Capacidade<\/span><\/p>\n<p class=\"discription\">Oferecemos circuitos de elevada capacidade em largura de banda sobre fibra \u00f3tica, de uma forma r\u00e1pida e segura.<\/p>\n<div class=\"button-box\"><a href=\"https:\/\/www.lyntia.com\/pt-pt\/servicos\/capacidade\/\">Saber mais<\/a><\/div>\n<\/div>\n<\/div>\n<p>[\/vc_column_text][\/vc_column][\/vc_row][vc_row css_animation=&#8221;&#8221; row_type=&#8221;row&#8221; use_row_as_full_screen_section=&#8221;no&#8221; type=&#8221;full_width&#8221; angled_section=&#8221;no&#8221; text_align=&#8221;left&#8221; background_image_as_pattern=&#8221;without_pattern&#8221; z_index=&#8221;&#8221;][vc_column width=&#8221;1\/3&#8243; css=&#8221;.vc_custom_1581529460467{margin-top: 10px !important;margin-bottom: 10px !important;}&#8221;][vc_column_text]<\/p>\n<div class=\"hover-effect-box hover-effect-box3\">\n<div class=\"main-title-box\"><img decoding=\"async\" class=\"title-box-icon\" src=\"https:\/\/www.lyntia.com\/wp-content\/uploads\/2019\/04\/co-location-icon-1.png\" \/><br \/>\n<span class=\"title\">FTTH<\/span><\/div>\n<div class=\"discription-box\">\n<p><span class=\"title\">FTTH<\/span><\/p>\n<p class=\"discription\">A lyntia oferece a mais recente tecnologia de telecomunica\u00e7\u00f5es Fiber To The Home (fibra at\u00e9 casa).<\/p>\n<div class=\"button-box\"><a href=\"https:\/\/www.lyntia.com\/pt-pt\/servicos\/ftth\/\">Saber mais<\/a><\/div>\n<\/div>\n<\/div>\n<p>[\/vc_column_text][\/vc_column][vc_column width=&#8221;1\/3&#8243; css=&#8221;.vc_custom_1581529466511{margin-top: 10px !important;margin-bottom: 10px !important;}&#8221;][vc_column_text]<\/p>\n<div class=\"hover-effect-box hover-effect-box4\">\n<div class=\"main-title-box\"><img decoding=\"async\" class=\"title-box-icon\" src=\"https:\/\/www.lyntia.com\/wp-content\/uploads\/2019\/04\/vsat-icon.png\" \/><br \/>\n<span class=\"title\">VSAT<\/span><\/div>\n<div class=\"discription-box\">\n<p><span class=\"title\">VSAT<\/span><\/p>\n<p class=\"discription\">Quando precisar de ir onde mais ningu\u00e9m consegue, dispomos de uma ampla cobertura de sat\u00e9lite.<\/p>\n<div class=\"button-box\"><a href=\"https:\/\/www.lyntia.com\/pt-pt\/servicos\/vsat\/\">Saber mais<\/a><\/div>\n<\/div>\n<\/div>\n<p>[\/vc_column_text][\/vc_column][vc_column width=&#8221;1\/3&#8243; css=&#8221;.vc_custom_1581529515726{margin-top: 10px !important;margin-bottom: 10px !important;}&#8221;][vc_column_text]<\/p>\n<div class=\"hover-effect-box hover-effect-box5\">\n<div class=\"main-title-box\"><img decoding=\"async\" class=\"title-box-icon\" src=\"https:\/\/www.lyntia.com\/wp-content\/uploads\/2019\/04\/co-location-icon.png\" \/><br \/>\n<span class=\"title\">COLOCATION<\/span><\/div>\n<div class=\"discription-box\">\n<p><span class=\"title\">Colocation<\/span><\/p>\n<p class=\"discription\">Colocalizamos o seu equipamento de comunica\u00e7\u00f5es nos nossos nodos em Espanha e POP na Europa e na Am\u00e9rica.<\/p>\n<div class=\"button-box\"><a href=\"https:\/\/www.lyntia.com\/pt-pt\/servicos\/colocation\/\">Saber mais<\/a><\/div>\n<\/div>\n<\/div>\n<p>[\/vc_column_text][\/vc_column][\/vc_row][vc_row css_animation=&#8221;&#8221; row_type=&#8221;row&#8221; use_row_as_full_screen_section=&#8221;no&#8221; type=&#8221;full_width&#8221; angled_section=&#8221;no&#8221; text_align=&#8221;left&#8221; background_image_as_pattern=&#8221;without_pattern&#8221; css=&#8221;.vc_custom_1559035853091{padding-top: 30px !important;}&#8221; z_index=&#8221;&#8221;][vc_column][vc_column_text]<\/p>\n<h4 class=\"site-color mb-cus-10\">Outros servi\u00e7os<\/h4>\n<p><strong><a style=\"text-decoration: underline; color: #3b0249;\" href=\"https:\/\/www.lyntia.com\/wp-content\/uploads\/2019\/04\/Acceso-Internet_Copy-PT-REV.pdf\" target=\"_blank\" rel=\"noopener noreferrer\">Acesso \u00e0 Internet<\/a>:<\/strong> um servi\u00e7o concebido para disponibilizar acesso de grande capacidade, com um elevado desempenho e um excelente servi\u00e7o do cliente.<\/p>\n<p class=\"site-color\"><strong>M\u00e3os Remotas:<\/strong> a lyntia torna-se as suas m\u00e3os, olhos e ouvidos para realizar a configura\u00e7\u00e3o de equipamentos, sem esquecer a manuten\u00e7\u00e3o e a resolu\u00e7\u00e3o de problemas.<\/p>\n<p><strong>Aluguer de CPE:<\/strong> (<em>Customer Premises Equipment)<\/em>, bem como a gest\u00e3o do invent\u00e1rio do equipamento e das pe\u00e7as sobresselentes necess\u00e1rias.<\/p>\n<p><strong><a style=\"text-decoration: underline; color: #3b0249;\" href=\"https:\/\/www.lyntia.com\/wp-content\/uploads\/2021\/02\/UbiRed-Business.pdf\" target=\"_blank\" rel=\"noopener noreferrer\">UbiRed Business:<\/a><\/strong> Solu\u00e7\u00e3o de conectividade off-net baseada no servi\u00e7o regulado da NEBA.[\/vc_column_text][\/vc_column][\/vc_row][vc_row css_animation=&#8221;&#8221; row_type=&#8221;row&#8221; use_row_as_full_screen_section=&#8221;no&#8221; type=&#8221;full_width&#8221; angled_section=&#8221;no&#8221; text_align=&#8221;left&#8221; background_image_as_pattern=&#8221;without_pattern&#8221; css=&#8221;.vc_custom_1623167321722{padding-top: 25px !important;padding-bottom: 25px !important;}&#8221; z_index=&#8221;&#8221; el_id=&#8221;sectores&#8221;][vc_column][vc_column_text]<\/p>\n<h4 class=\"site-color mb-cus-10\">Setores<\/h4>\n<p class=\"site-color\">A lyntia presta servi\u00e7os de conectividade a clientes grossistas de diferentes setores, que requerem uma cobertura de rede ampla e de uma grande capilaridade.<\/p>\n<p>[\/vc_column_text][\/vc_column][\/vc_row][vc_row css_animation=&#8221;&#8221; row_type=&#8221;row&#8221; use_row_as_full_screen_section=&#8221;no&#8221; type=&#8221;full_width&#8221; angled_section=&#8221;no&#8221; text_align=&#8221;left&#8221; background_image_as_pattern=&#8221;without_pattern&#8221; z_index=&#8221;&#8221; el_class=&#8221;services-sectors&#8221;][vc_column width=&#8221;1\/3&#8243;][vc_column_text]<\/p>\n<div class=\"hover-effect-box-medium hover-effect-box hover-effect-sector1\">\n<div class=\"main-title-box main-title-boxb\"><span class=\"title\">Operadores locais<\/span><\/div>\n<div class=\"discription-box\">\n<p><span class=\"title\">Operadores locais<\/span><\/p>\n<p class=\"discription\">Pequenos operadores localizados em cidades com cerca de 20 000 habitantes. A Lyntia ajuda estas pequenas e m\u00e9dias empresas, oferecendo a solu\u00e7\u00e3o de fibra \u00f3tica de que necessitam para desenvolver o seu pr\u00f3prio neg\u00f3cio.<\/p>\n<\/div>\n<\/div>\n<p>[\/vc_column_text][\/vc_column][vc_column width=&#8221;1\/3&#8243;][vc_column_text]<\/p>\n<div class=\"hover-effect-box-medium hover-effect-box hover-effect-sector2\">\n<div class=\"main-title-box main-title-boxb\"><span class=\"title\">Operadores nacionais<\/span><\/div>\n<div class=\"discription-box\">\n<p><span class=\"title\">Operadores nacionais<\/span><\/p>\n<p class=\"discription\">A lyntia oferece a estes operadores as suas solu\u00e7\u00f5es para satisfazer as suas necessidades em todo o pa\u00eds.<\/p>\n<\/div>\n<\/div>\n<p>[\/vc_column_text][\/vc_column][vc_column width=&#8221;1\/3&#8243;][vc_column_text]<\/p>\n<div class=\"hover-effect-box-medium hover-effect-box hover-effect-sector3\">\n<div class=\"main-title-box main-title-boxb\"><span class=\"title\">Operadores globais<\/span><\/div>\n<div class=\"discription-box\">\n<p><span class=\"title\">Operadores globais<\/span><\/p>\n<p class=\"discription\">A lyntia colabora com estes operadores presentes em diferentes pa\u00edses para lhes oferecer diferentes solu\u00e7\u00f5es como servi\u00e7o de comunica\u00e7\u00e3o integral, transmiss\u00e3o de dados e capacidade.<\/p>\n<\/div>\n<\/div>\n<p>[\/vc_column_text][\/vc_column][\/vc_row][vc_row css_animation=&#8221;&#8221; row_type=&#8221;row&#8221; use_row_as_full_screen_section=&#8221;no&#8221; type=&#8221;full_width&#8221; angled_section=&#8221;no&#8221; text_align=&#8221;left&#8221; background_image_as_pattern=&#8221;without_pattern&#8221; z_index=&#8221;&#8221; el_class=&#8221;services-sectors-1&#8243;][vc_column width=&#8221;1\/3&#8243;][vc_column_text]<\/p>\n<div class=\"hover-effect-box-medium hover-effect-box hover-effect-sector4\">\n<div class=\"main-title-box main-title-boxb\"><span class=\"title\">Utilities<\/span><\/div>\n<div class=\"discription-box\">\n<p><span class=\"title\">Utilities<\/span><\/p>\n<p class=\"discription\">Grandes empresas como as companhias de eletricidade, por exemplo, que contratam os servi\u00e7os da Lyntia para conectar os seus diferentes centros de trabalho.<\/p>\n<\/div>\n<\/div>\n<p>[\/vc_column_text][\/vc_column][vc_column width=&#8221;1\/3&#8243;][vc_column_text]<\/p>\n<div class=\"hover-effect-box-medium hover-effect-box hover-effect-sector5\">\n<div class=\"main-title-box main-title-boxb\"><span class=\"title\">Integradores<\/span><\/div>\n<div class=\"discription-box\">\n<p><span class=\"title\">Integradores<\/span><\/p>\n<p class=\"discription\">Empresas com servi\u00e7os de integradores, que contam com os servi\u00e7os da Lyntia para completar a oferta global que acordam com os seus clientes<\/p>\n<div class=\"button-box\"><a>Saber mais<\/a><\/div>\n<\/div>\n<\/div>\n<p>[\/vc_column_text][\/vc_column][vc_column width=&#8221;1\/3&#8243;][vc_column_text]<\/p>\n<div class=\"hover-effect-box-medium hover-effect-box hover-effect-sector6\">\n<div class=\"main-title-box main-title-boxb\"><span class=\"title\">Centros de dados, ISP, OTT<\/span><\/div>\n<div class=\"discription-box\">\n<p><span class=\"title\">Centros de dados, ISP, OTT<\/span><\/p>\n<p class=\"discription\">Grandes motores de busca e prestadores de servi\u00e7os de Internet, empresas de conte\u00fados ou grandes empresas de venda de Internet que contratam os servi\u00e7os da Lyntia para satisfazer todas as suas necessidades.<\/p>\n<\/div>\n<\/div>\n<p>[\/vc_column_text][\/vc_column][\/vc_row][vc_row css_animation=&#8221;&#8221; row_type=&#8221;row&#8221; use_row_as_full_screen_section=&#8221;no&#8221; type=&#8221;full_width&#8221; angled_section=&#8221;no&#8221; text_align=&#8221;left&#8221; background_image_as_pattern=&#8221;without_pattern&#8221; el_class=&#8221;common-contact-row&#8221; z_index=&#8221;&#8221;][vc_column][vc_column_text]<\/p>\n<h2 class=\"site-color\">Contacto<\/h2>\n<p>[\/vc_column_text][vc_separator type=&#8221;normal&#8221; color=&#8221;#3b0249&#8243; thickness=&#8221;2&#8243; el_class=&#8221;network-sep&#8221;][vc_row_inner row_type=&#8221;row&#8221; type=&#8221;full_width&#8221; text_align=&#8221;left&#8221; css_animation=&#8221;&#8221;][vc_column_inner el_class=&#8221;network-row3-r2-col1&#8243; width=&#8221;1\/2&#8243;][vc_column_text]<\/p>\n<h4 class=\"clr-orange\">A lyntia em Espanha<\/h4>\n<p class=\"site-color\">A lyntia tem mais de 200 profissionais em Espanha nas diferentes \u00e1reas de neg\u00f3cio. Fale connosco e responderemos de forma r\u00e1pida a todas as suas necessidades.<\/p>\n<p>[\/vc_column_text][\/vc_column_inner][vc_column_inner el_class=&#8221;network-row3-r2-col2&#8243; width=&#8221;1\/2&#8243;][vc_column_text]<\/p>\n<div class=\" contact-info-box site-color\"><i class=\"fa fa-phone\" aria-hidden=\"true\"><\/i>\u00a0Telefone: <strong>+34 915 50 77 00<\/strong><\/div>\n<div class=\" contact-info-box site-color\"><i class=\"fa fa-envelope-o\" aria-hidden=\"true\"><\/i> E-mail: <strong>marketing@lyntia.com<\/strong><\/div>\n<div class=\" contact-info-box site-color\"><i class=\"fa fa-map-marker\" aria-hidden=\"true\"><\/i> Endere\u00e7o: <strong>Avenida de Bruselas 24, Planta 1, 28108 Alcobendas<\/strong><\/div>\n<p>[\/vc_column_text][vc_empty_space height=&#8221;12px&#8221;]<a  itemprop=\"url\" href=\"\" target=\"_self\"  class=\"qbutton  small default button-blue-1 popup-form\" style=\"color: #ffffff; background-color:#3b0249;\">Contacto connosco<\/a>[\/vc_column_inner][\/vc_row_inner][\/vc_column][\/vc_row][vc_row css_animation=&#8221;&#8221; row_type=&#8221;row&#8221; use_row_as_full_screen_section=&#8221;no&#8221; type=&#8221;full_width&#8221; angled_section=&#8221;no&#8221; text_align=&#8221;left&#8221; background_image_as_pattern=&#8221;without_pattern&#8221;][vc_column][vc_column_text]<\/p>\n<p>&nbsp;<\/p>\n<p>[\/vc_column_text][\/vc_column][\/vc_row]<\/p>\n<\/div>","protected":false},"excerpt":{"rendered":"<p>[vc_row css_animation=&#8221;&#8221; row_type=&#8221;row&#8221; use_row_as_full_screen_section=&#8221;no&#8221; type=&#8221;full_width&#8221; angled_section=&#8221;no&#8221; text_align=&#8221;left&#8221; background_image_as_pattern=&#8221;without_pattern&#8221; z_index=&#8221;&#8221; css=&#8221;.vc_custom_1584011205399{margin-top: 20px !important;}&#8221;][vc_column width=&#8221;1\/3&#8243; css=&#8221;.vc_custom_1581529277195{margin-top: 10px !important;margin-bottom: 10px !important;}&#8221;][vc_column_text] Os nossos servi\u00e7os [\/vc_column_text][vc_column_text css=&#8221;.vc_custom_1709652012107{padding-top: 20px !important;}&#8221;] A lyntia oferece servi\u00e7os de conectividade por fibra \u00f3tica para tornar as comunica\u00e7\u00f5es da sua empresa poss\u00edveis, simples e seguras. [\/vc_column_text][\/vc_column][vc_column width=&#8221;1\/3&#8243; css=&#8221;.vc_custom_1581529406389{margin-top: 10px !important;margin-bottom: 10px !important;}&#8221;][vc_column_text] FIBRA ESCURA Fibra&#8230;<\/p>\n","protected":false},"author":6,"featured_media":0,"parent":0,"menu_order":0,"comment_status":"closed","ping_status":"closed","template":"","meta":{"content-type":"","footnotes":""},"class_list":["post-17411","page","type-page","status-publish","hentry"],"yoast_head":"<!-- This site is optimized with the Yoast SEO plugin v27.4 - https:\/\/yoast.com\/product\/yoast-seo-wordpress\/ -->\n<title>Servi\u00e7os - lyntia<\/title>\n<meta name=\"robots\" content=\"index, follow, max-snippet:-1, max-image-preview:large, max-video-preview:-1\" \/>\n<link rel=\"canonical\" href=\"https:\/\/www.lyntia.com\/pt-pt\/servicos\/\" \/>\n<meta property=\"og:locale\" content=\"pt_PT\" \/>\n<meta property=\"og:type\" content=\"article\" \/>\n<meta property=\"og:title\" content=\"Servi\u00e7os - lyntia\" \/>\n<meta property=\"og:description\" content=\"[vc_row css_animation=&#8221;&#8221; row_type=&#8221;row&#8221; use_row_as_full_screen_section=&#8221;no&#8221; type=&#8221;full_width&#8221; angled_section=&#8221;no&#8221; text_align=&#8221;left&#8221; background_image_as_pattern=&#8221;without_pattern&#8221; z_index=&#8221;&#8221; css=&#8221;.vc_custom_1584011205399{margin-top: 20px !important;}&#8221;][vc_column width=&#8221;1\/3&#8243; css=&#8221;.vc_custom_1581529277195{margin-top: 10px !important;margin-bottom: 10px !important;}&#8221;][vc_column_text] Os nossos servi\u00e7os [\/vc_column_text][vc_column_text css=&#8221;.vc_custom_1709652012107{padding-top: 20px !important;}&#8221;] A lyntia oferece servi\u00e7os de conectividade por fibra \u00f3tica para tornar as comunica\u00e7\u00f5es da sua empresa poss\u00edveis, simples e seguras. [\/vc_column_text][\/vc_column][vc_column width=&#8221;1\/3&#8243; css=&#8221;.vc_custom_1581529406389{margin-top: 10px !important;margin-bottom: 10px !important;}&#8221;][vc_column_text] FIBRA ESCURA Fibra...\" \/>\n<meta property=\"og:url\" content=\"https:\/\/www.lyntia.com\/pt-pt\/servicos\/\" \/>\n<meta property=\"og:site_name\" content=\"lyntia\" \/>\n<meta property=\"article:modified_time\" content=\"2024-04-08T13:36:25+00:00\" \/>\n<meta property=\"og:image\" content=\"https:\/\/www.lyntia.com\/wp-content\/uploads\/2019\/04\/fiber-icon.png\" \/>\n<meta name=\"twitter:card\" content=\"summary_large_image\" \/>\n<meta name=\"twitter:label1\" content=\"Tempo estimado de leitura\" \/>\n\t<meta name=\"twitter:data1\" content=\"4 minutos\" \/>\n<script type=\"application\/ld+json\" class=\"yoast-schema-graph\">{\"@context\":\"https:\\\/\\\/schema.org\",\"@graph\":[{\"@type\":\"WebPage\",\"@id\":\"https:\\\/\\\/www.lyntia.com\\\/pt-pt\\\/servicos\\\/\",\"url\":\"https:\\\/\\\/www.lyntia.com\\\/pt-pt\\\/servicos\\\/\",\"name\":\"Servi\u00e7os - lyntia\",\"isPartOf\":{\"@id\":\"https:\\\/\\\/www.lyntia.com\\\/#website\"},\"primaryImageOfPage\":{\"@id\":\"https:\\\/\\\/www.lyntia.com\\\/pt-pt\\\/servicos\\\/#primaryimage\"},\"image\":{\"@id\":\"https:\\\/\\\/www.lyntia.com\\\/pt-pt\\\/servicos\\\/#primaryimage\"},\"thumbnailUrl\":\"https:\\\/\\\/www.lyntia.com\\\/wp-content\\\/uploads\\\/2019\\\/04\\\/fiber-icon.png\",\"datePublished\":\"2024-04-08T13:20:42+00:00\",\"dateModified\":\"2024-04-08T13:36:25+00:00\",\"breadcrumb\":{\"@id\":\"https:\\\/\\\/www.lyntia.com\\\/pt-pt\\\/servicos\\\/#breadcrumb\"},\"inLanguage\":\"pt-PT\",\"potentialAction\":[{\"@type\":\"ReadAction\",\"target\":[\"https:\\\/\\\/www.lyntia.com\\\/pt-pt\\\/servicos\\\/\"]}]},{\"@type\":\"ImageObject\",\"inLanguage\":\"pt-PT\",\"@id\":\"https:\\\/\\\/www.lyntia.com\\\/pt-pt\\\/servicos\\\/#primaryimage\",\"url\":\"https:\\\/\\\/www.lyntia.com\\\/wp-content\\\/uploads\\\/2019\\\/04\\\/fiber-icon.png\",\"contentUrl\":\"https:\\\/\\\/www.lyntia.com\\\/wp-content\\\/uploads\\\/2019\\\/04\\\/fiber-icon.png\"},{\"@type\":\"BreadcrumbList\",\"@id\":\"https:\\\/\\\/www.lyntia.com\\\/pt-pt\\\/servicos\\\/#breadcrumb\",\"itemListElement\":[{\"@type\":\"ListItem\",\"position\":1,\"name\":\"Home\",\"item\":\"https:\\\/\\\/www.lyntia.com\\\/pt-pt\\\/\"},{\"@type\":\"ListItem\",\"position\":2,\"name\":\"Servi\u00e7os\"}]},{\"@type\":\"WebSite\",\"@id\":\"https:\\\/\\\/www.lyntia.com\\\/#website\",\"url\":\"https:\\\/\\\/www.lyntia.com\\\/\",\"name\":\"lyntia\",\"description\":\"A Digital Company\",\"potentialAction\":[{\"@type\":\"SearchAction\",\"target\":{\"@type\":\"EntryPoint\",\"urlTemplate\":\"https:\\\/\\\/www.lyntia.com\\\/?s={search_term_string}\"},\"query-input\":{\"@type\":\"PropertyValueSpecification\",\"valueRequired\":true,\"valueName\":\"search_term_string\"}}],\"inLanguage\":\"pt-PT\"}]}<\/script>\n<!-- \/ Yoast SEO plugin. -->","yoast_head_json":{"title":"Servi\u00e7os - lyntia","robots":{"index":"index","follow":"follow","max-snippet":"max-snippet:-1","max-image-preview":"max-image-preview:large","max-video-preview":"max-video-preview:-1"},"canonical":"https:\/\/www.lyntia.com\/pt-pt\/servicos\/","og_locale":"pt_PT","og_type":"article","og_title":"Servi\u00e7os - lyntia","og_description":"[vc_row css_animation=&#8221;&#8221; row_type=&#8221;row&#8221; use_row_as_full_screen_section=&#8221;no&#8221; type=&#8221;full_width&#8221; angled_section=&#8221;no&#8221; text_align=&#8221;left&#8221; background_image_as_pattern=&#8221;without_pattern&#8221; z_index=&#8221;&#8221; css=&#8221;.vc_custom_1584011205399{margin-top: 20px !important;}&#8221;][vc_column width=&#8221;1\/3&#8243; css=&#8221;.vc_custom_1581529277195{margin-top: 10px !important;margin-bottom: 10px !important;}&#8221;][vc_column_text] Os nossos servi\u00e7os [\/vc_column_text][vc_column_text css=&#8221;.vc_custom_1709652012107{padding-top: 20px !important;}&#8221;] A lyntia oferece servi\u00e7os de conectividade por fibra \u00f3tica para tornar as comunica\u00e7\u00f5es da sua empresa poss\u00edveis, simples e seguras. [\/vc_column_text][\/vc_column][vc_column width=&#8221;1\/3&#8243; css=&#8221;.vc_custom_1581529406389{margin-top: 10px !important;margin-bottom: 10px !important;}&#8221;][vc_column_text] FIBRA ESCURA Fibra...","og_url":"https:\/\/www.lyntia.com\/pt-pt\/servicos\/","og_site_name":"lyntia","article_modified_time":"2024-04-08T13:36:25+00:00","og_image":[{"url":"https:\/\/www.lyntia.com\/wp-content\/uploads\/2019\/04\/fiber-icon.png","type":"","width":"","height":""}],"twitter_card":"summary_large_image","twitter_misc":{"Tempo estimado de leitura":"4 minutos"},"schema":{"@context":"https:\/\/schema.org","@graph":[{"@type":"WebPage","@id":"https:\/\/www.lyntia.com\/pt-pt\/servicos\/","url":"https:\/\/www.lyntia.com\/pt-pt\/servicos\/","name":"Servi\u00e7os - lyntia","isPartOf":{"@id":"https:\/\/www.lyntia.com\/#website"},"primaryImageOfPage":{"@id":"https:\/\/www.lyntia.com\/pt-pt\/servicos\/#primaryimage"},"image":{"@id":"https:\/\/www.lyntia.com\/pt-pt\/servicos\/#primaryimage"},"thumbnailUrl":"https:\/\/www.lyntia.com\/wp-content\/uploads\/2019\/04\/fiber-icon.png","datePublished":"2024-04-08T13:20:42+00:00","dateModified":"2024-04-08T13:36:25+00:00","breadcrumb":{"@id":"https:\/\/www.lyntia.com\/pt-pt\/servicos\/#breadcrumb"},"inLanguage":"pt-PT","potentialAction":[{"@type":"ReadAction","target":["https:\/\/www.lyntia.com\/pt-pt\/servicos\/"]}]},{"@type":"ImageObject","inLanguage":"pt-PT","@id":"https:\/\/www.lyntia.com\/pt-pt\/servicos\/#primaryimage","url":"https:\/\/www.lyntia.com\/wp-content\/uploads\/2019\/04\/fiber-icon.png","contentUrl":"https:\/\/www.lyntia.com\/wp-content\/uploads\/2019\/04\/fiber-icon.png"},{"@type":"BreadcrumbList","@id":"https:\/\/www.lyntia.com\/pt-pt\/servicos\/#breadcrumb","itemListElement":[{"@type":"ListItem","position":1,"name":"Home","item":"https:\/\/www.lyntia.com\/pt-pt\/"},{"@type":"ListItem","position":2,"name":"Servi\u00e7os"}]},{"@type":"WebSite","@id":"https:\/\/www.lyntia.com\/#website","url":"https:\/\/www.lyntia.com\/","name":"lyntia","description":"A Digital Company","potentialAction":[{"@type":"SearchAction","target":{"@type":"EntryPoint","urlTemplate":"https:\/\/www.lyntia.com\/?s={search_term_string}"},"query-input":{"@type":"PropertyValueSpecification","valueRequired":true,"valueName":"search_term_string"}}],"inLanguage":"pt-PT"}]}},"rttpg_featured_image_url":null,"rttpg_author":{"display_name":"spane","author_link":"https:\/\/www.lyntia.com\/pt-pt\/author\/spane\/"},"rttpg_comment":0,"rttpg_category":false,"rttpg_excerpt":"[vc_row css_animation=&#8221;&#8221; row_type=&#8221;row&#8221; use_row_as_full_screen_section=&#8221;no&#8221; type=&#8221;full_width&#8221; angled_section=&#8221;no&#8221; text_align=&#8221;left&#8221; background_image_as_pattern=&#8221;without_pattern&#8221; z_index=&#8221;&#8221; css=&#8221;.vc_custom_1584011205399{margin-top: 20px !important;}&#8221;][vc_column width=&#8221;1\/3&#8243; css=&#8221;.vc_custom_1581529277195{margin-top: 10px !important;margin-bottom: 10px !important;}&#8221;][vc_column_text] Os nossos servi\u00e7os [\/vc_column_text][vc_column_text css=&#8221;.vc_custom_1709652012107{padding-top: 20px !important;}&#8221;] A lyntia oferece servi\u00e7os de conectividade por fibra \u00f3tica para tornar as comunica\u00e7\u00f5es da sua empresa poss\u00edveis, simples e seguras. [\/vc_column_text][\/vc_column][vc_column width=&#8221;1\/3&#8243; css=&#8221;.vc_custom_1581529406389{margin-top: 10px !important;margin-bottom: 10px !important;}&#8221;][vc_column_text] FIBRA ESCURA Fibra...","_links":{"self":[{"href":"https:\/\/www.lyntia.com\/pt-pt\/wp-json\/wp\/v2\/pages\/17411","targetHints":{"allow":["GET"]}}],"collection":[{"href":"https:\/\/www.lyntia.com\/pt-pt\/wp-json\/wp\/v2\/pages"}],"about":[{"href":"https:\/\/www.lyntia.com\/pt-pt\/wp-json\/wp\/v2\/types\/page"}],"author":[{"embeddable":true,"href":"https:\/\/www.lyntia.com\/pt-pt\/wp-json\/wp\/v2\/users\/6"}],"replies":[{"embeddable":true,"href":"https:\/\/www.lyntia.com\/pt-pt\/wp-json\/wp\/v2\/comments?post=17411"}],"version-history":[{"count":0,"href":"https:\/\/www.lyntia.com\/pt-pt\/wp-json\/wp\/v2\/pages\/17411\/revisions"}],"wp:attachment":[{"href":"https:\/\/www.lyntia.com\/pt-pt\/wp-json\/wp\/v2\/media?parent=17411"}],"curies":[{"name":"wp","href":"https:\/\/api.w.org\/{rel}","templated":true}]}}