{"id":17375,"date":"2024-04-08T14:21:34","date_gmt":"2024-04-08T13:21:34","guid":{"rendered":"https:\/\/www.lyntia.com\/?page_id=17375"},"modified":"2024-04-08T14:21:34","modified_gmt":"2024-04-08T13:21:34","slug":"somos-a-lyntia","status":"publish","type":"page","link":"https:\/\/www.lyntia.com\/pt-pt\/sobre-nos\/somos-a-lyntia\/","title":{"rendered":"Somos a Lyntia"},"content":{"rendered":"<div class=\"wpb-content-wrapper\"><p>[vc_row css_animation=&#8221;&#8221; row_type=&#8221;row&#8221; use_row_as_full_screen_section=&#8221;no&#8221; type=&#8221;full_width&#8221; angled_section=&#8221;no&#8221; text_align=&#8221;left&#8221; background_image_as_pattern=&#8221;without_pattern&#8221; css=&#8221;.vc_custom_1585145042991{background-image: url(https:\/\/www.lyntia.com\/wp-content\/uploads\/2019\/05\/ourmission-1.jpg?id=2692) !important;background-position: center !important;background-repeat: no-repeat !important;background-size: cover !important;}&#8221; z_index=&#8221;&#8221; el_class=&#8221;vt-row1 vt-equal-height posicionar-fondo&#8221;][vc_column][vc_column_text css=&#8221;.vc_custom_1709648516224{padding-bottom: 50px !important;padding-left: 30px !important;}&#8221;]<\/p>\n<h1><span style=\"color: #3b0249;\">Somos a lyntia<\/span><\/h1>\n<p>[\/vc_column_text][vc_row_inner row_type=&#8221;row&#8221; type=&#8221;full_width&#8221; text_align=&#8221;left&#8221; css_animation=&#8221;&#8221;][vc_column_inner el_class=&#8221;vt-col-1&#8243; width=&#8221;2\/3&#8243;][vc_column_text css=&#8221;.vc_custom_1709648420754{padding-right: 100px !important;padding-left: 30px !important;}&#8221;]<\/p>\n<h2 class=\"site-color\">Vis\u00e3o<\/h2>\n<p>&nbsp;<\/p>\n<p>Proporcionar solu\u00e7\u00f5es de conectividade que unam a sociedade, criando um mundo melhor.[\/vc_column_text][\/vc_column_inner][vc_column_inner width=&#8221;1\/3&#8243;][\/vc_column_inner][\/vc_row_inner][\/vc_column][\/vc_row][vc_row css_animation=&#8221;&#8221; row_type=&#8221;row&#8221; use_row_as_full_screen_section=&#8221;no&#8221; type=&#8221;full_width&#8221; angled_section=&#8221;no&#8221; text_align=&#8221;left&#8221; background_image_as_pattern=&#8221;without_pattern&#8221; css=&#8221;.vc_custom_1568634088635{background-image: url(https:\/\/www.lyntia.com\/wp-content\/uploads\/2019\/09\/vision.jpg?id=8025) !important;background-position: center !important;background-repeat: no-repeat !important;background-size: cover !important;}&#8221; z_index=&#8221;&#8221; el_class=&#8221;vt-row2 vt-equal-height bg-left-center&#8221;][vc_column][vc_row_inner row_type=&#8221;row&#8221; type=&#8221;full_width&#8221; text_align=&#8221;left&#8221; css_animation=&#8221;&#8221;][vc_column_inner width=&#8221;1\/2&#8243;][\/vc_column_inner][vc_column_inner width=&#8221;1\/2&#8243;][vc_column_text css=&#8221;.vc_custom_1709648463802{padding-right: 30px !important;padding-left: 50px !important;}&#8221;]<\/p>\n<h2 class=\"site-color\" style=\"text-align: right;\">Miss\u00e3o<\/h2>\n<p>&nbsp;<\/p>\n<p style=\"text-align: right;\"><span style=\"font-weight: 400;\">Consolidarmo-nos como o parceiro de confian\u00e7a do mundo Telco e Cloud, assegurando solu\u00e7\u00f5es de infraestruturas no sul da Europa.<\/span><\/p>\n<p>[\/vc_column_text][\/vc_column_inner][\/vc_row_inner][\/vc_column][\/vc_row][vc_row css_animation=&#8221;&#8221; row_type=&#8221;row&#8221; use_row_as_full_screen_section=&#8221;no&#8221; type=&#8221;full_width&#8221; angled_section=&#8221;no&#8221; text_align=&#8221;left&#8221; background_image_as_pattern=&#8221;without_pattern&#8221; css=&#8221;.vc_custom_1694512751401{padding-right: 15px !important;padding-left: 15px !important;background-image: url(https:\/\/www.lyntia.com\/wp-content\/uploads\/2023\/09\/capa_2032-1.jpg?id=16593) !important;background-position: center !important;background-repeat: no-repeat !important;background-size: cover !important;}&#8221; z_index=&#8221;&#8221; el_class=&#8221;vt-row4 vt-equal-height&#8221;][vc_column][vc_row_inner row_type=&#8221;row&#8221; type=&#8221;full_width&#8221; text_align=&#8221;left&#8221; css_animation=&#8221;&#8221; css=&#8221;.vc_custom_1564035183899{padding-right: 30px !important;padding-left: 50px !important;}&#8221;][vc_column_inner width=&#8221;1\/2&#8243;][vc_column_text]<\/p>\n<h2 class=\"site-color\">Pilares<\/h2>\n<p>&nbsp;<\/p>\n<ul>\n<li aria-level=\"1\"><b>Fiabilidade:<\/b><span style=\"font-weight: 400;\"> Cada liga\u00e7\u00e3o que estabelecemos \u00e9 uma ponte s\u00f3lida para o futuro.<\/span><\/li>\n<\/ul>\n<ul>\n<li style=\"font-weight: 400;\" aria-level=\"1\"><b>Eficiente<\/b><span style=\"font-weight: 400;\">: Num mundo em constante movimento, a efici\u00eancia \u00e9 fundamental.<\/span><\/li>\n<\/ul>\n<ul>\n<li style=\"font-weight: 400;\" aria-level=\"1\"><b>Sustent\u00e1vel:<\/b><span style=\"font-weight: 400;\"> O nosso compromisso com um mundo melhor vai para al\u00e9m das liga\u00e7\u00f5es instant\u00e2neas.<\/span><\/li>\n<\/ul>\n<ul>\n<li style=\"font-weight: 400;\" aria-level=\"1\"><b>Diferencial:<\/b><span style=\"font-weight: 400;\"> A inova\u00e7\u00e3o \u00e9 a nossa b\u00fassola para o futuro.<\/span><\/li>\n<\/ul>\n<p>[\/vc_column_text][\/vc_column_inner][vc_column_inner el_class=&#8221;vt-col-2&#8243; width=&#8221;1\/2&#8243;][\/vc_column_inner][\/vc_row_inner][\/vc_column][\/vc_row][vc_row css_animation=&#8221;&#8221; row_type=&#8221;row&#8221; use_row_as_full_screen_section=&#8221;no&#8221; type=&#8221;full_width&#8221; angled_section=&#8221;no&#8221; text_align=&#8221;left&#8221; background_image_as_pattern=&#8221;without_pattern&#8221; el_class=&#8221;vt-row-3 vt-equal-height&#8221; z_index=&#8221;&#8221; css=&#8221;.vc_custom_1561028910516{background-image: url(https:\/\/www.lyntia.com\/wp-content\/uploads\/2019\/06\/teambg-1-1.jpg?id=6092) !important;}&#8221;][vc_column][vc_column_text css=&#8221;.vc_custom_1560508740627{padding-left: 30px !important;}&#8221;]<\/p>\n<h2 class=\"site-color\" style=\"text-align: center;\">Valores<\/h2>\n<p>[\/vc_column_text][vc_row_inner row_type=&#8221;row&#8221; type=&#8221;full_width&#8221; text_align=&#8221;left&#8221; css_animation=&#8221;&#8221;][vc_column_inner el_class=&#8221;vt-row3-innercols-same&#8221; width=&#8221;1\/2&#8243;][vc_column_text css=&#8221;.vc_custom_1709648694882{padding-right: 25px !important;padding-left: 25px !important;}&#8221;]<\/p>\n<h3 class=\"custom-color-2\" style=\"text-align: center;\">Compromisso<\/h3>\n<p>&nbsp;<\/p>\n<p style=\"text-align: center;\"><span style=\"font-weight: 400;\">Estamos comprometidos com os nossos clientes, que colocamos no centro de tudo; isto tem sido e ser\u00e1 o principal ingrediente da nossa cultura.<\/span><\/p>\n<p>[\/vc_column_text][\/vc_column_inner][vc_column_inner el_class=&#8221;vt-row3-innercols-same&#8221; width=&#8221;1\/2&#8243;][vc_column_text css=&#8221;.vc_custom_1709648728939{padding-right: 25px !important;padding-left: 25px !important;}&#8221;]<\/p>\n<h3 class=\"custom-color-1\" style=\"text-align: center;\">Colabora\u00e7\u00e3o<\/h3>\n<p>&nbsp;<\/p>\n<p style=\"text-align: center;\"><span style=\"font-weight: 400;\">S\u00f3 fazendo as coisas em conjunto \u00e9 que podemos atingir os nossos objetivos. Trabalhar em equipa e ser mais flex\u00edveis ir\u00e1 permitir-nos chegar antes e melhor.<\/span><\/p>\n<p>[\/vc_column_text][\/vc_column_inner][\/vc_row_inner][vc_row_inner row_type=&#8221;row&#8221; type=&#8221;full_width&#8221; text_align=&#8221;left&#8221; css_animation=&#8221;&#8221;][vc_column_inner el_class=&#8221;vt-row3-innercols-same&#8221; width=&#8221;1\/2&#8243;][vc_column_text css=&#8221;.vc_custom_1709648754224{padding-right: 15px !important;padding-left: 15px !important;}&#8221;]<\/p>\n<h3 class=\"custom-color-3\" style=\"text-align: center;\">Facilidade<\/h3>\n<p>&nbsp;<\/p>\n<p style=\"text-align: center;\"><span style=\"font-weight: 400;\">Melhorar os processos da organiza\u00e7\u00e3o para a tornar mais simples, \u00e1gil e eficiente.<\/span><\/p>\n<p>[\/vc_column_text][\/vc_column_inner][vc_column_inner el_class=&#8221;vt-row3-innercols-same&#8221; width=&#8221;1\/2&#8243;][vc_column_text]<\/p>\n<h3 class=\"custom-color-4\" style=\"text-align: center;\">Paix\u00e3o<\/h3>\n<p>&nbsp;<\/p>\n<p style=\"text-align: center;\"><span style=\"font-weight: 400;\">A paix\u00e3o faz-nos avan\u00e7ar, entusiasma-nos e \u00e9 contagiosa, produz felicidade e depend\u00eancia.<\/span><\/p>\n<p>[\/vc_column_text][\/vc_column_inner][\/vc_row_inner][\/vc_column][\/vc_row][vc_row css_animation=&#8221;&#8221; row_type=&#8221;row&#8221; use_row_as_full_screen_section=&#8221;no&#8221; type=&#8221;full_width&#8221; angled_section=&#8221;no&#8221; text_align=&#8221;left&#8221; background_image_as_pattern=&#8221;without_pattern&#8221; css=&#8221;.vc_custom_1557211662163{padding-top: 40px !important;}&#8221; z_index=&#8221;&#8221; el_class=&#8221;common-contact-row&#8221;][vc_column][vc_column_text]<\/p>\n<h2 class=\"site-color\">Contacto<\/h2>\n<p>[\/vc_column_text][vc_separator type=&#8221;normal&#8221; color=&#8221;#3b0249&#8243; thickness=&#8221;2&#8243; el_class=&#8221;network-sep&#8221;][vc_row_inner row_type=&#8221;row&#8221; type=&#8221;full_width&#8221; text_align=&#8221;left&#8221; css_animation=&#8221;&#8221;][vc_column_inner el_class=&#8221;network-row3-r2-col1&#8243; width=&#8221;1\/2&#8243;][vc_column_text]<\/p>\n<h4 class=\"clr-orange\">A Lyntia em Espanha<\/h4>\n<p class=\"site-color\">A Lyntia tem mais de 200 profissionais em Espanha nas diferentes \u00e1reas de neg\u00f3cio. Fale connosco e responderemos de forma r\u00e1pida a todas as suas necessidades.<\/p>\n<p>[\/vc_column_text][\/vc_column_inner][vc_column_inner el_class=&#8221;network-row3-r2-col2&#8243; width=&#8221;1\/2&#8243;][vc_column_text]<\/p>\n<div class=\" contact-info-box site-color\"><i class=\"fa fa-phone\" aria-hidden=\"true\"><\/i>\u00a0Telefone: <strong>+34 915 50 77 00<\/strong><\/div>\n<div class=\" contact-info-box site-color\"><i class=\"fa fa-envelope-o\" aria-hidden=\"true\"><\/i> E-mail: <strong>marketing@lyntia.com<\/strong><\/div>\n<div class=\" contact-info-box site-color\"><i class=\"fa fa-map-marker\" aria-hidden=\"true\"><\/i> Endere\u00e7o: <strong>Avenida de Bruselas 24, Planta 1, 28108 Alcobendas<\/strong><\/div>\n<p>[\/vc_column_text][vc_empty_space height=&#8221;12px&#8221;]<a  itemprop=\"url\" href=\"\" target=\"_self\"  class=\"qbutton  small default button-blue-1 popup-form\" style=\"color: #ffffff; background-color:#3b0249;\">Contacto connosco<\/a>[\/vc_column_inner][\/vc_row_inner][\/vc_column][\/vc_row]<\/p>\n<\/div>","protected":false},"excerpt":{"rendered":"<p>[vc_row css_animation=&#8221;&#8221; row_type=&#8221;row&#8221; use_row_as_full_screen_section=&#8221;no&#8221; type=&#8221;full_width&#8221; angled_section=&#8221;no&#8221; text_align=&#8221;left&#8221; background_image_as_pattern=&#8221;without_pattern&#8221; css=&#8221;.vc_custom_1585145042991{background-image: url(https:\/\/www.lyntia.com\/wp-content\/uploads\/2019\/05\/ourmission-1.jpg?id=2692) !important;background-position: center !important;background-repeat: no-repeat !important;background-size: cover !important;}&#8221; z_index=&#8221;&#8221; el_class=&#8221;vt-row1 vt-equal-height posicionar-fondo&#8221;][vc_column][vc_column_text css=&#8221;.vc_custom_1709648516224{padding-bottom: 50px !important;padding-left: 30px !important;}&#8221;] Somos a lyntia [\/vc_column_text][vc_row_inner row_type=&#8221;row&#8221; type=&#8221;full_width&#8221; text_align=&#8221;left&#8221; css_animation=&#8221;&#8221;][vc_column_inner el_class=&#8221;vt-col-1&#8243; width=&#8221;2\/3&#8243;][vc_column_text css=&#8221;.vc_custom_1709648420754{padding-right: 100px !important;padding-left: 30px !important;}&#8221;] Vis\u00e3o &nbsp; Proporcionar solu\u00e7\u00f5es de conectividade que unam a sociedade, criando um mundo melhor.[\/vc_column_text][\/vc_column_inner][vc_column_inner&#8230;<\/p>\n","protected":false},"author":6,"featured_media":0,"parent":17341,"menu_order":0,"comment_status":"closed","ping_status":"closed","template":"","meta":{"content-type":"","footnotes":""},"class_list":["post-17375","page","type-page","status-publish","hentry"],"yoast_head":"<!-- This site is optimized with the Yoast SEO plugin v27.3 - https:\/\/yoast.com\/product\/yoast-seo-wordpress\/ -->\n<title>Somos a Lyntia - lyntia<\/title>\n<meta name=\"robots\" content=\"index, follow, max-snippet:-1, max-image-preview:large, max-video-preview:-1\" \/>\n<link rel=\"canonical\" href=\"https:\/\/www.lyntia.com\/sobre-nosotros\/mision-vision-valores-equipo\/\" \/>\n<meta property=\"og:locale\" content=\"pt_PT\" \/>\n<meta property=\"og:type\" content=\"article\" \/>\n<meta property=\"og:title\" content=\"Somos a Lyntia - lyntia\" \/>\n<meta property=\"og:description\" content=\"[vc_row css_animation=&#8221;&#8221; row_type=&#8221;row&#8221; use_row_as_full_screen_section=&#8221;no&#8221; type=&#8221;full_width&#8221; angled_section=&#8221;no&#8221; text_align=&#8221;left&#8221; background_image_as_pattern=&#8221;without_pattern&#8221; css=&#8221;.vc_custom_1585145042991{background-image: url(https:\/\/www.lyntia.com\/wp-content\/uploads\/2019\/05\/ourmission-1.jpg?id=2692) !important;background-position: center !important;background-repeat: no-repeat !important;background-size: cover !important;}&#8221; z_index=&#8221;&#8221; el_class=&#8221;vt-row1 vt-equal-height posicionar-fondo&#8221;][vc_column][vc_column_text css=&#8221;.vc_custom_1709648516224{padding-bottom: 50px !important;padding-left: 30px !important;}&#8221;] Somos a lyntia [\/vc_column_text][vc_row_inner row_type=&#8221;row&#8221; type=&#8221;full_width&#8221; text_align=&#8221;left&#8221; css_animation=&#8221;&#8221;][vc_column_inner el_class=&#8221;vt-col-1&#8243; width=&#8221;2\/3&#8243;][vc_column_text css=&#8221;.vc_custom_1709648420754{padding-right: 100px !important;padding-left: 30px !important;}&#8221;] Vis\u00e3o &nbsp; Proporcionar solu\u00e7\u00f5es de conectividade que unam a sociedade, criando um mundo melhor.[\/vc_column_text][\/vc_column_inner][vc_column_inner...\" \/>\n<meta property=\"og:url\" content=\"https:\/\/www.lyntia.com\/sobre-nosotros\/mision-vision-valores-equipo\/\" \/>\n<meta property=\"og:site_name\" content=\"lyntia\" \/>\n<meta name=\"twitter:card\" content=\"summary_large_image\" \/>\n<meta name=\"twitter:label1\" content=\"Tempo estimado de leitura\" \/>\n\t<meta name=\"twitter:data1\" content=\"2 minutos\" \/>\n<script type=\"application\/ld+json\" class=\"yoast-schema-graph\">{\"@context\":\"https:\\\/\\\/schema.org\",\"@graph\":[{\"@type\":\"WebPage\",\"@id\":\"https:\\\/\\\/www.lyntia.com\\\/sobre-nosotros\\\/mision-vision-valores-equipo\\\/\",\"url\":\"https:\\\/\\\/www.lyntia.com\\\/sobre-nosotros\\\/mision-vision-valores-equipo\\\/\",\"name\":\"Somos a Lyntia - lyntia\",\"isPartOf\":{\"@id\":\"https:\\\/\\\/www.lyntia.com\\\/#website\"},\"datePublished\":\"2024-04-08T13:21:34+00:00\",\"breadcrumb\":{\"@id\":\"https:\\\/\\\/www.lyntia.com\\\/sobre-nosotros\\\/mision-vision-valores-equipo\\\/#breadcrumb\"},\"inLanguage\":\"pt-PT\",\"potentialAction\":[{\"@type\":\"ReadAction\",\"target\":[\"https:\\\/\\\/www.lyntia.com\\\/sobre-nosotros\\\/mision-vision-valores-equipo\\\/\"]}]},{\"@type\":\"BreadcrumbList\",\"@id\":\"https:\\\/\\\/www.lyntia.com\\\/sobre-nosotros\\\/mision-vision-valores-equipo\\\/#breadcrumb\",\"itemListElement\":[{\"@type\":\"ListItem\",\"position\":1,\"name\":\"Home\",\"item\":\"https:\\\/\\\/www.lyntia.com\\\/pt-pt\\\/\"},{\"@type\":\"ListItem\",\"position\":2,\"name\":\"Sobre n\u00f3s\",\"item\":\"https:\\\/\\\/www.lyntia.com\\\/pt-pt\\\/sobre-nos\\\/\"},{\"@type\":\"ListItem\",\"position\":3,\"name\":\"Somos a Lyntia\"}]},{\"@type\":\"WebSite\",\"@id\":\"https:\\\/\\\/www.lyntia.com\\\/#website\",\"url\":\"https:\\\/\\\/www.lyntia.com\\\/\",\"name\":\"lyntia\",\"description\":\"A Digital Company\",\"potentialAction\":[{\"@type\":\"SearchAction\",\"target\":{\"@type\":\"EntryPoint\",\"urlTemplate\":\"https:\\\/\\\/www.lyntia.com\\\/?s={search_term_string}\"},\"query-input\":{\"@type\":\"PropertyValueSpecification\",\"valueRequired\":true,\"valueName\":\"search_term_string\"}}],\"inLanguage\":\"pt-PT\"}]}<\/script>\n<!-- \/ Yoast SEO plugin. -->","yoast_head_json":{"title":"Somos a Lyntia - lyntia","robots":{"index":"index","follow":"follow","max-snippet":"max-snippet:-1","max-image-preview":"max-image-preview:large","max-video-preview":"max-video-preview:-1"},"canonical":"https:\/\/www.lyntia.com\/sobre-nosotros\/mision-vision-valores-equipo\/","og_locale":"pt_PT","og_type":"article","og_title":"Somos a Lyntia - lyntia","og_description":"[vc_row css_animation=&#8221;&#8221; row_type=&#8221;row&#8221; use_row_as_full_screen_section=&#8221;no&#8221; type=&#8221;full_width&#8221; angled_section=&#8221;no&#8221; text_align=&#8221;left&#8221; background_image_as_pattern=&#8221;without_pattern&#8221; css=&#8221;.vc_custom_1585145042991{background-image: url(https:\/\/www.lyntia.com\/wp-content\/uploads\/2019\/05\/ourmission-1.jpg?id=2692) !important;background-position: center !important;background-repeat: no-repeat !important;background-size: cover !important;}&#8221; z_index=&#8221;&#8221; el_class=&#8221;vt-row1 vt-equal-height posicionar-fondo&#8221;][vc_column][vc_column_text css=&#8221;.vc_custom_1709648516224{padding-bottom: 50px !important;padding-left: 30px !important;}&#8221;] Somos a lyntia [\/vc_column_text][vc_row_inner row_type=&#8221;row&#8221; type=&#8221;full_width&#8221; text_align=&#8221;left&#8221; css_animation=&#8221;&#8221;][vc_column_inner el_class=&#8221;vt-col-1&#8243; width=&#8221;2\/3&#8243;][vc_column_text css=&#8221;.vc_custom_1709648420754{padding-right: 100px !important;padding-left: 30px !important;}&#8221;] Vis\u00e3o &nbsp; Proporcionar solu\u00e7\u00f5es de conectividade que unam a sociedade, criando um mundo melhor.[\/vc_column_text][\/vc_column_inner][vc_column_inner...","og_url":"https:\/\/www.lyntia.com\/sobre-nosotros\/mision-vision-valores-equipo\/","og_site_name":"lyntia","twitter_card":"summary_large_image","twitter_misc":{"Tempo estimado de leitura":"2 minutos"},"schema":{"@context":"https:\/\/schema.org","@graph":[{"@type":"WebPage","@id":"https:\/\/www.lyntia.com\/sobre-nosotros\/mision-vision-valores-equipo\/","url":"https:\/\/www.lyntia.com\/sobre-nosotros\/mision-vision-valores-equipo\/","name":"Somos a Lyntia - lyntia","isPartOf":{"@id":"https:\/\/www.lyntia.com\/#website"},"datePublished":"2024-04-08T13:21:34+00:00","breadcrumb":{"@id":"https:\/\/www.lyntia.com\/sobre-nosotros\/mision-vision-valores-equipo\/#breadcrumb"},"inLanguage":"pt-PT","potentialAction":[{"@type":"ReadAction","target":["https:\/\/www.lyntia.com\/sobre-nosotros\/mision-vision-valores-equipo\/"]}]},{"@type":"BreadcrumbList","@id":"https:\/\/www.lyntia.com\/sobre-nosotros\/mision-vision-valores-equipo\/#breadcrumb","itemListElement":[{"@type":"ListItem","position":1,"name":"Home","item":"https:\/\/www.lyntia.com\/pt-pt\/"},{"@type":"ListItem","position":2,"name":"Sobre n\u00f3s","item":"https:\/\/www.lyntia.com\/pt-pt\/sobre-nos\/"},{"@type":"ListItem","position":3,"name":"Somos a Lyntia"}]},{"@type":"WebSite","@id":"https:\/\/www.lyntia.com\/#website","url":"https:\/\/www.lyntia.com\/","name":"lyntia","description":"A Digital Company","potentialAction":[{"@type":"SearchAction","target":{"@type":"EntryPoint","urlTemplate":"https:\/\/www.lyntia.com\/?s={search_term_string}"},"query-input":{"@type":"PropertyValueSpecification","valueRequired":true,"valueName":"search_term_string"}}],"inLanguage":"pt-PT"}]}},"rttpg_featured_image_url":null,"rttpg_author":{"display_name":"spane","author_link":"https:\/\/www.lyntia.com\/pt-pt\/author\/spane\/"},"rttpg_comment":0,"rttpg_category":false,"rttpg_excerpt":"[vc_row css_animation=&#8221;&#8221; row_type=&#8221;row&#8221; use_row_as_full_screen_section=&#8221;no&#8221; type=&#8221;full_width&#8221; angled_section=&#8221;no&#8221; text_align=&#8221;left&#8221; background_image_as_pattern=&#8221;without_pattern&#8221; css=&#8221;.vc_custom_1585145042991{background-image: url(https:\/\/www.lyntia.com\/wp-content\/uploads\/2019\/05\/ourmission-1.jpg?id=2692) !important;background-position: center !important;background-repeat: no-repeat !important;background-size: cover !important;}&#8221; z_index=&#8221;&#8221; el_class=&#8221;vt-row1 vt-equal-height posicionar-fondo&#8221;][vc_column][vc_column_text css=&#8221;.vc_custom_1709648516224{padding-bottom: 50px !important;padding-left: 30px !important;}&#8221;] Somos a lyntia [\/vc_column_text][vc_row_inner row_type=&#8221;row&#8221; type=&#8221;full_width&#8221; text_align=&#8221;left&#8221; css_animation=&#8221;&#8221;][vc_column_inner el_class=&#8221;vt-col-1&#8243; width=&#8221;2\/3&#8243;][vc_column_text css=&#8221;.vc_custom_1709648420754{padding-right: 100px !important;padding-left: 30px !important;}&#8221;] Vis\u00e3o &nbsp; Proporcionar solu\u00e7\u00f5es de conectividade que unam a sociedade, criando um mundo melhor.[\/vc_column_text][\/vc_column_inner][vc_column_inner...","_links":{"self":[{"href":"https:\/\/www.lyntia.com\/pt-pt\/wp-json\/wp\/v2\/pages\/17375","targetHints":{"allow":["GET"]}}],"collection":[{"href":"https:\/\/www.lyntia.com\/pt-pt\/wp-json\/wp\/v2\/pages"}],"about":[{"href":"https:\/\/www.lyntia.com\/pt-pt\/wp-json\/wp\/v2\/types\/page"}],"author":[{"embeddable":true,"href":"https:\/\/www.lyntia.com\/pt-pt\/wp-json\/wp\/v2\/users\/6"}],"replies":[{"embeddable":true,"href":"https:\/\/www.lyntia.com\/pt-pt\/wp-json\/wp\/v2\/comments?post=17375"}],"version-history":[{"count":0,"href":"https:\/\/www.lyntia.com\/pt-pt\/wp-json\/wp\/v2\/pages\/17375\/revisions"}],"up":[{"embeddable":true,"href":"https:\/\/www.lyntia.com\/pt-pt\/wp-json\/wp\/v2\/pages\/17341"}],"wp:attachment":[{"href":"https:\/\/www.lyntia.com\/pt-pt\/wp-json\/wp\/v2\/media?parent=17375"}],"curies":[{"name":"wp","href":"https:\/\/api.w.org\/{rel}","templated":true}]}}