{"id":17341,"date":"2024-04-08T14:21:33","date_gmt":"2024-04-08T13:21:33","guid":{"rendered":"https:\/\/www.lyntia.com\/?page_id=17341"},"modified":"2024-10-23T16:10:59","modified_gmt":"2024-10-23T15:10:59","slug":"sobre-nos","status":"publish","type":"page","link":"https:\/\/www.lyntia.com\/pt-pt\/sobre-nos\/","title":{"rendered":"Sobre n\u00f3s"},"content":{"rendered":"<div class=\"wpb-content-wrapper\"><p>[vc_row css_animation=&#8221;&#8221; row_type=&#8221;row&#8221; use_row_as_full_screen_section=&#8221;no&#8221; type=&#8221;full_width&#8221; angled_section=&#8221;no&#8221; text_align=&#8221;left&#8221; background_image_as_pattern=&#8221;without_pattern&#8221; el_class=&#8221;company-row1&#8243; z_index=&#8221;&#8221;][vc_column][vc_column_text css=&#8221;&#8221;]<\/p>\n<h2 class=\"site-color\">Bem-vindo \u00e0 Lyntia<\/h2>\n<p>&nbsp;<\/p>\n<p>A Lyntia tem a sua origem na fus\u00e3o de duas empresas: a <strong>Ufinet e a Desarrollo del Cable<\/strong>, criadas em 1998 <strong>pela Uni\u00f3n Fenosa e pela Gas Natural<\/strong>, respetivamente.<\/p>\n<p>Atualmente, a Lyntia \u00e9 um <strong>operador neutro<\/strong> que presta <strong>servi\u00e7os grossistas<\/strong>, principalmente de <strong>fibra escura e aluguer de circuitos<\/strong>, no mercado espanhol de telecomunica\u00e7\u00f5es, principalmente a operadores e prestadores de servi\u00e7os p\u00fablicos (utilities).<\/p>\n<p>A Lyntia conta com <strong>mais de 200 profissionais<\/strong> en sus sedes en Madrid.<\/p>\n<p>A empresa Lyntia Networks, S.A.U. faz parte do grupo de empresas ao qual pertencem tamb\u00e9m: lyntia Networks Holding, S.L.U., Gunalta ITG, S.L.U., Tower Net Infraestructuras, S.L.U., Codinet Servicios Digitales, S.L.U. y Global Fontibre S.L.[\/vc_column_text][\/vc_column][\/vc_row][vc_row css_animation=&#8221;&#8221; row_type=&#8221;row&#8221; use_row_as_full_screen_section=&#8221;no&#8221; type=&#8221;full_width&#8221; angled_section=&#8221;no&#8221; text_align=&#8221;left&#8221; background_image_as_pattern=&#8221;without_pattern&#8221; el_class=&#8221;company-row2 padding40&#8243; z_index=&#8221;&#8221;][vc_column][vc_column_text css=&#8221;.vc_custom_1709552932073{padding-bottom: 30px !important;}&#8221;]<\/p>\n<h3 class=\"site-color\">O que nos torna \u00fanicos?<\/h3>\n<p>&nbsp;<\/p>\n<p><strong>Neutralidade: <\/strong>a Lyntia \u00e9 um carrier neutro para operadores locais e internacionais, o que faz de n\u00f3s um parceiro absolutamente fi\u00e1vel para si.<strong>\u00a0<\/strong><\/p>\n<p><strong>Foco no cliente: <\/strong>Os tempos de resposta da Lyntia s\u00e3o reduzidos e r\u00e1pidos perante qualquer pedido, para lhe proporcionar uma op\u00e7\u00e3o de one stop shop (balc\u00e3o \u00fanico) para cada uma das suas necessidades.<strong>\u00a0<\/strong><\/p>\n<p><strong>Fiabilidade: <\/strong>a Lyntia oferece-lhe uma cobertura incr\u00edvel, garantida e da maior qualidade atrav\u00e9s da nossa pr\u00f3pria rede de fibra \u00f3tica de \u00faltima gera\u00e7\u00e3o.[\/vc_column_text][vc_column_text]<\/p>\n<h3 class=\"site-color\">O nosso objetivo<\/h3>\n<p>&nbsp;<\/p>\n<p>Enquanto operador neutro, a Lyntia pretende dinamizar o mercado, promover a concorr\u00eancia e ajudar os operadores a enfrentar os desafios da otimiza\u00e7\u00e3o dos investimentos.[\/vc_column_text][\/vc_column][\/vc_row][vc_row css_animation=&#8221;&#8221; row_type=&#8221;row&#8221; use_row_as_full_screen_section=&#8221;no&#8221; type=&#8221;full_width&#8221; angled_section=&#8221;no&#8221; text_align=&#8221;left&#8221; background_image_as_pattern=&#8221;without_pattern&#8221; el_class=&#8221;company-row2 padding40&#8243; z_index=&#8221;&#8221; side_padding=&#8221;0&#8243;][vc_column][vc_video link=&#8221;https:\/\/www.youtube.com\/watch?v=75YxK1zqYYg&#8221; el_aspect=&#8221;43&#8243; align=&#8221;center&#8221; css=&#8221;&#8221;][\/vc_column][\/vc_row][vc_row css_animation=&#8221;&#8221; row_type=&#8221;row&#8221; use_row_as_full_screen_section=&#8221;no&#8221; type=&#8221;full_width&#8221; angled_section=&#8221;no&#8221; text_align=&#8221;left&#8221; background_image_as_pattern=&#8221;without_pattern&#8221; el_class=&#8221;company-row3 padding40&#8243; z_index=&#8221;&#8221;][vc_column width=&#8221;1\/2&#8243; el_class=&#8221;inner-col-1&#8243;][vc_column_text]<\/p>\n<div class=\"company-half-section\">\n<h3 style=\"text-align: center;\">Vis\u00e3o<\/h3>\n<p style=\"text-align: center;\">Fornecer solu\u00e7\u00f5es de conectividade que aproximem a sociedade, para criar um mundo melhor<\/p>\n<p>&nbsp;<\/p>\n<h3 style=\"text-align: center;\">Miss\u00e3o<\/h3>\n<p style=\"text-align: center;\">Consolidar-nos como o parceiro de confian\u00e7a do mundo Telco e Cloud, assegurando solu\u00e7\u00f5es de infraestruturas no sul da Europa<\/p>\n<p>&nbsp;<\/p>\n<h3 style=\"text-align: center;\">Valores<\/h3>\n<p style=\"text-align: center;\">Compromisso, Colabora\u00e7\u00e3o, Facilidade e Paix\u00e3o<\/p>\n<p>&nbsp;<\/p>\n<p>&nbsp;<\/p>\n<\/div>\n<div>\n<p style=\"text-align: center;\"><a class=\"company-custom-button\" href=\"https:\/\/www.lyntia.com\/sobre-nosotros\/mision-vision-valores-equipo\/\">Saiba mais sobre os valores e a equipa da Lyntia<\/a><\/p>\n<\/div>\n<p>[\/vc_column_text][\/vc_column][vc_column width=&#8221;1\/2&#8243; el_class=&#8221;inner-col-2&#8243;][vc_column_text]<\/p>\n<div class=\"company-half-section\">\n<h3 style=\"text-align: center;\">Membro MEF<\/h3>\n<p>&nbsp;<\/p>\n<p>&nbsp;<\/p>\n<h3 style=\"text-align: center;\">Certifica\u00e7\u00e3o CE2 MEF<\/h3>\n<p>&nbsp;<\/p>\n<p>&nbsp;<\/p>\n<h3 style=\"text-align: center;\">MEF CECP &#8211; Carrier de Ethernet certificado profissional<\/h3>\n<p>&nbsp;<\/p>\n<p>&nbsp;<\/p>\n<h3 style=\"text-align: center;\">T-Systems<\/h3>\n<p>&nbsp;<\/p>\n<\/div>\n<div>\n<p style=\"text-align: center;\"><a class=\"company-custom-button\" href=\"https:\/\/www.lyntia.com\/sobre-nosotros\/certificados-calidad\/\">Saber mais sobre as nossas certifica\u00e7\u00f5es<\/a><\/p>\n<\/div>\n<p>[\/vc_column_text][\/vc_column][\/vc_row][vc_row css_animation=&#8221;&#8221; row_type=&#8221;row&#8221; use_row_as_full_screen_section=&#8221;yes&#8221; type=&#8221;full_width&#8221; angled_section=&#8221;no&#8221; text_align=&#8221;center&#8221; background_image_as_pattern=&#8221;without_pattern&#8221; z_index=&#8221;&#8221; css=&#8221;.vc_custom_1564040115042{padding-top: 20px !important;}&#8221;][vc_column][vc_single_image image=&#8221;5649&#8243; img_size=&#8221;full&#8221; alignment=&#8221;center&#8221; qode_css_animation=&#8221;&#8221;][\/vc_column][\/vc_row][vc_row css_animation=&#8221;&#8221; row_type=&#8221;row&#8221; use_row_as_full_screen_section=&#8221;no&#8221; type=&#8221;full_width&#8221; angled_section=&#8221;no&#8221; text_align=&#8221;left&#8221; background_image_as_pattern=&#8221;without_pattern&#8221; css=&#8221;.vc_custom_1564039840092{padding-top: 10px !important;}&#8221; z_index=&#8221;&#8221; el_class=&#8221;padding40 common-contact-row&#8221;][vc_column][vc_column_text]<\/p>\n<h2 class=\"site-color\">Contacto<\/h2>\n<p>[\/vc_column_text][vc_separator type=&#8221;normal&#8221; color=&#8221;#3b0249&#8243; thickness=&#8221;2&#8243; el_class=&#8221;network-sep&#8221;][vc_row_inner row_type=&#8221;row&#8221; type=&#8221;full_width&#8221; text_align=&#8221;left&#8221; css_animation=&#8221;&#8221;][vc_column_inner el_class=&#8221;network-row3-r2-col1&#8243; width=&#8221;1\/2&#8243;][vc_column_text]<\/p>\n<h4 class=\"clr-orange\">A Lyntia em Espanha<\/h4>\n<p class=\"site-color\">A Lyntia tem mais de 200 profissionais em Espanha nas diferentes \u00e1reas de neg\u00f3cio. Fale connosco e responderemos de forma r\u00e1pida a todas as suas necessidades.<\/p>\n<p>[\/vc_column_text][\/vc_column_inner][vc_column_inner el_class=&#8221;network-row3-r2-col2&#8243; width=&#8221;1\/2&#8243;][vc_column_text]<\/p>\n<div class=\" contact-info-box site-color\"><i class=\"fa fa-phone\" aria-hidden=\"true\"><\/i>\u00a0Telefone: <strong>+34 915 50 77 00<\/strong><\/div>\n<div class=\" contact-info-box site-color\"><i class=\"fa fa-envelope-o\" aria-hidden=\"true\"><\/i> E-mail: <strong>marketing@lyntia.com<\/strong><\/div>\n<div class=\" contact-info-box site-color\"><i class=\"fa fa-map-marker\" aria-hidden=\"true\"><\/i>\u00a0Endere\u00e7o: <strong>Avenida de Bruselas 24, Planta 1, 28108 Alcobendas<\/strong><\/div>\n<p>[\/vc_column_text][vc_empty_space height=&#8221;12px&#8221;]<a  itemprop=\"url\" href=\"\" target=\"_self\"  class=\"qbutton  small default button-blue-1 popup-form\" style=\"color: #ffffff; background-color:#3b0249;\">Contacto connosco<\/a>[\/vc_column_inner][\/vc_row_inner][\/vc_column][\/vc_row]<\/p>\n<\/div>","protected":false},"excerpt":{"rendered":"<p>[vc_row css_animation=&#8221;&#8221; row_type=&#8221;row&#8221; use_row_as_full_screen_section=&#8221;no&#8221; type=&#8221;full_width&#8221; angled_section=&#8221;no&#8221; text_align=&#8221;left&#8221; background_image_as_pattern=&#8221;without_pattern&#8221; el_class=&#8221;company-row1&#8243; z_index=&#8221;&#8221;][vc_column][vc_column_text css=&#8221;&#8221;] Bem-vindo \u00e0 Lyntia &nbsp; A Lyntia tem a sua origem na fus\u00e3o de duas empresas: a Ufinet e a Desarrollo del Cable, criadas em 1998 pela Uni\u00f3n Fenosa e pela Gas Natural, respetivamente. Atualmente, a Lyntia \u00e9 um operador neutro que presta servi\u00e7os grossistas,&#8230;<\/p>\n","protected":false},"author":6,"featured_media":0,"parent":0,"menu_order":0,"comment_status":"closed","ping_status":"closed","template":"","meta":{"content-type":"","footnotes":""},"class_list":["post-17341","page","type-page","status-publish","hentry"],"yoast_head":"<!-- This site is optimized with the Yoast SEO plugin v27.4 - https:\/\/yoast.com\/product\/yoast-seo-wordpress\/ -->\n<title>Sobre n\u00f3s - lyntia<\/title>\n<meta name=\"robots\" content=\"index, follow, max-snippet:-1, max-image-preview:large, max-video-preview:-1\" \/>\n<link rel=\"canonical\" href=\"https:\/\/www.lyntia.com\/pt-pt\/sobre-nos\/\" \/>\n<meta property=\"og:locale\" content=\"pt_PT\" \/>\n<meta property=\"og:type\" content=\"article\" \/>\n<meta property=\"og:title\" content=\"Sobre n\u00f3s - lyntia\" \/>\n<meta property=\"og:description\" content=\"[vc_row css_animation=&#8221;&#8221; row_type=&#8221;row&#8221; use_row_as_full_screen_section=&#8221;no&#8221; type=&#8221;full_width&#8221; angled_section=&#8221;no&#8221; text_align=&#8221;left&#8221; background_image_as_pattern=&#8221;without_pattern&#8221; el_class=&#8221;company-row1&#8243; z_index=&#8221;&#8221;][vc_column][vc_column_text css=&#8221;&#8221;] Bem-vindo \u00e0 Lyntia &nbsp; A Lyntia tem a sua origem na fus\u00e3o de duas empresas: a Ufinet e a Desarrollo del Cable, criadas em 1998 pela Uni\u00f3n Fenosa e pela Gas Natural, respetivamente. Atualmente, a Lyntia \u00e9 um operador neutro que presta servi\u00e7os grossistas,...\" \/>\n<meta property=\"og:url\" content=\"https:\/\/www.lyntia.com\/pt-pt\/sobre-nos\/\" \/>\n<meta property=\"og:site_name\" content=\"lyntia\" \/>\n<meta property=\"article:modified_time\" content=\"2024-10-23T15:10:59+00:00\" \/>\n<meta name=\"twitter:card\" content=\"summary_large_image\" \/>\n<meta name=\"twitter:label1\" content=\"Tempo estimado de leitura\" \/>\n\t<meta name=\"twitter:data1\" content=\"3 minutos\" \/>\n<script type=\"application\/ld+json\" class=\"yoast-schema-graph\">{\"@context\":\"https:\\\/\\\/schema.org\",\"@graph\":[{\"@type\":\"WebPage\",\"@id\":\"https:\\\/\\\/www.lyntia.com\\\/pt-pt\\\/sobre-nos\\\/\",\"url\":\"https:\\\/\\\/www.lyntia.com\\\/pt-pt\\\/sobre-nos\\\/\",\"name\":\"Sobre n\u00f3s - lyntia\",\"isPartOf\":{\"@id\":\"https:\\\/\\\/www.lyntia.com\\\/#website\"},\"datePublished\":\"2024-04-08T13:21:33+00:00\",\"dateModified\":\"2024-10-23T15:10:59+00:00\",\"breadcrumb\":{\"@id\":\"https:\\\/\\\/www.lyntia.com\\\/pt-pt\\\/sobre-nos\\\/#breadcrumb\"},\"inLanguage\":\"pt-PT\",\"potentialAction\":[{\"@type\":\"ReadAction\",\"target\":[\"https:\\\/\\\/www.lyntia.com\\\/pt-pt\\\/sobre-nos\\\/\"]}]},{\"@type\":\"BreadcrumbList\",\"@id\":\"https:\\\/\\\/www.lyntia.com\\\/pt-pt\\\/sobre-nos\\\/#breadcrumb\",\"itemListElement\":[{\"@type\":\"ListItem\",\"position\":1,\"name\":\"Home\",\"item\":\"https:\\\/\\\/www.lyntia.com\\\/pt-pt\\\/\"},{\"@type\":\"ListItem\",\"position\":2,\"name\":\"Sobre n\u00f3s\"}]},{\"@type\":\"WebSite\",\"@id\":\"https:\\\/\\\/www.lyntia.com\\\/#website\",\"url\":\"https:\\\/\\\/www.lyntia.com\\\/\",\"name\":\"lyntia\",\"description\":\"A Digital Company\",\"potentialAction\":[{\"@type\":\"SearchAction\",\"target\":{\"@type\":\"EntryPoint\",\"urlTemplate\":\"https:\\\/\\\/www.lyntia.com\\\/?s={search_term_string}\"},\"query-input\":{\"@type\":\"PropertyValueSpecification\",\"valueRequired\":true,\"valueName\":\"search_term_string\"}}],\"inLanguage\":\"pt-PT\"}]}<\/script>\n<!-- \/ Yoast SEO plugin. -->","yoast_head_json":{"title":"Sobre n\u00f3s - lyntia","robots":{"index":"index","follow":"follow","max-snippet":"max-snippet:-1","max-image-preview":"max-image-preview:large","max-video-preview":"max-video-preview:-1"},"canonical":"https:\/\/www.lyntia.com\/pt-pt\/sobre-nos\/","og_locale":"pt_PT","og_type":"article","og_title":"Sobre n\u00f3s - lyntia","og_description":"[vc_row css_animation=&#8221;&#8221; row_type=&#8221;row&#8221; use_row_as_full_screen_section=&#8221;no&#8221; type=&#8221;full_width&#8221; angled_section=&#8221;no&#8221; text_align=&#8221;left&#8221; background_image_as_pattern=&#8221;without_pattern&#8221; el_class=&#8221;company-row1&#8243; z_index=&#8221;&#8221;][vc_column][vc_column_text css=&#8221;&#8221;] Bem-vindo \u00e0 Lyntia &nbsp; A Lyntia tem a sua origem na fus\u00e3o de duas empresas: a Ufinet e a Desarrollo del Cable, criadas em 1998 pela Uni\u00f3n Fenosa e pela Gas Natural, respetivamente. Atualmente, a Lyntia \u00e9 um operador neutro que presta servi\u00e7os grossistas,...","og_url":"https:\/\/www.lyntia.com\/pt-pt\/sobre-nos\/","og_site_name":"lyntia","article_modified_time":"2024-10-23T15:10:59+00:00","twitter_card":"summary_large_image","twitter_misc":{"Tempo estimado de leitura":"3 minutos"},"schema":{"@context":"https:\/\/schema.org","@graph":[{"@type":"WebPage","@id":"https:\/\/www.lyntia.com\/pt-pt\/sobre-nos\/","url":"https:\/\/www.lyntia.com\/pt-pt\/sobre-nos\/","name":"Sobre n\u00f3s - lyntia","isPartOf":{"@id":"https:\/\/www.lyntia.com\/#website"},"datePublished":"2024-04-08T13:21:33+00:00","dateModified":"2024-10-23T15:10:59+00:00","breadcrumb":{"@id":"https:\/\/www.lyntia.com\/pt-pt\/sobre-nos\/#breadcrumb"},"inLanguage":"pt-PT","potentialAction":[{"@type":"ReadAction","target":["https:\/\/www.lyntia.com\/pt-pt\/sobre-nos\/"]}]},{"@type":"BreadcrumbList","@id":"https:\/\/www.lyntia.com\/pt-pt\/sobre-nos\/#breadcrumb","itemListElement":[{"@type":"ListItem","position":1,"name":"Home","item":"https:\/\/www.lyntia.com\/pt-pt\/"},{"@type":"ListItem","position":2,"name":"Sobre n\u00f3s"}]},{"@type":"WebSite","@id":"https:\/\/www.lyntia.com\/#website","url":"https:\/\/www.lyntia.com\/","name":"lyntia","description":"A Digital Company","potentialAction":[{"@type":"SearchAction","target":{"@type":"EntryPoint","urlTemplate":"https:\/\/www.lyntia.com\/?s={search_term_string}"},"query-input":{"@type":"PropertyValueSpecification","valueRequired":true,"valueName":"search_term_string"}}],"inLanguage":"pt-PT"}]}},"rttpg_featured_image_url":null,"rttpg_author":{"display_name":"spane","author_link":"https:\/\/www.lyntia.com\/pt-pt\/author\/spane\/"},"rttpg_comment":0,"rttpg_category":" <a href=\"https:\/\/www.lyntia.com\/pt-pt\/?taxonomy=translation_priority&#038;term=opcional-pt-pt\" rel=\"tag\">Opcional<\/a>","rttpg_excerpt":"[vc_row css_animation=&#8221;&#8221; row_type=&#8221;row&#8221; use_row_as_full_screen_section=&#8221;no&#8221; type=&#8221;full_width&#8221; angled_section=&#8221;no&#8221; text_align=&#8221;left&#8221; background_image_as_pattern=&#8221;without_pattern&#8221; el_class=&#8221;company-row1&#8243; z_index=&#8221;&#8221;][vc_column][vc_column_text css=&#8221;&#8221;] Bem-vindo \u00e0 Lyntia &nbsp; A Lyntia tem a sua origem na fus\u00e3o de duas empresas: a Ufinet e a Desarrollo del Cable, criadas em 1998 pela Uni\u00f3n Fenosa e pela Gas Natural, respetivamente. Atualmente, a Lyntia \u00e9 um operador neutro que presta servi\u00e7os grossistas,...","_links":{"self":[{"href":"https:\/\/www.lyntia.com\/pt-pt\/wp-json\/wp\/v2\/pages\/17341","targetHints":{"allow":["GET"]}}],"collection":[{"href":"https:\/\/www.lyntia.com\/pt-pt\/wp-json\/wp\/v2\/pages"}],"about":[{"href":"https:\/\/www.lyntia.com\/pt-pt\/wp-json\/wp\/v2\/types\/page"}],"author":[{"embeddable":true,"href":"https:\/\/www.lyntia.com\/pt-pt\/wp-json\/wp\/v2\/users\/6"}],"replies":[{"embeddable":true,"href":"https:\/\/www.lyntia.com\/pt-pt\/wp-json\/wp\/v2\/comments?post=17341"}],"version-history":[{"count":0,"href":"https:\/\/www.lyntia.com\/pt-pt\/wp-json\/wp\/v2\/pages\/17341\/revisions"}],"wp:attachment":[{"href":"https:\/\/www.lyntia.com\/pt-pt\/wp-json\/wp\/v2\/media?parent=17341"}],"curies":[{"name":"wp","href":"https:\/\/api.w.org\/{rel}","templated":true}]}}