{"id":17337,"date":"2024-03-06T13:13:21","date_gmt":"2024-03-06T12:13:21","guid":{"rendered":"https:\/\/www.lyntia.com\/?page_id=17337"},"modified":"2024-04-08T14:19:39","modified_gmt":"2024-04-08T13:19:39","slug":"contacto","status":"publish","type":"page","link":"https:\/\/www.lyntia.com\/pt-pt\/contacto\/","title":{"rendered":"Contacto"},"content":{"rendered":"<div class=\"wpb-content-wrapper\"><p>[vc_row css_animation=&#8221;&#8221; row_type=&#8221;row&#8221; use_row_as_full_screen_section=&#8221;no&#8221; type=&#8221;grid&#8221; angled_section=&#8221;no&#8221; text_align=&#8221;left&#8221; background_image_as_pattern=&#8221;without_pattern&#8221; z_index=&#8221;&#8221; el_class=&#8221;contact-us-row-1&#8243;][vc_column][vc_empty_space height=&#8221;140px&#8221; el_class=&#8221;contact-top-empty-space&#8221;][vc_empty_space height=&#8221;140px&#8221; el_class=&#8221;contact-top-empty-space&#8221;][vc_column_text]<\/p>\n<h2 class=\"font-80 site-color\">Contacto<\/h2>\n<p>[\/vc_column_text][vc_empty_space height=&#8221;22px&#8221;][vc_column_text]<\/p>\n<h4 class=\"clr-orange\">A Lyntia em Espanha<\/h4>\n<p class=\"site-color\">A Lyntia tem mais de 100 profissionais em Espanha nas diferentes \u00e1reas de neg\u00f3cio.<br \/>\nFale connosco e responderemos de forma r\u00e1pida a todas as suas necessidades.<\/p>\n<p>[\/vc_column_text][vc_empty_space height=&#8221;22px&#8221;][vc_column_text]<\/p>\n<h4 class=\"clr-orange\">Trabalhe connosco<\/h4>\n<p class=\"site-color\">A Lyntia procura constantemente pessoas qualificadas para se juntarem \u00e0 nossa equipa.<br \/>\nPor isso, se quiser trabalhar no operador neutro de refer\u00eancia no mercado grossista de telecomunica\u00e7\u00f5es em Espanha, envie-nos o seu CV para<a href=\"mailto:seleccion@lyntia.com\"> seleccion@lyntia.com<\/a><\/p>\n<p>&nbsp;<\/p>\n<p class=\"site-color\"><strong>Teremos todo o prazer em conhec\u00ea-lo!<\/strong><\/p>\n<p>[\/vc_column_text][\/vc_column][\/vc_row][vc_row css_animation=&#8221;&#8221; row_type=&#8221;row&#8221; use_row_as_full_screen_section=&#8221;no&#8221; type=&#8221;grid&#8221; angled_section=&#8221;no&#8221; text_align=&#8221;left&#8221; background_image_as_pattern=&#8221;without_pattern&#8221; z_index=&#8221;&#8221; css=&#8221;.vc_custom_1564398618143{padding-top: 0px !important;padding-bottom: 0px !important;}&#8221;][vc_column][vc_column_text]<\/p>\n<h2 class=\"font-60 site-color\">Contacto<\/h2>\n<p>[\/vc_column_text][vc_empty_space height=&#8221;22px&#8221;][vc_row_inner row_type=&#8221;row&#8221; type=&#8221;full_width&#8221; text_align=&#8221;left&#8221; css_animation=&#8221;&#8221; el_class=&#8221;contact-row-2&#8243; css=&#8221;.vc_custom_1578928960843{padding-bottom: 20px !important;}&#8221;][vc_column_inner el_class=&#8221;contact-row-2-inner-1&#8243; width=&#8221;1\/2&#8243;][vc_column_text]<\/p>\n<div class=\" contact-info-box site-color\"><i class=\"fa fa-phone\" aria-hidden=\"true\"><\/i>Telefone: <strong>+34 915 50 77 00<\/strong><\/div>\n<div class=\" contact-info-box site-color\"><i class=\"fa fa-envelope-o\" aria-hidden=\"true\"><\/i> E-mail: <strong>marketing@lyntia.com<\/strong><\/div>\n<div class=\" contact-info-box site-color\"><i class=\"fa fa-map-marker\" aria-hidden=\"true\"><\/i>\u00a0Endere\u00e7o: <strong>Avenida de Bruselas 24, Planta 1, 28108 Alcobendas<\/strong><\/div>\n<p>[\/vc_column_text][vc_empty_space height=&#8221;42px&#8221;][vc_gmaps link=&#8221;#E-8_JTNDaWZyYW1lJTIwc3JjJTNEJTIyaHR0cHMlM0ElMkYlMkZ3d3cuZ29vZ2xlLmNvbSUyRm1hcHMlMkZlbWJlZCUzRnBiJTNEJTIxMW0xNCUyMTFtOCUyMTFtMyUyMTFkMTIxMzkuMzA0NDQ2NjgxODgxJTIxMmQtMy42ODY1OTAyJTIxM2Q0MC40NzkxMTE4JTIxM20yJTIxMWkxMDI0JTIxMmk3NjglMjE0ZjEzLjElMjEzbTMlMjExbTIlMjExczB4MCUyNTNBMHg2ZGEzZDc5ZDBlMzhlNWM5JTIxMnNseW50aWElMjE1ZTAlMjEzbTIlMjExc2VzJTIxMnNlcyUyMTR2MTU1NjU3NDU0ODM5OCUyMTVtMiUyMTFzZXMlMjEyc2VzJTIyJTIwd2lkdGglM0QlMjI0NTAlMjIlMjBoZWlnaHQlM0QlMjI2MDAlMjIlMjBmcmFtZWJvcmRlciUzRCUyMjAlMjIlMjBzdHlsZSUzRCUyMmJvcmRlciUzQTAlMjIlMjBhbGxvd2Z1bGxzY3JlZW4lM0UlM0MlMkZpZnJhbWUlM0U=&#8221; size=&#8221;100%&#8221;][\/vc_column_inner][vc_column_inner el_class=&#8221;contact-row2-col2&#8243; width=&#8221;1\/2&#8243;][vc_column_text]\n<div class=\"wpcf7 no-js\" id=\"wpcf7-f17514-o1\" lang=\"en-US\" dir=\"ltr\" data-wpcf7-id=\"17514\">\n<div class=\"screen-reader-response\"><p role=\"status\" aria-live=\"polite\" aria-atomic=\"true\"><\/p> <ul><\/ul><\/div>\n<form action=\"\/pt-pt\/wp-json\/wp\/v2\/pages\/17337#wpcf7-f17514-o1\" method=\"post\" class=\"wpcf7-form init\" aria-label=\"Contact form\" novalidate=\"novalidate\" data-status=\"init\">\n<fieldset class=\"hidden-fields-container\"><input type=\"hidden\" name=\"_wpcf7\" value=\"17514\" \/><input type=\"hidden\" name=\"_wpcf7_version\" value=\"6.1.5\" \/><input type=\"hidden\" name=\"_wpcf7_locale\" value=\"en_US\" \/><input type=\"hidden\" name=\"_wpcf7_unit_tag\" value=\"wpcf7-f17514-o1\" \/><input type=\"hidden\" name=\"_wpcf7_container_post\" value=\"0\" \/><input type=\"hidden\" name=\"_wpcf7_posted_data_hash\" value=\"\" \/><input type=\"hidden\" name=\"_wpcf7_recaptcha_response\" value=\"\" \/>\n<\/fieldset>\n<div class=\"form-box1\">\n    <div class=\"w-50\">\n        <label> Assunto\n    <span class=\"wpcf7-form-control-wrap\" data-name=\"subject\"><input size=\"40\" maxlength=\"400\" class=\"wpcf7-form-control wpcf7-text\" aria-invalid=\"false\" value=\"\" type=\"text\" name=\"subject\" \/><\/span> <\/label>\n    <\/div>\n    <div class=\"w-50\">\n       <label> Nome\n    <span class=\"wpcf7-form-control-wrap\" data-name=\"name-and-surname\"><input size=\"40\" maxlength=\"400\" class=\"wpcf7-form-control wpcf7-text\" aria-invalid=\"false\" value=\"\" type=\"text\" name=\"name-and-surname\" \/><\/span> <\/label>\n    <\/div>\n    <div class=\"w-100\">\n        <label> Em que podemos ajudar? *\n    <span class=\"wpcf7-form-control-wrap\" data-name=\"your-question\"><textarea cols=\"40\" rows=\"10\" maxlength=\"2000\" class=\"wpcf7-form-control wpcf7-textarea wpcf7-validates-as-required\" aria-required=\"true\" aria-invalid=\"false\" name=\"your-question\"><\/textarea><\/span> <\/label>\n    <\/div>\n    <div class=\"w-50\">\n        <label> Correio eletr\u00f3nico*\n    <span class=\"wpcf7-form-control-wrap\" data-name=\"email-address\"><input size=\"40\" maxlength=\"400\" class=\"wpcf7-form-control wpcf7-email wpcf7-validates-as-required wpcf7-text wpcf7-validates-as-email\" aria-required=\"true\" aria-invalid=\"false\" value=\"\" type=\"email\" name=\"email-address\" \/><\/span> <\/label>\n    <\/div>\n    <div class=\"w-50\">\n        <label> Telefone\n        <span class=\"wpcf7-form-control-wrap\" data-name=\"phone\"><input class=\"wpcf7-form-control wpcf7-number wpcf7-validates-as-number\" aria-invalid=\"false\" value=\"\" type=\"number\" name=\"phone\" \/><\/span> <\/label>\n    <\/div>\n    \n   <div class=\"form-text\">\n    <p>Prote\u00e7\u00e3o de dados: De acordo com o Regulamento (UE) 2016\/679 do Parlamento Europeu e do Conselho, de 27 de abril de 2016, e a Lei Org\u00e2nica 3\/2018, de 5 de dezembro, sobre Prote\u00e7\u00e3o de Dados Pessoais e Garantia dos Direitos Digitais, informamos que a Lyntia Networks S.A., como respons\u00e1vel pelo tratamento, tratar\u00e1 os seus dados para processar e responder \u00e0s suas solicita\u00e7\u00f5es de informa\u00e7\u00e3o, d\u00favidas, sugest\u00f5es ou reclama\u00e7\u00f5es apresentadas atrav\u00e9s dos formul\u00e1rios disponibilizados e dos meios de contacto indicados no site.\nInformamos que poder\u00e1 retirar o seu consentimento a qualquer momento, mas os tratamentos de dados realizados anteriormente at\u00e9 \u00e0 data da revoga\u00e7\u00e3o do seu consentimento continuar\u00e3o a ser v\u00e1lidos.\nPoder\u00e1 exercer os direitos de acesso, retifica\u00e7\u00e3o, exclus\u00e3o dos seus dados e reclamar junto da Autoridade de Controlo, tal como indicado nas informa\u00e7\u00f5es adicionais que est\u00e3o \u00e0 sua disposi\u00e7\u00e3o na: <a style=\"color: currentColor !important;\" class=\"link-policy-contact\" href=\"https:\/\/www.lyntia.com\/pt-pt\/politica-de-privacidade\/\">Pol\u00edtica de Privacidade<\/a>.<\/p><br>\n   <\/div>\n\n     \n \n    <div class=\"w-100 pos-left\" style=\"margin-top: 20px;\">\n        <input class=\"wpcf7-form-control wpcf7-submit has-spinner\" type=\"submit\" value=\"Enviar &gt;&gt;\" \/>\n    <\/div>\n<\/div><input type='hidden' class='wpcf7-pum' value='{\"closepopup\":false,\"closedelay\":0,\"openpopup\":false,\"openpopup_id\":0}' \/><div class=\"wpcf7-response-output\" aria-hidden=\"true\"><\/div>\n<\/form>\n<\/div>\n[\/vc_column_text][\/vc_column_inner][\/vc_row_inner][\/vc_column][\/vc_row]<\/p>\n<\/div>","protected":false},"excerpt":{"rendered":"<p>[vc_row css_animation=&#8221;&#8221; row_type=&#8221;row&#8221; use_row_as_full_screen_section=&#8221;no&#8221; type=&#8221;grid&#8221; angled_section=&#8221;no&#8221; text_align=&#8221;left&#8221; background_image_as_pattern=&#8221;without_pattern&#8221; z_index=&#8221;&#8221; el_class=&#8221;contact-us-row-1&#8243;][vc_column][vc_empty_space height=&#8221;140px&#8221; el_class=&#8221;contact-top-empty-space&#8221;][vc_empty_space height=&#8221;140px&#8221; el_class=&#8221;contact-top-empty-space&#8221;][vc_column_text] Contacto [\/vc_column_text][vc_empty_space height=&#8221;22px&#8221;][vc_column_text] A Lyntia em Espanha A Lyntia tem mais de 100 profissionais em Espanha nas diferentes \u00e1reas de neg\u00f3cio. Fale connosco e responderemos de forma r\u00e1pida a todas as suas necessidades. [\/vc_column_text][vc_empty_space height=&#8221;22px&#8221;][vc_column_text] Trabalhe connosco A Lyntia procura constantemente&#8230;<\/p>\n","protected":false},"author":6,"featured_media":0,"parent":0,"menu_order":0,"comment_status":"closed","ping_status":"closed","template":"full_width.php","meta":{"content-type":"","footnotes":""},"class_list":["post-17337","page","type-page","status-publish","hentry"],"yoast_head":"<!-- This site is optimized with the Yoast SEO plugin v27.3 - https:\/\/yoast.com\/product\/yoast-seo-wordpress\/ -->\n<title>Contacto - lyntia<\/title>\n<meta name=\"robots\" content=\"index, follow, max-snippet:-1, max-image-preview:large, max-video-preview:-1\" \/>\n<link rel=\"canonical\" href=\"https:\/\/www.lyntia.com\/pt-pt\/contacto\/\" \/>\n<meta property=\"og:locale\" content=\"pt_PT\" \/>\n<meta property=\"og:type\" content=\"article\" \/>\n<meta property=\"og:title\" content=\"Contacto - lyntia\" \/>\n<meta property=\"og:description\" content=\"[vc_row css_animation=&#8221;&#8221; row_type=&#8221;row&#8221; use_row_as_full_screen_section=&#8221;no&#8221; type=&#8221;grid&#8221; angled_section=&#8221;no&#8221; text_align=&#8221;left&#8221; background_image_as_pattern=&#8221;without_pattern&#8221; z_index=&#8221;&#8221; el_class=&#8221;contact-us-row-1&#8243;][vc_column][vc_empty_space height=&#8221;140px&#8221; el_class=&#8221;contact-top-empty-space&#8221;][vc_empty_space height=&#8221;140px&#8221; el_class=&#8221;contact-top-empty-space&#8221;][vc_column_text] Contacto [\/vc_column_text][vc_empty_space height=&#8221;22px&#8221;][vc_column_text] A Lyntia em Espanha A Lyntia tem mais de 100 profissionais em Espanha nas diferentes \u00e1reas de neg\u00f3cio. Fale connosco e responderemos de forma r\u00e1pida a todas as suas necessidades. [\/vc_column_text][vc_empty_space height=&#8221;22px&#8221;][vc_column_text] Trabalhe connosco A Lyntia procura constantemente...\" \/>\n<meta property=\"og:url\" content=\"https:\/\/www.lyntia.com\/pt-pt\/contacto\/\" \/>\n<meta property=\"og:site_name\" content=\"lyntia\" \/>\n<meta property=\"article:modified_time\" content=\"2024-04-08T13:19:39+00:00\" \/>\n<meta name=\"twitter:card\" content=\"summary_large_image\" \/>\n<meta name=\"twitter:label1\" content=\"Tempo estimado de leitura\" \/>\n\t<meta name=\"twitter:data1\" content=\"1 minuto\" \/>\n<script type=\"application\/ld+json\" class=\"yoast-schema-graph\">{\"@context\":\"https:\\\/\\\/schema.org\",\"@graph\":[{\"@type\":\"WebPage\",\"@id\":\"https:\\\/\\\/www.lyntia.com\\\/pt-pt\\\/contacto\\\/\",\"url\":\"https:\\\/\\\/www.lyntia.com\\\/pt-pt\\\/contacto\\\/\",\"name\":\"Contacto - lyntia\",\"isPartOf\":{\"@id\":\"https:\\\/\\\/www.lyntia.com\\\/#website\"},\"datePublished\":\"2024-03-06T12:13:21+00:00\",\"dateModified\":\"2024-04-08T13:19:39+00:00\",\"breadcrumb\":{\"@id\":\"https:\\\/\\\/www.lyntia.com\\\/pt-pt\\\/contacto\\\/#breadcrumb\"},\"inLanguage\":\"pt-PT\",\"potentialAction\":[{\"@type\":\"ReadAction\",\"target\":[\"https:\\\/\\\/www.lyntia.com\\\/pt-pt\\\/contacto\\\/\"]}]},{\"@type\":\"BreadcrumbList\",\"@id\":\"https:\\\/\\\/www.lyntia.com\\\/pt-pt\\\/contacto\\\/#breadcrumb\",\"itemListElement\":[{\"@type\":\"ListItem\",\"position\":1,\"name\":\"Home\",\"item\":\"https:\\\/\\\/www.lyntia.com\\\/pt-pt\\\/\"},{\"@type\":\"ListItem\",\"position\":2,\"name\":\"Contacto\"}]},{\"@type\":\"WebSite\",\"@id\":\"https:\\\/\\\/www.lyntia.com\\\/#website\",\"url\":\"https:\\\/\\\/www.lyntia.com\\\/\",\"name\":\"lyntia\",\"description\":\"A Digital Company\",\"potentialAction\":[{\"@type\":\"SearchAction\",\"target\":{\"@type\":\"EntryPoint\",\"urlTemplate\":\"https:\\\/\\\/www.lyntia.com\\\/?s={search_term_string}\"},\"query-input\":{\"@type\":\"PropertyValueSpecification\",\"valueRequired\":true,\"valueName\":\"search_term_string\"}}],\"inLanguage\":\"pt-PT\"}]}<\/script>\n<!-- \/ Yoast SEO plugin. -->","yoast_head_json":{"title":"Contacto - lyntia","robots":{"index":"index","follow":"follow","max-snippet":"max-snippet:-1","max-image-preview":"max-image-preview:large","max-video-preview":"max-video-preview:-1"},"canonical":"https:\/\/www.lyntia.com\/pt-pt\/contacto\/","og_locale":"pt_PT","og_type":"article","og_title":"Contacto - lyntia","og_description":"[vc_row css_animation=&#8221;&#8221; row_type=&#8221;row&#8221; use_row_as_full_screen_section=&#8221;no&#8221; type=&#8221;grid&#8221; angled_section=&#8221;no&#8221; text_align=&#8221;left&#8221; background_image_as_pattern=&#8221;without_pattern&#8221; z_index=&#8221;&#8221; el_class=&#8221;contact-us-row-1&#8243;][vc_column][vc_empty_space height=&#8221;140px&#8221; el_class=&#8221;contact-top-empty-space&#8221;][vc_empty_space height=&#8221;140px&#8221; el_class=&#8221;contact-top-empty-space&#8221;][vc_column_text] Contacto [\/vc_column_text][vc_empty_space height=&#8221;22px&#8221;][vc_column_text] A Lyntia em Espanha A Lyntia tem mais de 100 profissionais em Espanha nas diferentes \u00e1reas de neg\u00f3cio. Fale connosco e responderemos de forma r\u00e1pida a todas as suas necessidades. [\/vc_column_text][vc_empty_space height=&#8221;22px&#8221;][vc_column_text] Trabalhe connosco A Lyntia procura constantemente...","og_url":"https:\/\/www.lyntia.com\/pt-pt\/contacto\/","og_site_name":"lyntia","article_modified_time":"2024-04-08T13:19:39+00:00","twitter_card":"summary_large_image","twitter_misc":{"Tempo estimado de leitura":"1 minuto"},"schema":{"@context":"https:\/\/schema.org","@graph":[{"@type":"WebPage","@id":"https:\/\/www.lyntia.com\/pt-pt\/contacto\/","url":"https:\/\/www.lyntia.com\/pt-pt\/contacto\/","name":"Contacto - lyntia","isPartOf":{"@id":"https:\/\/www.lyntia.com\/#website"},"datePublished":"2024-03-06T12:13:21+00:00","dateModified":"2024-04-08T13:19:39+00:00","breadcrumb":{"@id":"https:\/\/www.lyntia.com\/pt-pt\/contacto\/#breadcrumb"},"inLanguage":"pt-PT","potentialAction":[{"@type":"ReadAction","target":["https:\/\/www.lyntia.com\/pt-pt\/contacto\/"]}]},{"@type":"BreadcrumbList","@id":"https:\/\/www.lyntia.com\/pt-pt\/contacto\/#breadcrumb","itemListElement":[{"@type":"ListItem","position":1,"name":"Home","item":"https:\/\/www.lyntia.com\/pt-pt\/"},{"@type":"ListItem","position":2,"name":"Contacto"}]},{"@type":"WebSite","@id":"https:\/\/www.lyntia.com\/#website","url":"https:\/\/www.lyntia.com\/","name":"lyntia","description":"A Digital Company","potentialAction":[{"@type":"SearchAction","target":{"@type":"EntryPoint","urlTemplate":"https:\/\/www.lyntia.com\/?s={search_term_string}"},"query-input":{"@type":"PropertyValueSpecification","valueRequired":true,"valueName":"search_term_string"}}],"inLanguage":"pt-PT"}]}},"rttpg_featured_image_url":null,"rttpg_author":{"display_name":"spane","author_link":"https:\/\/www.lyntia.com\/pt-pt\/author\/spane\/"},"rttpg_comment":0,"rttpg_category":" <a href=\"https:\/\/www.lyntia.com\/pt-pt\/?taxonomy=translation_priority&#038;term=opcional-pt-pt\" rel=\"tag\">Opcional<\/a>","rttpg_excerpt":"[vc_row css_animation=&#8221;&#8221; row_type=&#8221;row&#8221; use_row_as_full_screen_section=&#8221;no&#8221; type=&#8221;grid&#8221; angled_section=&#8221;no&#8221; text_align=&#8221;left&#8221; background_image_as_pattern=&#8221;without_pattern&#8221; z_index=&#8221;&#8221; el_class=&#8221;contact-us-row-1&#8243;][vc_column][vc_empty_space height=&#8221;140px&#8221; el_class=&#8221;contact-top-empty-space&#8221;][vc_empty_space height=&#8221;140px&#8221; el_class=&#8221;contact-top-empty-space&#8221;][vc_column_text] Contacto [\/vc_column_text][vc_empty_space height=&#8221;22px&#8221;][vc_column_text] A Lyntia em Espanha A Lyntia tem mais de 100 profissionais em Espanha nas diferentes \u00e1reas de neg\u00f3cio. Fale connosco e responderemos de forma r\u00e1pida a todas as suas necessidades. [\/vc_column_text][vc_empty_space height=&#8221;22px&#8221;][vc_column_text] Trabalhe connosco A Lyntia procura constantemente...","_links":{"self":[{"href":"https:\/\/www.lyntia.com\/pt-pt\/wp-json\/wp\/v2\/pages\/17337","targetHints":{"allow":["GET"]}}],"collection":[{"href":"https:\/\/www.lyntia.com\/pt-pt\/wp-json\/wp\/v2\/pages"}],"about":[{"href":"https:\/\/www.lyntia.com\/pt-pt\/wp-json\/wp\/v2\/types\/page"}],"author":[{"embeddable":true,"href":"https:\/\/www.lyntia.com\/pt-pt\/wp-json\/wp\/v2\/users\/6"}],"replies":[{"embeddable":true,"href":"https:\/\/www.lyntia.com\/pt-pt\/wp-json\/wp\/v2\/comments?post=17337"}],"version-history":[{"count":0,"href":"https:\/\/www.lyntia.com\/pt-pt\/wp-json\/wp\/v2\/pages\/17337\/revisions"}],"wp:attachment":[{"href":"https:\/\/www.lyntia.com\/pt-pt\/wp-json\/wp\/v2\/media?parent=17337"}],"curies":[{"name":"wp","href":"https:\/\/api.w.org\/{rel}","templated":true}]}}